{"id":98,"date":"2012-06-09T00:03:26","date_gmt":"2012-06-09T00:03:26","guid":{"rendered":"http:\/\/www.muzeum-niepodleglosci.home.pl\/pawiak\/?page_id=98"},"modified":"2012-06-21T22:15:26","modified_gmt":"2012-06-21T20:15:26","slug":"dni-pamieci-pawiaka-2011","status":"publish","type":"page","link":"http:\/\/archiwum.muzeum-niepodleglosci.pl\/pawiak\/wydarzenia-2\/dni-pamieci-pawiaka\/dni-pamieci-pawiaka-2011\/","title":{"rendered":"Dni Pami\u0119ci Pawiaka 2011"},"content":{"rendered":"<p>Dni Pami\u0119ci Pawiaka 27- 30 wrze\u015bnia 2011 jak co roku zgromadzi\u0142y du\u017c\u0105 liczb\u0119 go\u015bci, g\u0142\u00f3wnie m\u0142odzie\u017cy licealnej. Mogli oni wys\u0142ucha\u0107 wyk\u0142ad\u00f3w znanych historyk\u00f3w i spotka\u0107 si\u0119 ze \u015bwiadkami historii \u2013 by\u0142ymi wi\u0119\u017aniami Pawiaka. Zw\u0142aszcza to ostatnie do\u015bwiadczenie by\u0142o szczeg\u00f3lnie wa\u017cne dla m\u0142odych ludzi, kt\u00f3rzy z zapartym tchem s\u0142uchali opowie\u015bci Krystyny Tarasiewicz, Lecha Zab\u0142ockiego, Henryka Wasilewskiego oraz Jerzego Kowalewskiego. Niemniej interesuj\u0105ce by\u0142y wyk\u0142ady \u2013 mgr Juliana Borkowskiego pt. \u201eHarcerze z chor\u0105gwi warszawskiej Szarych Szereg\u00f3w Ul Wis\u0142a wi\u0119\u017aniowie Pawiaka \u2013 ofiary niemieckich zbrodni w latach 1940-1944\u201d, po\u0142\u0105czony z prezentacj\u0105 multimedialn\u0105, mgr Tomasza Stempowskiego pt. \u201ePodludzie, bandyci, bestie. Obraz Polak\u00f3w i \u017byd\u00f3w na niemieckich fotografiach z okresu okupacji nazistowskiej\u201d wzbogacony o pokaz zdj\u0119\u0107 oraz Jana Jagielskiego pt. \u201ePawiak a spo\u0142eczno\u015b\u0107 \u017cydowska okupowanej Warszawy\u201d.<\/p>\n<p>Tradycyjnie prezentowany by\u0142 r\u00f3wnie\u017c nowy program artystyczny pt. \u201eBy\u0142e\u015b jak wielkie stare drzewo, narodzie m\u00f3j\u201d w<em> <\/em> re\u017cyserii Marii Reif w wykonaniu: Marii Reif, Jacka Pacochy i przy akompaniamencie Paw\u0142a Wachowskiego (puzon) z Zespo\u0142u Reprezentacyjnego Wojska Polskiego.<\/p>\n<p>Dni Pami\u0119ci Pawiaka 2011 zwie\u0144czy\u0142 uroczysty koncert muzyczny w ho\u0142dzie ofiarom II wojny \u015bwiatowej w siedzibie Muzeum Niepodleg\u0142o\u015bci w Warszawie. Z tej okazji dzieci i nauczycielki ze Szko\u0142y Podstawowej nr 210 im. Bohater\u00f3w Pawiaka przygotowa\u0142y przedstawienie pt. \u201eSpotkanie z histori\u0105\u201d. Spektakl dostarczy\u0142 wielu wzrusze\u0144 zgromadzonym go\u015bciom i by\u0142 gromko oklaskiwany. W drugiej cz\u0119\u015bci koncertu zatytu\u0142owanej \u201eZnika\u0142y \u015blady i znaki \u2013 Pawiak przetrwa\u0142 w pami\u0119ci\u201d wyst\u0105pili aktorka Maria Reif, kt\u00f3ra czyta\u0142a fragmenty artyku\u0142\u00f3w z powojennej prasy na temat upami\u0119tnienia Pawiaka oraz Aleksandra Okrasa\u2013Wachowska (sopran liryczny), kt\u00f3ra przy akompaniamencie Wojciecha Trzeciaka (fortepian) w spos\u00f3b brawurowy wykona\u0142a warszawskie piosenki z repertuaru Ireny Santor, Anny German i Mieczys\u0142awa Fogga.<\/p>\n","protected":false},"excerpt":{"rendered":"<p>Dni Pami\u0119ci Pawiaka 27- 30 wrze\u015bnia 2011 jak co roku zgromadzi\u0142y du\u017c\u0105 liczb\u0119 go\u015bci, g\u0142\u00f3wnie m\u0142odzie\u017cy licealnej. Mogli oni wys\u0142ucha\u0107 wyk\u0142ad\u00f3w znanych historyk\u00f3w i spotka\u0107 si\u0119 ze \u015bwiadkami historii \u2013 by\u0142ymi wi\u0119\u017aniami Pawiaka. Zw\u0142aszcza to ostatnie do\u015bwiadczenie by\u0142o szczeg\u00f3lnie wa\u017cne &hellip; <a href=\"http:\/\/archiwum.muzeum-niepodleglosci.pl\/pawiak\/wydarzenia-2\/dni-pamieci-pawiaka\/dni-pamieci-pawiaka-2011\/\">Czytaj dalej <span class=\"meta-nav\">&rarr;<\/span><\/a><\/p>\n","protected":false},"author":1,"featured_media":0,"parent":94,"menu_order":0,"comment_status":"open","ping_status":"open","template":"","meta":{"ngg_post_thumbnail":0},"aioseo_notices":[],"_links":{"self":[{"href":"http:\/\/archiwum.muzeum-niepodleglosci.pl\/pawiak\/wp-json\/wp\/v2\/pages\/98"}],"collection":[{"href":"http:\/\/archiwum.muzeum-niepodleglosci.pl\/pawiak\/wp-json\/wp\/v2\/pages"}],"about":[{"href":"http:\/\/archiwum.muzeum-niepodleglosci.pl\/pawiak\/wp-json\/wp\/v2\/types\/page"}],"author":[{"embeddable":true,"href":"http:\/\/archiwum.muzeum-niepodleglosci.pl\/pawiak\/wp-json\/wp\/v2\/users\/1"}],"replies":[{"embeddable":true,"href":"http:\/\/archiwum.muzeum-niepodleglosci.pl\/pawiak\/wp-json\/wp\/v2\/comments?post=98"}],"version-history":[{"count":3,"href":"http:\/\/archiwum.muzeum-niepodleglosci.pl\/pawiak\/wp-json\/wp\/v2\/pages\/98\/revisions"}],"predecessor-version":[{"id":346,"href":"http:\/\/archiwum.muzeum-niepodleglosci.pl\/pawiak\/wp-json\/wp\/v2\/pages\/98\/revisions\/346"}],"up":[{"embeddable":true,"href":"http:\/\/archiwum.muzeum-niepodleglosci.pl\/pawiak\/wp-json\/wp\/v2\/pages\/94"}],"wp:attachment":[{"href":"http:\/\/archiwum.muzeum-niepodleglosci.pl\/pawiak\/wp-json\/wp\/v2\/media?parent=98"}],"curies":[{"name":"wp","href":"https:\/\/api.w.org\/{rel}","templated":true}]}}