{"id":87,"date":"2012-06-08T23:58:01","date_gmt":"2012-06-08T23:58:01","guid":{"rendered":"http:\/\/www.muzeum-niepodleglosci.home.pl\/pawiak\/?page_id=87"},"modified":"2012-06-21T22:10:56","modified_gmt":"2012-06-21T20:10:56","slug":"noc-muzeow-2011","status":"publish","type":"page","link":"http:\/\/archiwum.muzeum-niepodleglosci.pl\/pawiak\/wydarzenia-2\/noc-muzeow\/noc-muzeow-2011\/","title":{"rendered":"Noc Muze\u00f3w 2011"},"content":{"rendered":"<p align=\"JUSTIFY\"><span style=\"font-family: Calibri,sans-serif;\"><span style=\"font-size: medium;\">W \u201eNoc Muze\u00f3w 2011\u201d Muzeum Wi\u0119zienia Pawiak odwiedzi\u0142o 2240 os\u00f3b. Opr\u00f3cz zwiedzania sta\u0142ej ekspozycji wewn\u0105trz Muzeum, przygotowali\u015bmy program literacko-muzyczny pt. \u201ePAWIAK \u2013 FUNDAMENT PAMI\u0118CI\u201d w re\u017c. Marii Reif, oparty na wybranych tekstach literackich, kt\u00f3re powsta\u0142y w murach Pawiaka w czasie okupacji oraz wybranych utworach muzyki klasycznej. Program artystyczny dzieli\u0142 si\u0119 na \u201eOds\u0142ony\u201d i \u201eImpresje\u201d. <\/span><\/span><\/p>\n<p align=\"JUSTIFY\"><span style=\"font-family: Calibri,sans-serif;\"><span style=\"font-size: x-small;\"><span style=\"font-size: medium;\">W programie wzi\u0119li udzia\u0142 arty\u015bci: M. Reif \u2013 aktorka, Jacek Pacocha \u2013 aktor, Dorota Szczepa\u0144ska \u2013 sopran oraz Andrzej G\u0119bski \u2013 skrzypce. Otoczenie Pomnika Pawiackiego Drzewa wraz z ca\u0142ym terenem dziedzi\u0144ca zewn\u0119trznego od strony ul. Dzielnej by\u0142o zaaran\u017cowane iluminacyjnie przez specjalnie do tego celu przygotowane o\u015bwietlenie. W przestrzeni p\u0142yt pami\u0105tkowych oraz pomnika drzewa zapalili\u015bmy znicze pami\u0119ci. Dodatkow\u0105 atrakcj\u0105 by\u0142 udzia\u0142 rekonstruktor\u00f3w ze Stowarzyszenia Rekonstrukcji Historycznej \u201eAufkl\u00e4rungsabteilung 7 der 4. Panzer Division\u201d, \u201eGregor Pu\u0142awy\u201d oraz Stowarzyszenia Historycznego \u201eKotwica\u201d, kt\u00f3rzy przebrani za \u017co\u0142nierzy Wehrmachtu oraz granatowego policjanta z okresu okupacji niemieckiej 1939-1944 \u201epatrolowali\u201d okolice Muzeum i zach\u0119cali do zwiedzenia ekspozycji. Dodatkowo rekonstruktorzy rozdawali zwiedzaj\u0105cym broszurk\u0119 stylizowan\u0105 na \u201eBiuletyn Informacyjny\u201d, kt\u00f3ry wychodzi\u0142 w czasie okupacji, z informacj\u0105 o historii Pawiaka i programie \u201eNocy Muze\u00f3w\u201d.<\/span> <\/span><\/span><\/p>\n","protected":false},"excerpt":{"rendered":"<p>W \u201eNoc Muze\u00f3w 2011\u201d Muzeum Wi\u0119zienia Pawiak odwiedzi\u0142o 2240 os\u00f3b. Opr\u00f3cz zwiedzania sta\u0142ej ekspozycji wewn\u0105trz Muzeum, przygotowali\u015bmy program literacko-muzyczny pt. \u201ePAWIAK \u2013 FUNDAMENT PAMI\u0118CI\u201d w re\u017c. Marii Reif, oparty na wybranych tekstach literackich, kt\u00f3re powsta\u0142y w murach Pawiaka w czasie &hellip; <a href=\"http:\/\/archiwum.muzeum-niepodleglosci.pl\/pawiak\/wydarzenia-2\/noc-muzeow\/noc-muzeow-2011\/\">Czytaj dalej <span class=\"meta-nav\">&rarr;<\/span><\/a><\/p>\n","protected":false},"author":1,"featured_media":0,"parent":81,"menu_order":0,"comment_status":"open","ping_status":"open","template":"","meta":{"ngg_post_thumbnail":0},"aioseo_notices":[],"_links":{"self":[{"href":"http:\/\/archiwum.muzeum-niepodleglosci.pl\/pawiak\/wp-json\/wp\/v2\/pages\/87"}],"collection":[{"href":"http:\/\/archiwum.muzeum-niepodleglosci.pl\/pawiak\/wp-json\/wp\/v2\/pages"}],"about":[{"href":"http:\/\/archiwum.muzeum-niepodleglosci.pl\/pawiak\/wp-json\/wp\/v2\/types\/page"}],"author":[{"embeddable":true,"href":"http:\/\/archiwum.muzeum-niepodleglosci.pl\/pawiak\/wp-json\/wp\/v2\/users\/1"}],"replies":[{"embeddable":true,"href":"http:\/\/archiwum.muzeum-niepodleglosci.pl\/pawiak\/wp-json\/wp\/v2\/comments?post=87"}],"version-history":[{"count":3,"href":"http:\/\/archiwum.muzeum-niepodleglosci.pl\/pawiak\/wp-json\/wp\/v2\/pages\/87\/revisions"}],"predecessor-version":[{"id":344,"href":"http:\/\/archiwum.muzeum-niepodleglosci.pl\/pawiak\/wp-json\/wp\/v2\/pages\/87\/revisions\/344"}],"up":[{"embeddable":true,"href":"http:\/\/archiwum.muzeum-niepodleglosci.pl\/pawiak\/wp-json\/wp\/v2\/pages\/81"}],"wp:attachment":[{"href":"http:\/\/archiwum.muzeum-niepodleglosci.pl\/pawiak\/wp-json\/wp\/v2\/media?parent=87"}],"curies":[{"name":"wp","href":"https:\/\/api.w.org\/{rel}","templated":true}]}}