{"id":85,"date":"2012-06-08T23:57:23","date_gmt":"2012-06-08T23:57:23","guid":{"rendered":"http:\/\/www.muzeum-niepodleglosci.home.pl\/pawiak\/?page_id=85"},"modified":"2012-06-21T22:09:54","modified_gmt":"2012-06-21T20:09:54","slug":"noc-muzeow-2010","status":"publish","type":"page","link":"http:\/\/archiwum.muzeum-niepodleglosci.pl\/pawiak\/wydarzenia-2\/noc-muzeow\/noc-muzeow-2010\/","title":{"rendered":"Noc Muze\u00f3w 2010"},"content":{"rendered":"<p align=\"JUSTIFY\">Od 2009 roku Muzeum uczestniczy w \u201eNocy Muze\u00f3w\u201d, staraj\u0105c si\u0119 stworzy\u0107 atrakcyjn\u0105 ofert\u0119 dla zwiedzaj\u0105cych. W 2010 roku opr\u00f3cz zwiedzania wystawy, mo\u017cna by\u0142o wys\u0142ucha\u0107 spektaklu pt. \u201eKorzenie pami\u0119ci \u2013 li\u015bcie nadziei\u201d, kt\u00f3ry odby\u0142 si\u0119 dwukrotnie na zewn\u0119trznym dziedzi\u0144cu Muzeum, od strony ul. Dzielnej. Na przedstawieniu recytowano wiersze i fragmenty wspomnie\u0144 by\u0142ych wi\u0119\u017ani\u00f3w z towarzyszeniem muzyki F. Chopina, J. Brahmsa i J. S. Bacha, kt\u00f3ra by\u0142a wykonywana przez pianist\u0119 na \u017cywo, na instrumencie ustawionym bezpo\u015brednio na wi\u0119ziennym bruku. Opr\u00f3cz spektaklu zaprosili\u015bmy naszych go\u015bci do wys\u0142uchania mini koncertu fortepianowego w wykonaniu m\u0142odego, bardzo utalentowanego pianisty Macieja Woty. Dodatkow\u0105 atrakcj\u0105 by\u0142 udzia\u0142 dw\u00f3ch rekonstruktor\u00f3w ze Stowarzyszenia Rekonstrukcji Historycznej \u201eAufkl\u00e4rungsabteilung 7 der 4. Panzer Division\u201d, kt\u00f3rzy przebrani za \u017co\u0142nierzy Wermachtu z okresu okupacji niemieckiej \u201epatrolowali\u201d okolice Muzeum i w swoim historycznym umundurowaniu zbudzali \u017cywe zainteresowanie ze strony spaceruj\u0105cych warszawiak\u00f3w i zach\u0119cali do odwiedzenia naszego Muzeum.<\/p>\n","protected":false},"excerpt":{"rendered":"<p>Od 2009 roku Muzeum uczestniczy w \u201eNocy Muze\u00f3w\u201d, staraj\u0105c si\u0119 stworzy\u0107 atrakcyjn\u0105 ofert\u0119 dla zwiedzaj\u0105cych. W 2010 roku opr\u00f3cz zwiedzania wystawy, mo\u017cna by\u0142o wys\u0142ucha\u0107 spektaklu pt. \u201eKorzenie pami\u0119ci \u2013 li\u015bcie nadziei\u201d, kt\u00f3ry odby\u0142 si\u0119 dwukrotnie na zewn\u0119trznym dziedzi\u0144cu Muzeum, od &hellip; <a href=\"http:\/\/archiwum.muzeum-niepodleglosci.pl\/pawiak\/wydarzenia-2\/noc-muzeow\/noc-muzeow-2010\/\">Czytaj dalej <span class=\"meta-nav\">&rarr;<\/span><\/a><\/p>\n","protected":false},"author":1,"featured_media":0,"parent":81,"menu_order":0,"comment_status":"open","ping_status":"open","template":"","meta":{"ngg_post_thumbnail":0},"aioseo_notices":[],"_links":{"self":[{"href":"http:\/\/archiwum.muzeum-niepodleglosci.pl\/pawiak\/wp-json\/wp\/v2\/pages\/85"}],"collection":[{"href":"http:\/\/archiwum.muzeum-niepodleglosci.pl\/pawiak\/wp-json\/wp\/v2\/pages"}],"about":[{"href":"http:\/\/archiwum.muzeum-niepodleglosci.pl\/pawiak\/wp-json\/wp\/v2\/types\/page"}],"author":[{"embeddable":true,"href":"http:\/\/archiwum.muzeum-niepodleglosci.pl\/pawiak\/wp-json\/wp\/v2\/users\/1"}],"replies":[{"embeddable":true,"href":"http:\/\/archiwum.muzeum-niepodleglosci.pl\/pawiak\/wp-json\/wp\/v2\/comments?post=85"}],"version-history":[{"count":3,"href":"http:\/\/archiwum.muzeum-niepodleglosci.pl\/pawiak\/wp-json\/wp\/v2\/pages\/85\/revisions"}],"predecessor-version":[{"id":342,"href":"http:\/\/archiwum.muzeum-niepodleglosci.pl\/pawiak\/wp-json\/wp\/v2\/pages\/85\/revisions\/342"}],"up":[{"embeddable":true,"href":"http:\/\/archiwum.muzeum-niepodleglosci.pl\/pawiak\/wp-json\/wp\/v2\/pages\/81"}],"wp:attachment":[{"href":"http:\/\/archiwum.muzeum-niepodleglosci.pl\/pawiak\/wp-json\/wp\/v2\/media?parent=85"}],"curies":[{"name":"wp","href":"https:\/\/api.w.org\/{rel}","templated":true}]}}