{"id":81,"date":"2012-06-08T23:54:30","date_gmt":"2012-06-08T23:54:30","guid":{"rendered":"http:\/\/www.muzeum-niepodleglosci.home.pl\/pawiak\/?page_id=81"},"modified":"2012-06-21T22:08:46","modified_gmt":"2012-06-21T20:08:46","slug":"noc-muzeow","status":"publish","type":"page","link":"http:\/\/archiwum.muzeum-niepodleglosci.pl\/pawiak\/wydarzenia-2\/noc-muzeow\/","title":{"rendered":"Noc Muze\u00f3w"},"content":{"rendered":"<ul>\n<li><a title=\"Noc Muze\u00f3w 2012\" href=\"http:\/\/www.muzeum-niepodleglosci.home.pl\/pawiak\/wydarzenia-2\/noc-muzeow\/noc-muzeow-2012\/\" target=\"_blank\">Noc muze\u00f3w 2012<\/a><\/li>\n<\/ul>\n<ul>\n<li><a title=\"Noc Muze\u00f3w 2011\" href=\"http:\/\/www.muzeum-niepodleglosci.home.pl\/pawiak\/wydarzenia-2\/noc-muzeow\/noc-muzeow-2011\/\" target=\"_blank\">Noc muze\u00f3w 2011<\/a><\/li>\n<\/ul>\n<ul>\n<li><a title=\"Noc Muze\u00f3w 2010\" href=\"http:\/\/www.muzeum-niepodleglosci.home.pl\/pawiak\/wydarzenia-2\/noc-muzeow\/noc-muzeow-2010\/\" target=\"_blank\">Noc muze\u00f3w 2010<\/a><\/li>\n<\/ul>\n","protected":false},"excerpt":{"rendered":"<p>Noc muze\u00f3w 2012 Noc muze\u00f3w 2011 Noc muze\u00f3w 2010<\/p>\n","protected":false},"author":1,"featured_media":0,"parent":76,"menu_order":1,"comment_status":"open","ping_status":"open","template":"","meta":{"ngg_post_thumbnail":0},"aioseo_notices":[],"_links":{"self":[{"href":"http:\/\/archiwum.muzeum-niepodleglosci.pl\/pawiak\/wp-json\/wp\/v2\/pages\/81"}],"collection":[{"href":"http:\/\/archiwum.muzeum-niepodleglosci.pl\/pawiak\/wp-json\/wp\/v2\/pages"}],"about":[{"href":"http:\/\/archiwum.muzeum-niepodleglosci.pl\/pawiak\/wp-json\/wp\/v2\/types\/page"}],"author":[{"embeddable":true,"href":"http:\/\/archiwum.muzeum-niepodleglosci.pl\/pawiak\/wp-json\/wp\/v2\/users\/1"}],"replies":[{"embeddable":true,"href":"http:\/\/archiwum.muzeum-niepodleglosci.pl\/pawiak\/wp-json\/wp\/v2\/comments?post=81"}],"version-history":[{"count":5,"href":"http:\/\/archiwum.muzeum-niepodleglosci.pl\/pawiak\/wp-json\/wp\/v2\/pages\/81\/revisions"}],"predecessor-version":[{"id":83,"href":"http:\/\/archiwum.muzeum-niepodleglosci.pl\/pawiak\/wp-json\/wp\/v2\/pages\/81\/revisions\/83"}],"up":[{"embeddable":true,"href":"http:\/\/archiwum.muzeum-niepodleglosci.pl\/pawiak\/wp-json\/wp\/v2\/pages\/76"}],"wp:attachment":[{"href":"http:\/\/archiwum.muzeum-niepodleglosci.pl\/pawiak\/wp-json\/wp\/v2\/media?parent=81"}],"curies":[{"name":"wp","href":"https:\/\/api.w.org\/{rel}","templated":true}]}}