{"id":78,"date":"2012-06-08T23:52:03","date_gmt":"2012-06-08T23:52:03","guid":{"rendered":"http:\/\/www.muzeum-niepodleglosci.home.pl\/pawiak\/?page_id=78"},"modified":"2012-06-21T22:07:31","modified_gmt":"2012-06-21T20:07:31","slug":"strona-glowna","status":"publish","type":"page","link":"http:\/\/archiwum.muzeum-niepodleglosci.pl\/pawiak\/wydarzenia-2\/strona-glowna\/","title":{"rendered":"Apel"},"content":{"rendered":"<p style=\"text-align: justify;\" align=\"left\">Muzeum Wi\u0119zienia Pawiak zwraca si\u0119 z gor\u0105c\u0105 pro\u015bb\u0105, do wszystkich Pa\u0144stwa, kt\u00f3rzy posiadaj\u0105 informacje o by\u0142ych wi\u0119\u017aniach Pawiaka, o nadsy\u0142anie na adres Muzeum, notek biograficznych, opis\u00f3w okoliczno\u015bci aresztowania, pobytu na Pawiaku i w al. Szucha.<\/p>\n<p style=\"text-align: justify;\">Muzeum stale prowadzi badania i prace nad odtworzeniem kartoteki wi\u0119\u017ani\u00f3w (zniszczonej przez Niemc\u00f3w w 1944 r.). Pieczo\u0142owicie zbierane s\u0105 wszelkie dokumenty i informacje dotycz\u0105ce os\u00f3b przetrzymywanych na Pawiaku. Staramy si\u0119, aby pomimo up\u0142ywu czasu, przetrwa\u0142a pami\u0119\u0107 o ludziach wi\u0119zionych w tym miejscu.<\/p>\n<p style=\"text-align: justify;\">Niezwykle cenne s\u0105 dla nas zachowane pami\u0105tki z Pawiaka (np. grypsy, karty pocztowe, karty zwolnie\u0144 itp.), wi\u0119c je\u015bli posiadaj\u0105 Pa\u0144stwo jakie\u015b przedmioty tego typu, lub zdj\u0119cia z okresu okupacji dotycz\u0105ce wi\u0119\u017ani\u00f3w Pawiaka, zwracamy si\u0119 z gor\u0105c\u0105 pro\u015bb\u0105 o przekazanie ich do Muzeum lub umo\u017cliwienie nam wykonania kopii (odbitki).<\/p>\n<p style=\"text-align: justify;\">Wszelkie wspomnienia i pami\u0105tki by\u0142ych wi\u0119\u017ani\u00f3w s\u0105 przez nas starannie przechowywane, katalogowane, pomagaj\u0105 w odtworzeniu, tak wa\u017cnej dla Polak\u00f3w, historii Pawiaka oraz os\u00f3b w nim wi\u0119zionych. Dlatego te\u017c wdzi\u0119czni b\u0119dziemy, za wszelk\u0105 pomoc i wsp\u00f3\u0142prac\u0119 w dokumentowaniu i upami\u0119tnianiu dziej\u00f3w Wi\u0119zienia Pawiak.<\/p>\n<p style=\"text-align: justify;\">Jednocze\u015bnie informujemy, \u017ce Muzeum nie ponosi odpowiedzialno\u015bci za znajduj\u0105ce si\u0119 w internecie informacje o b. wi\u0119\u017aniach Pawiaka i Szucha. Strony te s\u0105 inicjatyw\u0105 prywatnych os\u00f3b i nie powstaj\u0105 w oparciu o dokumenty gromadzone przez Muzeum Wi\u0119zienia Pawiak.<\/p>\n","protected":false},"excerpt":{"rendered":"<p>Muzeum Wi\u0119zienia Pawiak zwraca si\u0119 z gor\u0105c\u0105 pro\u015bb\u0105, do wszystkich Pa\u0144stwa, kt\u00f3rzy posiadaj\u0105 informacje o by\u0142ych wi\u0119\u017aniach Pawiaka, o nadsy\u0142anie na adres Muzeum, notek biograficznych, opis\u00f3w okoliczno\u015bci aresztowania, pobytu na Pawiaku i w al. Szucha. Muzeum stale prowadzi badania i &hellip; <a href=\"http:\/\/archiwum.muzeum-niepodleglosci.pl\/pawiak\/wydarzenia-2\/strona-glowna\/\">Czytaj dalej <span class=\"meta-nav\">&rarr;<\/span><\/a><\/p>\n","protected":false},"author":1,"featured_media":0,"parent":76,"menu_order":1,"comment_status":"open","ping_status":"open","template":"","meta":{"ngg_post_thumbnail":0},"aioseo_notices":[],"_links":{"self":[{"href":"http:\/\/archiwum.muzeum-niepodleglosci.pl\/pawiak\/wp-json\/wp\/v2\/pages\/78"}],"collection":[{"href":"http:\/\/archiwum.muzeum-niepodleglosci.pl\/pawiak\/wp-json\/wp\/v2\/pages"}],"about":[{"href":"http:\/\/archiwum.muzeum-niepodleglosci.pl\/pawiak\/wp-json\/wp\/v2\/types\/page"}],"author":[{"embeddable":true,"href":"http:\/\/archiwum.muzeum-niepodleglosci.pl\/pawiak\/wp-json\/wp\/v2\/users\/1"}],"replies":[{"embeddable":true,"href":"http:\/\/archiwum.muzeum-niepodleglosci.pl\/pawiak\/wp-json\/wp\/v2\/comments?post=78"}],"version-history":[{"count":5,"href":"http:\/\/archiwum.muzeum-niepodleglosci.pl\/pawiak\/wp-json\/wp\/v2\/pages\/78\/revisions"}],"predecessor-version":[{"id":341,"href":"http:\/\/archiwum.muzeum-niepodleglosci.pl\/pawiak\/wp-json\/wp\/v2\/pages\/78\/revisions\/341"}],"up":[{"embeddable":true,"href":"http:\/\/archiwum.muzeum-niepodleglosci.pl\/pawiak\/wp-json\/wp\/v2\/pages\/76"}],"wp:attachment":[{"href":"http:\/\/archiwum.muzeum-niepodleglosci.pl\/pawiak\/wp-json\/wp\/v2\/media?parent=78"}],"curies":[{"name":"wp","href":"https:\/\/api.w.org\/{rel}","templated":true}]}}