{"id":74,"date":"2012-06-08T23:49:14","date_gmt":"2012-06-08T23:49:14","guid":{"rendered":"http:\/\/www.muzeum-niepodleglosci.home.pl\/pawiak\/?page_id=74"},"modified":"2012-08-07T12:18:12","modified_gmt":"2012-08-07T10:18:12","slug":"obiekt-miesiaca","status":"publish","type":"page","link":"http:\/\/archiwum.muzeum-niepodleglosci.pl\/pawiak\/muzealia\/obiekt-miesiaca\/","title":{"rendered":"Obiekt miesi\u0105ca"},"content":{"rendered":"<p style=\"text-align: justify;\"><strong><a href=\"http:\/\/www.muzeum-niepodleglosci.home.pl\/pawiak\/wp-content\/uploads\/2012\/06\/kot3.jpg\"><img decoding=\"async\" loading=\"lazy\" class=\"alignleft size-medium wp-image-500\" title=\"kot\" src=\"http:\/\/www.muzeum-niepodleglosci.home.pl\/pawiak\/wp-content\/uploads\/2012\/06\/kot3-242x300.jpg\" alt=\"\" width=\"242\" height=\"300\" srcset=\"http:\/\/archiwum.muzeum-niepodleglosci.pl\/pawiak\/wp-content\/uploads\/2012\/06\/kot3-242x300.jpg 242w, http:\/\/archiwum.muzeum-niepodleglosci.pl\/pawiak\/wp-content\/uploads\/2012\/06\/kot3.jpg 768w\" sizes=\"(max-width: 242px) 100vw, 242px\" \/><\/a>Kotek wykonany przez Alin\u0119 Paradowsk\u0105<\/strong> w celi ma\u0142olatek\u00a0 w 1942 roku, po kilkutygodniowej izolacji w siedzibie Gestapo w al. Szucha. Zawsze by\u0142 w zasi\u0119gu jej wzroku.<\/p>\n<p style=\"text-align: justify;\">Alin\u0119 Mari\u0119 Paradowsk\u0105 (1924 \u2013 2003), aresztowano 15 lipca 1942 roku w Weso\u0142ej k. Warszawy w zwi\u0105zku ze \u015bledztwem prowadzonym przez Gestapo w sprawie zlikwidowanego w mieszkaniu, w kt\u00f3rym przebywa\u0142a Alina konfidenta Zdzis\u0142awa Chyli\u0144skiego. Za spraw\u0105 donosiciela 6 lipca 1942 r. aresztowano oko\u0142o 10 os\u00f3b bior\u0105cych udzia\u0142 w zebraniu konspiracyjnym w warszawskim mieszkaniu matki Aliny \u2013 W\u0142adys\u0142awy Paradowskiej. Opr\u00f3cz matki w\u015br\u00f3d zatrzymanych znale\u017ali si\u0119: Kazimiera Muszy\u0144ska (babka), Boles\u0142aw Paradowski (brat), Leszek K\u0142osowski (kuzyn). Nikt z rodziny nie prze\u017cy\u0142.<\/p>\n<p style=\"text-align: justify;\"><a href=\"http:\/\/www.muzeum-niepodleglosci.home.pl\/pawiak\/wp-content\/uploads\/2012\/06\/AA70012.jpg\"><img decoding=\"async\" loading=\"lazy\" class=\"alignleft size-medium wp-image-501\" title=\"AA7001\" src=\"http:\/\/www.muzeum-niepodleglosci.home.pl\/pawiak\/wp-content\/uploads\/2012\/06\/AA70012-207x300.jpg\" alt=\"\" width=\"207\" height=\"300\" srcset=\"http:\/\/archiwum.muzeum-niepodleglosci.pl\/pawiak\/wp-content\/uploads\/2012\/06\/AA70012-207x300.jpg 207w, http:\/\/archiwum.muzeum-niepodleglosci.pl\/pawiak\/wp-content\/uploads\/2012\/06\/AA70012.jpg 709w\" sizes=\"(max-width: 207px) 100vw, 207px\" \/><\/a>Alink\u0119 osadzono w areszcie w Rembertowie i konfrontowano j\u0105 z ojcem zlikwidowanego konfidenta. Po kilku dniach zosta\u0142a przewieziona do siedziby Gestapo w al. Szucha, tam przez tydzie\u0144 przetrzymywano j\u0105 w celi \u201etramwaju\u201d. Wi\u0119\u017aniowie jako ca\u0142odzienne wy\u017cywienie otrzymywali \u00bc litra zupy-pomyj. Alinka z powodu zdenerwowania nie mog\u0142a je\u015b\u0107 wi\u0119c swoj\u0105 porcj\u0119 oddawa\u0142a najbardziej wychudzonym. Pomimo bicia i tortur 18-latka nie za\u0142ama\u0142a si\u0119, nie wyda\u0142a nikogo. Zamkni\u0119to j\u0105 w izolatce, natomiast w sierpniu przewieziono na Pawiak, gdzie r\u00f3wnie\u017c zosta\u0142a umieszczona w celi izolacyjnej z zakazem wysy\u0142ania list\u00f3w i otrzymywania paczek.<\/p>\n<p style=\"text-align: justify;\">\u00a0\u00a0\u00a0\u00a0\u00a0\u00a0\u00a0\u00a0\u00a0\u00a0\u00a0\u00a0 W listopadzie przeniesiono Alink\u0119 do celi tzw. \u201ema\u0142olatek\u201d, a nast\u0119pnie do celi funkcyjnej z przydzia\u0142em pracy w sklepiku wi\u0119ziennym (by\u0142 to punkt rozdzielania paczek otrzymywanych z Towarzystwa Opieki nad Wi\u0119\u017aniami \u201ePatronat\u201d). Przed transportem, kt\u00f3ry mia\u0142 miejsce 17 stycznia 1943 roku do KL Lublin\/Majdanek sklepik otrzyma\u0142 du\u017c\u0105 liczb\u0119 paczek z \u201ePatronatu\u201d. Opiekun sklepiku, wachmajster Fr\u00fchwirth, wstrzyma\u0142 wydawanie paczek. W ten spos\u00f3b Alinka zorientowa\u0142a si\u0119, \u017ce szykowany jest transport. Pomimo zakazu zapad\u0142a decyzja o rozdaniu paczek, kt\u00f3re by\u0142y teraz szczeg\u00f3lnie potrzebne wi\u0119\u017aniarkom. Odwa\u017cna dziewczyna, niemal\u017ce na oczach wachmajstra, przenios\u0142a tyle paczek ile mog\u0142a, przekazuj\u0105c jednocze\u015bnie wi\u0119\u017aniarkom informacj\u0119 o transporcie. Pozwoli\u0142o to niekt\u00f3rym na skompletowanie cieplejszego ubrania.<\/p>\n<p style=\"text-align: justify;\" align=\"center\">\u00a0\u00a0\u00a0\u00a0\u00a0\u00a0\u00a0\u00a0\u00a0\u00a0\u00a0 W dniu 17 stycznia 1943 roku zosta\u0142a wywieziona na Majdanek, stamt\u0105d do KL Ravensbr\u00fcck, nast\u0119pnie do komanda fabrycznego KL Buchenwald w Lipsku. W czerwcu 1945 roku powr\u00f3ci\u0142a do Polski. Zmar\u0142a 28 wrze\u015bnia 2003 roku.<\/p>\n<p style=\"text-align: justify;\" align=\"center\"><strong>Kamila \u017bukowska i japo\u0144ska lalka \u201eTajka Kiwa\u201d<\/strong><\/p>\n<p style=\"text-align: justify;\"><span style=\"color: #333333; font-style: normal; line-height: 24px;\">Kamila \u017bukowska urodzi\u0142a si\u0119 18 stycznia 1905 r., interesowa\u0142a si\u0119 kultur\u0105<\/span><span style=\"color: #333333; font-style: normal; line-height: 24px;\">\u00a0<\/span><strong>\u00a0<\/strong>japo\u0144sk\u0105 (posiada\u0142a kimono, wachlarz). Czu\u0142a si\u0119 podobna do Japonki w zachowaniu i wygl\u0105dzie (drobna figura, subtelne ruchy, czarne w\u0142osy). Bardzo lubi\u0142a oper\u0119, szczeg\u00f3lnie \u201eMadame Butterfly\u201d w wykonaniu Teiko Kiwa (\u015bpiewaczka z japo\u0144sko-holenderskiej rodziny), kt\u00f3r\u0105 obejrza\u0142a wielokrotnie. Wsp\u00f3lnie z m\u0119\u017cem Eugeniuszem i koleg\u0105 prowadzi\u0142a zak\u0142ad fryzjerski.<\/p>\n<p style=\"text-align: justify;\">Wraz z wybuchem II Wojny \u015awiatowej i zaj\u0119ciem Polski przez Niemc\u00f3w zacz\u0119\u0142a dzia\u0142a\u0107 w konspiracji, zosta\u0142a cz\u0142onkiem Zwi\u0105zku Walki Zbrojnej. W swoim zak\u0142adzie fryzjerskim potajemnie kopiowa\u0142a polsk\u0105 pras\u0119 podziemn\u0105. Niestety o konspiracyjnej dzia\u0142alno\u015bci Kamili dowiedzia\u0142 si\u0119 \u201ekolega\u201d, wsp\u00f3\u0142w\u0142a\u015bciciel zak\u0142adu, kt\u00f3ry okaza\u0142 si\u0119 informatorem Gestapo. W nocy z 18 na 19 czerwca 1940 r. Kamila \u017bukowska, jej m\u0105\u017c, siostry Irena Wilczy\u0144ska oraz Danuta Golenia wraz z m\u0119\u017cem zostali aresztowani i osadzeni na Pawiaku.<\/p>\n<p style=\"text-align: justify;\">Warunki egzystencji w wi\u0119zieniu by\u0142y bardzo ci\u0119\u017ckie, a charakteryzowa\u0142y si\u0119 przepe\u0142nieniem, zawszeniem cel, g\u0142odowymi racjami \u017cywno\u015bciowymi oraz sta\u0142ym zn\u0119caniem si\u0119 oraz szykanami ze strony niemieckich stra\u017cnik\u00f3w tzw. wachmajstr\u00f3w. Aby przezwyci\u0119\u017cy\u0107 udr\u0119ki codziennego, wi\u0119ziennego bytowania, przynajmniej na chwil\u0119 zapomnie\u0107 o gro\u017c\u0105cym zewsz\u0105d niebezpiecze\u0144stwie i \u015bmierci, wi\u0119\u017aniowie podejmowali r\u00f3\u017cnego rodzaju czynno\u015bci wedle w\u0142asnych uzdolnie\u0144 i zainteresowa\u0144, jak cho\u0107by lepili figurki szachowe czy r\u00f3\u017ca\u0144ce z chleba, haftowali serwetki b\u0105d\u017a robili pier\u015bcionki lub korale z r\u00f3\u017cnego rodzaju materia\u0142\u00f3w znalezionych w celi lub przemyconych w pawiackie mury przy pomocy polskiego personelu stra\u017cniczego, kt\u00f3ry na wszelkie sposoby ni\u00f3s\u0142 pomoc osadzonym.<\/p>\n<p style=\"text-align: justify;\">Obdarzona zdolno\u015bciami manualnymi Kamila \u017bukowska za przyk\u0142adem innych wi\u0119\u017ani\u00f3w r\u00f3wnie\u017c zacz\u0119\u0142a tworzy\u0107 r\u00f3\u017cnego rodzaju przedmioty, mi\u0119dzy innymi: lalki, figurki zwierz\u0105t i ludzi ze szmatek i sznurk\u00f3w, broszki i kwiaty. Spo\u015br\u00f3d rzeczy wykonanych przez Ni\u0105 na Pawiaku szczeg\u00f3lne miejsce zajmuje ma\u0142a japo\u0144ska lalka, kt\u00f3ra nast\u0119pnie wraz z do\u0142\u0105czonym listem zosta\u0142a przekazana rodzinie: \u201eMoja kochana Niutko. W ostatniej chwili wyko\u0144czy\u0142am dla Ciebie lalk\u0119. Japonka stoi, i postaw j\u0105 na fortepianie. Nazwij j\u0105 Teiko Kiwa.\u201d<\/p>\n<p style=\"text-align: justify;\">27 wrze\u015bnia 1941 r. Kamila zosta\u0142a wywieziona do obozu koncentracyjnego KL Ravensbr\u00fcck, 14 lutego 1942 powr\u00f3ci\u0142a na Pawiak, a 28 maja 1942 r. zgin\u0119\u0142a, zamordowana w masowej egzekucji w Magdalence k. Warszawy. Jej los podzieli\u0142 m\u0105\u017c Eugeniusz, kt\u00f3ry poni\u00f3s\u0142 \u015bmier\u0107 w obozie zag\u0142ady KL Auschwitz. Siostry i szwagra zwolniono.<\/p>\n<p style=\"text-align: justify;\">Lalka Japonka ocala\u0142a i znalaz\u0142a si\u0119 w posiadaniu bratanicy Kamili \u017bukowskiej, kt\u00f3ra zmieni\u0142a jej imi\u0119 z Teiko na Taika i w 1976 r. przekaza\u0142a do Muzeum Wi\u0119zienia Pawiak.<\/p>\n<p style=\"text-align: justify; padding-left: 30px;\"><strong><!-- index.php -->\n<div\n\tclass=\"ngg-galleryoverview ngg-ajax-pagination-none\"\n\tid=\"ngg-gallery-eed25774c1ab3ed7f4eba03d035078af-1\">\n\n    \t<div class=\"slideshowlink\">\n        <a href='http:\/\/archiwum.muzeum-niepodleglosci.pl\/pawiak\/muzealia\/obiekt-miesiaca\/nggallery\/slideshow'>[Pokaz zdj\u0119\u0107]<\/a>\n\t\t\n\t<\/div>\n\t\t\t<!-- Thumbnails -->\n\t\t\t\t<div id=\"ngg-image-0\" class=\"ngg-gallery-thumbnail-box\" >\n\t\t\t\t        <div class=\"ngg-gallery-thumbnail\">\n            <a href=\"http:\/\/archiwum.muzeum-niepodleglosci.pl\/pawiak\/wp-content\/gallery\/obiektmiesiaca\/japonka2.jpg\"\n               title=\"\"\n               data-src=\"http:\/\/archiwum.muzeum-niepodleglosci.pl\/pawiak\/wp-content\/gallery\/obiektmiesiaca\/japonka2.jpg\"\n               data-thumbnail=\"http:\/\/archiwum.muzeum-niepodleglosci.pl\/pawiak\/wp-content\/gallery\/obiektmiesiaca\/thumbs\/thumbs_japonka2.jpg\"\n               data-image-id=\"197\"\n               data-title=\"Kliknij aby powi\u0119kszy\u0107\"\n               data-description=\"\"\n               data-image-slug=\"kliknij-aby-powiekszyc-162\"\n               class=\"ngg-fancybox\" rel=\"eed25774c1ab3ed7f4eba03d035078af\">\n                <img\n                    title=\"Kliknij aby powi\u0119kszy\u0107\"\n                    alt=\"Kliknij aby powi\u0119kszy\u0107\"\n                    src=\"http:\/\/archiwum.muzeum-niepodleglosci.pl\/pawiak\/wp-content\/gallery\/obiektmiesiaca\/thumbs\/thumbs_japonka2.jpg\"\n                    width=\"100\"\n                    height=\"75\"\n                    style=\"max-width:100%;\"\n                \/>\n            <\/a>\n        <\/div>\n\t\t\t\t\t\t\t<\/div> \n\t\t\t\n        \n\t\t\t\t<div id=\"ngg-image-1\" class=\"ngg-gallery-thumbnail-box\" >\n\t\t\t\t        <div class=\"ngg-gallery-thumbnail\">\n            <a href=\"http:\/\/archiwum.muzeum-niepodleglosci.pl\/pawiak\/wp-content\/gallery\/obiektmiesiaca\/kamilazukowska.jpg\"\n               title=\"\"\n               data-src=\"http:\/\/archiwum.muzeum-niepodleglosci.pl\/pawiak\/wp-content\/gallery\/obiektmiesiaca\/kamilazukowska.jpg\"\n               data-thumbnail=\"http:\/\/archiwum.muzeum-niepodleglosci.pl\/pawiak\/wp-content\/gallery\/obiektmiesiaca\/thumbs\/thumbs_kamilazukowska.jpg\"\n               data-image-id=\"198\"\n               data-title=\"Kliknij aby powi\u0119kszy\u0107\"\n               data-description=\"\"\n               data-image-slug=\"kliknij-aby-powiekszyc-163\"\n               class=\"ngg-fancybox\" rel=\"eed25774c1ab3ed7f4eba03d035078af\">\n                <img\n                    title=\"Kliknij aby powi\u0119kszy\u0107\"\n                    alt=\"Kliknij aby powi\u0119kszy\u0107\"\n                    src=\"http:\/\/archiwum.muzeum-niepodleglosci.pl\/pawiak\/wp-content\/gallery\/obiektmiesiaca\/thumbs\/thumbs_kamilazukowska.jpg\"\n                    width=\"100\"\n                    height=\"75\"\n                    style=\"max-width:100%;\"\n                \/>\n            <\/a>\n        <\/div>\n\t\t\t\t\t\t\t<\/div> \n\t\t\t\n        \n\t\t\t\t<div id=\"ngg-image-2\" class=\"ngg-gallery-thumbnail-box\" >\n\t\t\t\t        <div class=\"ngg-gallery-thumbnail\">\n            <a href=\"http:\/\/archiwum.muzeum-niepodleglosci.pl\/pawiak\/wp-content\/gallery\/obiektmiesiaca\/zukowskakamila.jpg\"\n               title=\"\"\n               data-src=\"http:\/\/archiwum.muzeum-niepodleglosci.pl\/pawiak\/wp-content\/gallery\/obiektmiesiaca\/zukowskakamila.jpg\"\n               data-thumbnail=\"http:\/\/archiwum.muzeum-niepodleglosci.pl\/pawiak\/wp-content\/gallery\/obiektmiesiaca\/thumbs\/thumbs_zukowskakamila.jpg\"\n               data-image-id=\"199\"\n               data-title=\"Kliknij aby powi\u0119kszy\u0107\"\n               data-description=\"\"\n               data-image-slug=\"kliknij-aby-powiekszyc-164\"\n               class=\"ngg-fancybox\" rel=\"eed25774c1ab3ed7f4eba03d035078af\">\n                <img\n                    title=\"Kliknij aby powi\u0119kszy\u0107\"\n                    alt=\"Kliknij aby powi\u0119kszy\u0107\"\n                    src=\"http:\/\/archiwum.muzeum-niepodleglosci.pl\/pawiak\/wp-content\/gallery\/obiektmiesiaca\/thumbs\/thumbs_zukowskakamila.jpg\"\n                    width=\"100\"\n                    height=\"75\"\n                    style=\"max-width:100%;\"\n                \/>\n            <\/a>\n        <\/div>\n\t\t\t\t\t\t\t<\/div> \n\t\t\t\n        \n\t\t\n\t\t<!-- Pagination -->\n\t<div class='ngg-clear'><\/div>\t<\/div>\n<\/strong><\/p>\n","protected":false},"excerpt":{"rendered":"<p>Kotek wykonany przez Alin\u0119 Paradowsk\u0105 w celi ma\u0142olatek\u00a0 w 1942 roku, po kilkutygodniowej izolacji w siedzibie Gestapo w al. Szucha. Zawsze by\u0142 w zasi\u0119gu jej wzroku. Alin\u0119 Mari\u0119 Paradowsk\u0105 (1924 \u2013 2003), aresztowano 15 lipca 1942 roku w Weso\u0142ej k. &hellip; <a href=\"http:\/\/archiwum.muzeum-niepodleglosci.pl\/pawiak\/muzealia\/obiekt-miesiaca\/\">Czytaj dalej <span class=\"meta-nav\">&rarr;<\/span><\/a><\/p>\n","protected":false},"author":1,"featured_media":0,"parent":70,"menu_order":1,"comment_status":"open","ping_status":"open","template":"","meta":{"ngg_post_thumbnail":0},"aioseo_notices":[],"_links":{"self":[{"href":"http:\/\/archiwum.muzeum-niepodleglosci.pl\/pawiak\/wp-json\/wp\/v2\/pages\/74"}],"collection":[{"href":"http:\/\/archiwum.muzeum-niepodleglosci.pl\/pawiak\/wp-json\/wp\/v2\/pages"}],"about":[{"href":"http:\/\/archiwum.muzeum-niepodleglosci.pl\/pawiak\/wp-json\/wp\/v2\/types\/page"}],"author":[{"embeddable":true,"href":"http:\/\/archiwum.muzeum-niepodleglosci.pl\/pawiak\/wp-json\/wp\/v2\/users\/1"}],"replies":[{"embeddable":true,"href":"http:\/\/archiwum.muzeum-niepodleglosci.pl\/pawiak\/wp-json\/wp\/v2\/comments?post=74"}],"version-history":[{"count":8,"href":"http:\/\/archiwum.muzeum-niepodleglosci.pl\/pawiak\/wp-json\/wp\/v2\/pages\/74\/revisions"}],"predecessor-version":[{"id":162,"href":"http:\/\/archiwum.muzeum-niepodleglosci.pl\/pawiak\/wp-json\/wp\/v2\/pages\/74\/revisions\/162"}],"up":[{"embeddable":true,"href":"http:\/\/archiwum.muzeum-niepodleglosci.pl\/pawiak\/wp-json\/wp\/v2\/pages\/70"}],"wp:attachment":[{"href":"http:\/\/archiwum.muzeum-niepodleglosci.pl\/pawiak\/wp-json\/wp\/v2\/media?parent=74"}],"curies":[{"name":"wp","href":"https:\/\/api.w.org\/{rel}","templated":true}]}}