{"id":70,"date":"2012-06-08T23:48:14","date_gmt":"2012-06-08T23:48:14","guid":{"rendered":"http:\/\/www.muzeum-niepodleglosci.home.pl\/pawiak\/?page_id=70"},"modified":"2012-06-25T20:04:53","modified_gmt":"2012-06-25T18:04:53","slug":"muzealia","status":"publish","type":"page","link":"http:\/\/archiwum.muzeum-niepodleglosci.pl\/pawiak\/muzealia\/","title":{"rendered":"Muzealia"},"content":{"rendered":"<p style=\"text-align: justify;\">Muzeum Wi\u0119zienia Pawiak w\u00a0 swoich zbiorach posiada bogat\u0105 kolekcj\u0119 korespondencji wi\u0119\u017ani\u00f3w politycznych Pawiaka z wi\u0119zienia oraz oboz\u00f3w koncentracyjnych, do kt\u00f3rych byli wywo\u017ceni wi\u0119\u017aniowie. S\u0105 to przede wszystkim grypsy \u2013 nielegalne listy, karty pocztowe oraz kartki do rodzin wyrzucane przez wi\u0119\u017ani\u00f3w w czasie wywo\u017cenia na przes\u0142uchania w al. Szucha, przewo\u017cenia do innych wi\u0119zie\u0144 lub transport\u00f3w do oboz\u00f3w koncentracyjnych. Posiadamy r\u00f3wnie\u017c liczne obwieszczenia i propagandowe plakaty wydawane przez okupanta niemieckiego.<\/p>\n<p style=\"text-align: justify;\">Wa\u017cn\u0105 grup\u0119 muzeali\u00f3w stanowi\u0105 dokumenty i pami\u0105tki osobiste oraz przedmioty wykonane potajemnie w celach Pawiaka przez wi\u0119\u017ani\u00f3w, aby chocia\u017c przez chwil\u0119 zapomnie\u0107 o swojej sytuacji. Szczeg\u00f3ln\u0105 rol\u0119 pe\u0142ni\u0105 te\u017c ocala\u0142e fragmenty wyposa\u017cenia wi\u0119zienia: kraty, drzwi do celi, kot\u0142y, miski, podwieszane \u0142\u00f3\u017cka oraz \u0142\u00f3\u017ceczko dzieci\u0119ce z Serbii.<\/p>\n<p style=\"text-align: justify;\">Muzeum posiada zbi\u00f3r pisemnych relacji i fotografii wi\u0119\u017ani\u00f3w. Od 2008 r. tworzymy dokumentacj\u0119 indywidualnych los\u00f3w\u00a0 poprzez nagrania kamer\u0105 cyfrow\u0105 relacji z wi\u0119\u017aniami oraz bliskimi ofiar.<\/p>\n<p style=\"text-align: justify;\"><strong><!-- index.php -->\n<div\n\tclass=\"ngg-galleryoverview ngg-ajax-pagination-none\"\n\tid=\"ngg-gallery-ff52ada389fdbf394fcf8b1a0822c095-1\">\n\n    \t<div class=\"slideshowlink\">\n        <a href='http:\/\/archiwum.muzeum-niepodleglosci.pl\/pawiak\/muzealia\/nggallery\/slideshow'>[Pokaz zdj\u0119\u0107]<\/a>\n\t\t\n\t<\/div>\n\t\t\t<!-- Thumbnails -->\n\t\t\t\t<div id=\"ngg-image-0\" class=\"ngg-gallery-thumbnail-box\" >\n\t\t\t\t        <div class=\"ngg-gallery-thumbnail\">\n            <a href=\"http:\/\/archiwum.muzeum-niepodleglosci.pl\/pawiak\/wp-content\/gallery\/muzealia\/29201.jpg\"\n               title=\"\"\n               data-src=\"http:\/\/archiwum.muzeum-niepodleglosci.pl\/pawiak\/wp-content\/gallery\/muzealia\/29201.jpg\"\n               data-thumbnail=\"http:\/\/archiwum.muzeum-niepodleglosci.pl\/pawiak\/wp-content\/gallery\/muzealia\/thumbs\/thumbs_29201.jpg\"\n               data-image-id=\"241\"\n               data-title=\"Kliknij aby powi\u0119kszy\u0107\"\n               data-description=\"\"\n               data-image-slug=\"kliknij-aby-powiekszyc-206\"\n               class=\"ngg-fancybox\" rel=\"ff52ada389fdbf394fcf8b1a0822c095\">\n                <img\n                    title=\"Kliknij aby powi\u0119kszy\u0107\"\n                    alt=\"Kliknij aby powi\u0119kszy\u0107\"\n                    src=\"http:\/\/archiwum.muzeum-niepodleglosci.pl\/pawiak\/wp-content\/gallery\/muzealia\/thumbs\/thumbs_29201.jpg\"\n                    width=\"100\"\n                    height=\"75\"\n                    style=\"max-width:100%;\"\n                \/>\n            <\/a>\n        <\/div>\n\t\t\t\t\t\t\t<\/div> \n\t\t\t\n        \n\t\t\t\t<div id=\"ngg-image-1\" class=\"ngg-gallery-thumbnail-box\" >\n\t\t\t\t        <div class=\"ngg-gallery-thumbnail\">\n            <a href=\"http:\/\/archiwum.muzeum-niepodleglosci.pl\/pawiak\/wp-content\/gallery\/muzealia\/kartka.jpg\"\n               title=\"\"\n               data-src=\"http:\/\/archiwum.muzeum-niepodleglosci.pl\/pawiak\/wp-content\/gallery\/muzealia\/kartka.jpg\"\n               data-thumbnail=\"http:\/\/archiwum.muzeum-niepodleglosci.pl\/pawiak\/wp-content\/gallery\/muzealia\/thumbs\/thumbs_kartka.jpg\"\n               data-image-id=\"242\"\n               data-title=\"Kliknij aby powi\u0119kszy\u0107\"\n               data-description=\"\"\n               data-image-slug=\"kliknij-aby-powiekszyc-207\"\n               class=\"ngg-fancybox\" rel=\"ff52ada389fdbf394fcf8b1a0822c095\">\n                <img\n                    title=\"Kliknij aby powi\u0119kszy\u0107\"\n                    alt=\"Kliknij aby powi\u0119kszy\u0107\"\n                    src=\"http:\/\/archiwum.muzeum-niepodleglosci.pl\/pawiak\/wp-content\/gallery\/muzealia\/thumbs\/thumbs_kartka.jpg\"\n                    width=\"100\"\n                    height=\"75\"\n                    style=\"max-width:100%;\"\n                \/>\n            <\/a>\n        <\/div>\n\t\t\t\t\t\t\t<\/div> \n\t\t\t\n        \n\t\t\t\t<div id=\"ngg-image-2\" class=\"ngg-gallery-thumbnail-box\" >\n\t\t\t\t        <div class=\"ngg-gallery-thumbnail\">\n            <a href=\"http:\/\/archiwum.muzeum-niepodleglosci.pl\/pawiak\/wp-content\/gallery\/muzealia\/makarewicz-zygmunt.jpg\"\n               title=\"\"\n               data-src=\"http:\/\/archiwum.muzeum-niepodleglosci.pl\/pawiak\/wp-content\/gallery\/muzealia\/makarewicz-zygmunt.jpg\"\n               data-thumbnail=\"http:\/\/archiwum.muzeum-niepodleglosci.pl\/pawiak\/wp-content\/gallery\/muzealia\/thumbs\/thumbs_makarewicz-zygmunt.jpg\"\n               data-image-id=\"243\"\n               data-title=\"Kliknij aby powi\u0119kszy\u0107\"\n               data-description=\"\"\n               data-image-slug=\"kliknij-aby-powiekszyc-208\"\n               class=\"ngg-fancybox\" rel=\"ff52ada389fdbf394fcf8b1a0822c095\">\n                <img\n                    title=\"Kliknij aby powi\u0119kszy\u0107\"\n                    alt=\"Kliknij aby powi\u0119kszy\u0107\"\n                    src=\"http:\/\/archiwum.muzeum-niepodleglosci.pl\/pawiak\/wp-content\/gallery\/muzealia\/thumbs\/thumbs_makarewicz-zygmunt.jpg\"\n                    width=\"100\"\n                    height=\"75\"\n                    style=\"max-width:100%;\"\n                \/>\n            <\/a>\n        <\/div>\n\t\t\t\t\t\t\t<\/div> \n\t\t\t\n        \n\t\t\t\t<div id=\"ngg-image-3\" class=\"ngg-gallery-thumbnail-box\" >\n\t\t\t\t        <div class=\"ngg-gallery-thumbnail\">\n            <a href=\"http:\/\/archiwum.muzeum-niepodleglosci.pl\/pawiak\/wp-content\/gallery\/muzealia\/zwolnienie-pawiak-zygmunt-urbanski.jpg\"\n               title=\"\"\n               data-src=\"http:\/\/archiwum.muzeum-niepodleglosci.pl\/pawiak\/wp-content\/gallery\/muzealia\/zwolnienie-pawiak-zygmunt-urbanski.jpg\"\n               data-thumbnail=\"http:\/\/archiwum.muzeum-niepodleglosci.pl\/pawiak\/wp-content\/gallery\/muzealia\/thumbs\/thumbs_zwolnienie-pawiak-zygmunt-urbanski.jpg\"\n               data-image-id=\"246\"\n               data-title=\"Kliknij aby powi\u0119kszy\u0107\"\n               data-description=\"\"\n               data-image-slug=\"kliknij-aby-powiekszyc-209\"\n               class=\"ngg-fancybox\" rel=\"ff52ada389fdbf394fcf8b1a0822c095\">\n                <img\n                    title=\"Kliknij aby powi\u0119kszy\u0107\"\n                    alt=\"Kliknij aby powi\u0119kszy\u0107\"\n                    src=\"http:\/\/archiwum.muzeum-niepodleglosci.pl\/pawiak\/wp-content\/gallery\/muzealia\/thumbs\/thumbs_zwolnienie-pawiak-zygmunt-urbanski.jpg\"\n                    width=\"100\"\n                    height=\"75\"\n                    style=\"max-width:100%;\"\n                \/>\n            <\/a>\n        <\/div>\n\t\t\t\t\t\t\t<\/div> \n\t\t\t\n        \n\t\t\t\t<div id=\"ngg-image-4\" class=\"ngg-gallery-thumbnail-box\" >\n\t\t\t\t        <div class=\"ngg-gallery-thumbnail\">\n            <a href=\"http:\/\/archiwum.muzeum-niepodleglosci.pl\/pawiak\/wp-content\/gallery\/muzealia\/skan082.jpg\"\n               title=\"\"\n               data-src=\"http:\/\/archiwum.muzeum-niepodleglosci.pl\/pawiak\/wp-content\/gallery\/muzealia\/skan082.jpg\"\n               data-thumbnail=\"http:\/\/archiwum.muzeum-niepodleglosci.pl\/pawiak\/wp-content\/gallery\/muzealia\/thumbs\/thumbs_skan082.jpg\"\n               data-image-id=\"247\"\n               data-title=\"Kliknij aby powi\u0119kszy\u0107\"\n               data-description=\"\"\n               data-image-slug=\"kliknij-aby-powiekszyc-210\"\n               class=\"ngg-fancybox\" rel=\"ff52ada389fdbf394fcf8b1a0822c095\">\n                <img\n                    title=\"Kliknij aby powi\u0119kszy\u0107\"\n                    alt=\"Kliknij aby powi\u0119kszy\u0107\"\n                    src=\"http:\/\/archiwum.muzeum-niepodleglosci.pl\/pawiak\/wp-content\/gallery\/muzealia\/thumbs\/thumbs_skan082.jpg\"\n                    width=\"100\"\n                    height=\"75\"\n                    style=\"max-width:100%;\"\n                \/>\n            <\/a>\n        <\/div>\n\t\t\t\t\t\t\t<\/div> \n\t\t\t\n        \n\t\t\n\t\t<!-- Pagination -->\n\t<div class='ngg-clear'><\/div>\t<\/div>\n<\/strong><\/p>\n","protected":false},"excerpt":{"rendered":"<p>Muzeum Wi\u0119zienia Pawiak w\u00a0 swoich zbiorach posiada bogat\u0105 kolekcj\u0119 korespondencji wi\u0119\u017ani\u00f3w politycznych Pawiaka z wi\u0119zienia oraz oboz\u00f3w koncentracyjnych, do kt\u00f3rych byli wywo\u017ceni wi\u0119\u017aniowie. S\u0105 to przede wszystkim grypsy \u2013 nielegalne listy, karty pocztowe oraz kartki do rodzin wyrzucane przez wi\u0119\u017ani\u00f3w &hellip; <a href=\"http:\/\/archiwum.muzeum-niepodleglosci.pl\/pawiak\/muzealia\/\">Czytaj dalej <span class=\"meta-nav\">&rarr;<\/span><\/a><\/p>\n","protected":false},"author":1,"featured_media":0,"parent":0,"menu_order":7,"comment_status":"open","ping_status":"open","template":"","meta":{"ngg_post_thumbnail":0},"aioseo_notices":[],"_links":{"self":[{"href":"http:\/\/archiwum.muzeum-niepodleglosci.pl\/pawiak\/wp-json\/wp\/v2\/pages\/70"}],"collection":[{"href":"http:\/\/archiwum.muzeum-niepodleglosci.pl\/pawiak\/wp-json\/wp\/v2\/pages"}],"about":[{"href":"http:\/\/archiwum.muzeum-niepodleglosci.pl\/pawiak\/wp-json\/wp\/v2\/types\/page"}],"author":[{"embeddable":true,"href":"http:\/\/archiwum.muzeum-niepodleglosci.pl\/pawiak\/wp-json\/wp\/v2\/users\/1"}],"replies":[{"embeddable":true,"href":"http:\/\/archiwum.muzeum-niepodleglosci.pl\/pawiak\/wp-json\/wp\/v2\/comments?post=70"}],"version-history":[{"count":4,"href":"http:\/\/archiwum.muzeum-niepodleglosci.pl\/pawiak\/wp-json\/wp\/v2\/pages\/70\/revisions"}],"predecessor-version":[{"id":419,"href":"http:\/\/archiwum.muzeum-niepodleglosci.pl\/pawiak\/wp-json\/wp\/v2\/pages\/70\/revisions\/419"}],"wp:attachment":[{"href":"http:\/\/archiwum.muzeum-niepodleglosci.pl\/pawiak\/wp-json\/wp\/v2\/media?parent=70"}],"curies":[{"name":"wp","href":"https:\/\/api.w.org\/{rel}","templated":true}]}}