{"id":57,"date":"2012-06-08T23:40:18","date_gmt":"2012-06-08T23:40:18","guid":{"rendered":"http:\/\/www.muzeum-niepodleglosci.home.pl\/pawiak\/?page_id=57"},"modified":"2012-06-21T21:31:40","modified_gmt":"2012-06-21T19:31:40","slug":"sala-drzewa-pawiackiego","status":"publish","type":"page","link":"http:\/\/archiwum.muzeum-niepodleglosci.pl\/pawiak\/ekspozycja\/sala-drzewa-pawiackiego\/","title":{"rendered":"Sala Drzewa Pawiackiego"},"content":{"rendered":"<p style=\"text-align: justify;\">Odr\u0119bn\u0105 cz\u0119\u015b\u0107 ekspozycji zajmuje sala po\u015bwi\u0119cona historii Drzewa Pawiackiego &#8211; \u015bwiadka niemieckich zbrodni, kt\u00f3ry jako jedyny, obok fragmentu bramy wjazdowej przetrwa\u0142 wysadzenie przez Niemc\u00f3w Pawiaka 21 sierpnia 1944 r., a po wojnie sta\u0142 si\u0119 pomnikiem ku czci pomordowanych wi\u0119\u017ani\u00f3w.<\/p>\n<p style=\"text-align: justify;\"><strong><!-- index.php -->\n<div\n\tclass=\"ngg-galleryoverview ngg-ajax-pagination-none\"\n\tid=\"ngg-gallery-f027250bc6c2e076c6c15cf3ff4e071b-1\">\n\n    \t<div class=\"slideshowlink\">\n        <a href='http:\/\/archiwum.muzeum-niepodleglosci.pl\/pawiak\/ekspozycja\/sala-drzewa-pawiackiego\/nggallery\/slideshow'>[Pokaz zdj\u0119\u0107]<\/a>\n\t\t\n\t<\/div>\n\t\t\t<!-- Thumbnails -->\n\t\t\t\t<div id=\"ngg-image-0\" class=\"ngg-gallery-thumbnail-box\" >\n\t\t\t\t        <div class=\"ngg-gallery-thumbnail\">\n            <a href=\"http:\/\/archiwum.muzeum-niepodleglosci.pl\/pawiak\/wp-content\/gallery\/finisazwystawy\/72669.jpg\"\n               title=\"\"\n               data-src=\"http:\/\/archiwum.muzeum-niepodleglosci.pl\/pawiak\/wp-content\/gallery\/finisazwystawy\/72669.jpg\"\n               data-thumbnail=\"http:\/\/archiwum.muzeum-niepodleglosci.pl\/pawiak\/wp-content\/gallery\/finisazwystawy\/thumbs\/thumbs_72669.jpg\"\n               data-image-id=\"200\"\n               data-title=\"Kliknij aby powi\u0119kszy\u0107\"\n               data-description=\"\"\n               data-image-slug=\"kliknij-aby-powiekszyc-165\"\n               class=\"ngg-fancybox\" rel=\"f027250bc6c2e076c6c15cf3ff4e071b\">\n                <img\n                    title=\"Kliknij aby powi\u0119kszy\u0107\"\n                    alt=\"Kliknij aby powi\u0119kszy\u0107\"\n                    src=\"http:\/\/archiwum.muzeum-niepodleglosci.pl\/pawiak\/wp-content\/gallery\/finisazwystawy\/thumbs\/thumbs_72669.jpg\"\n                    width=\"100\"\n                    height=\"75\"\n                    style=\"max-width:100%;\"\n                \/>\n            <\/a>\n        <\/div>\n\t\t\t\t\t\t\t<\/div> \n\t\t\t\n        \n\t\t\t\t<div id=\"ngg-image-1\" class=\"ngg-gallery-thumbnail-box\" >\n\t\t\t\t        <div class=\"ngg-gallery-thumbnail\">\n            <a href=\"http:\/\/archiwum.muzeum-niepodleglosci.pl\/pawiak\/wp-content\/gallery\/finisazwystawy\/72686.jpg\"\n               title=\"\"\n               data-src=\"http:\/\/archiwum.muzeum-niepodleglosci.pl\/pawiak\/wp-content\/gallery\/finisazwystawy\/72686.jpg\"\n               data-thumbnail=\"http:\/\/archiwum.muzeum-niepodleglosci.pl\/pawiak\/wp-content\/gallery\/finisazwystawy\/thumbs\/thumbs_72686.jpg\"\n               data-image-id=\"201\"\n               data-title=\"Kliknij aby powi\u0119kszy\u0107\"\n               data-description=\"\"\n               data-image-slug=\"kliknij-aby-powiekszyc-166\"\n               class=\"ngg-fancybox\" rel=\"f027250bc6c2e076c6c15cf3ff4e071b\">\n                <img\n                    title=\"Kliknij aby powi\u0119kszy\u0107\"\n                    alt=\"Kliknij aby powi\u0119kszy\u0107\"\n                    src=\"http:\/\/archiwum.muzeum-niepodleglosci.pl\/pawiak\/wp-content\/gallery\/finisazwystawy\/thumbs\/thumbs_72686.jpg\"\n                    width=\"100\"\n                    height=\"75\"\n                    style=\"max-width:100%;\"\n                \/>\n            <\/a>\n        <\/div>\n\t\t\t\t\t\t\t<\/div> \n\t\t\t\n        \n\t\t\t\t<div id=\"ngg-image-2\" class=\"ngg-gallery-thumbnail-box\" >\n\t\t\t\t        <div class=\"ngg-gallery-thumbnail\">\n            <a href=\"http:\/\/archiwum.muzeum-niepodleglosci.pl\/pawiak\/wp-content\/gallery\/finisazwystawy\/72690.jpg\"\n               title=\"\"\n               data-src=\"http:\/\/archiwum.muzeum-niepodleglosci.pl\/pawiak\/wp-content\/gallery\/finisazwystawy\/72690.jpg\"\n               data-thumbnail=\"http:\/\/archiwum.muzeum-niepodleglosci.pl\/pawiak\/wp-content\/gallery\/finisazwystawy\/thumbs\/thumbs_72690.jpg\"\n               data-image-id=\"202\"\n               data-title=\"Kliknij aby powi\u0119kszy\u0107\"\n               data-description=\"\"\n               data-image-slug=\"kliknij-aby-powiekszyc-167\"\n               class=\"ngg-fancybox\" rel=\"f027250bc6c2e076c6c15cf3ff4e071b\">\n                <img\n                    title=\"Kliknij aby powi\u0119kszy\u0107\"\n                    alt=\"Kliknij aby powi\u0119kszy\u0107\"\n                    src=\"http:\/\/archiwum.muzeum-niepodleglosci.pl\/pawiak\/wp-content\/gallery\/finisazwystawy\/thumbs\/thumbs_72690.jpg\"\n                    width=\"100\"\n                    height=\"75\"\n                    style=\"max-width:100%;\"\n                \/>\n            <\/a>\n        <\/div>\n\t\t\t\t\t\t\t<\/div> \n\t\t\t\n        \n\t\t\t\t<div id=\"ngg-image-3\" class=\"ngg-gallery-thumbnail-box\" >\n\t\t\t\t        <div class=\"ngg-gallery-thumbnail\">\n            <a href=\"http:\/\/archiwum.muzeum-niepodleglosci.pl\/pawiak\/wp-content\/gallery\/finisazwystawy\/72695.jpg\"\n               title=\"\"\n               data-src=\"http:\/\/archiwum.muzeum-niepodleglosci.pl\/pawiak\/wp-content\/gallery\/finisazwystawy\/72695.jpg\"\n               data-thumbnail=\"http:\/\/archiwum.muzeum-niepodleglosci.pl\/pawiak\/wp-content\/gallery\/finisazwystawy\/thumbs\/thumbs_72695.jpg\"\n               data-image-id=\"203\"\n               data-title=\"Kliknij aby powi\u0119kszy\u0107\"\n               data-description=\"\"\n               data-image-slug=\"kliknij-aby-powiekszyc-168\"\n               class=\"ngg-fancybox\" rel=\"f027250bc6c2e076c6c15cf3ff4e071b\">\n                <img\n                    title=\"Kliknij aby powi\u0119kszy\u0107\"\n                    alt=\"Kliknij aby powi\u0119kszy\u0107\"\n                    src=\"http:\/\/archiwum.muzeum-niepodleglosci.pl\/pawiak\/wp-content\/gallery\/finisazwystawy\/thumbs\/thumbs_72695.jpg\"\n                    width=\"100\"\n                    height=\"75\"\n                    style=\"max-width:100%;\"\n                \/>\n            <\/a>\n        <\/div>\n\t\t\t\t\t\t\t<\/div> \n\t\t\t\n        \n\t\t\t\t<div id=\"ngg-image-4\" class=\"ngg-gallery-thumbnail-box\" >\n\t\t\t\t        <div class=\"ngg-gallery-thumbnail\">\n            <a href=\"http:\/\/archiwum.muzeum-niepodleglosci.pl\/pawiak\/wp-content\/gallery\/finisazwystawy\/72704.jpg\"\n               title=\"\"\n               data-src=\"http:\/\/archiwum.muzeum-niepodleglosci.pl\/pawiak\/wp-content\/gallery\/finisazwystawy\/72704.jpg\"\n               data-thumbnail=\"http:\/\/archiwum.muzeum-niepodleglosci.pl\/pawiak\/wp-content\/gallery\/finisazwystawy\/thumbs\/thumbs_72704.jpg\"\n               data-image-id=\"204\"\n               data-title=\"Kliknij aby powi\u0119kszy\u0107\"\n               data-description=\"\"\n               data-image-slug=\"kliknij-aby-powiekszyc-169\"\n               class=\"ngg-fancybox\" rel=\"f027250bc6c2e076c6c15cf3ff4e071b\">\n                <img\n                    title=\"Kliknij aby powi\u0119kszy\u0107\"\n                    alt=\"Kliknij aby powi\u0119kszy\u0107\"\n                    src=\"http:\/\/archiwum.muzeum-niepodleglosci.pl\/pawiak\/wp-content\/gallery\/finisazwystawy\/thumbs\/thumbs_72704.jpg\"\n                    width=\"100\"\n                    height=\"75\"\n                    style=\"max-width:100%;\"\n                \/>\n            <\/a>\n        <\/div>\n\t\t\t\t\t\t\t<\/div> \n\t\t\t\n        \n\t\t\t\t<div id=\"ngg-image-5\" class=\"ngg-gallery-thumbnail-box\" >\n\t\t\t\t        <div class=\"ngg-gallery-thumbnail\">\n            <a href=\"http:\/\/archiwum.muzeum-niepodleglosci.pl\/pawiak\/wp-content\/gallery\/finisazwystawy\/72714.jpg\"\n               title=\"\"\n               data-src=\"http:\/\/archiwum.muzeum-niepodleglosci.pl\/pawiak\/wp-content\/gallery\/finisazwystawy\/72714.jpg\"\n               data-thumbnail=\"http:\/\/archiwum.muzeum-niepodleglosci.pl\/pawiak\/wp-content\/gallery\/finisazwystawy\/thumbs\/thumbs_72714.jpg\"\n               data-image-id=\"205\"\n               data-title=\"Kliknij aby powi\u0119kszy\u0107\"\n               data-description=\"\"\n               data-image-slug=\"kliknij-aby-powiekszyc-170\"\n               class=\"ngg-fancybox\" rel=\"f027250bc6c2e076c6c15cf3ff4e071b\">\n                <img\n                    title=\"Kliknij aby powi\u0119kszy\u0107\"\n                    alt=\"Kliknij aby powi\u0119kszy\u0107\"\n                    src=\"http:\/\/archiwum.muzeum-niepodleglosci.pl\/pawiak\/wp-content\/gallery\/finisazwystawy\/thumbs\/thumbs_72714.jpg\"\n                    width=\"100\"\n                    height=\"75\"\n                    style=\"max-width:100%;\"\n                \/>\n            <\/a>\n        <\/div>\n\t\t\t\t\t\t\t<\/div> \n\t\t\t\n        \n\t\t\t\t<div id=\"ngg-image-6\" class=\"ngg-gallery-thumbnail-box\" >\n\t\t\t\t        <div class=\"ngg-gallery-thumbnail\">\n            <a href=\"http:\/\/archiwum.muzeum-niepodleglosci.pl\/pawiak\/wp-content\/gallery\/finisazwystawy\/72737.jpg\"\n               title=\"\"\n               data-src=\"http:\/\/archiwum.muzeum-niepodleglosci.pl\/pawiak\/wp-content\/gallery\/finisazwystawy\/72737.jpg\"\n               data-thumbnail=\"http:\/\/archiwum.muzeum-niepodleglosci.pl\/pawiak\/wp-content\/gallery\/finisazwystawy\/thumbs\/thumbs_72737.jpg\"\n               data-image-id=\"206\"\n               data-title=\"Kliknij aby powi\u0119kszy\u0107\"\n               data-description=\"\"\n               data-image-slug=\"kliknij-aby-powiekszyc-171\"\n               class=\"ngg-fancybox\" rel=\"f027250bc6c2e076c6c15cf3ff4e071b\">\n                <img\n                    title=\"Kliknij aby powi\u0119kszy\u0107\"\n                    alt=\"Kliknij aby powi\u0119kszy\u0107\"\n                    src=\"http:\/\/archiwum.muzeum-niepodleglosci.pl\/pawiak\/wp-content\/gallery\/finisazwystawy\/thumbs\/thumbs_72737.jpg\"\n                    width=\"100\"\n                    height=\"75\"\n                    style=\"max-width:100%;\"\n                \/>\n            <\/a>\n        <\/div>\n\t\t\t\t\t\t\t<\/div> \n\t\t\t\n        \n\t\t\n\t\t<!-- Pagination -->\n\t<div class='ngg-clear'><\/div>\t<\/div>\n<\/strong><\/p>\n","protected":false},"excerpt":{"rendered":"<p>Odr\u0119bn\u0105 cz\u0119\u015b\u0107 ekspozycji zajmuje sala po\u015bwi\u0119cona historii Drzewa Pawiackiego &#8211; \u015bwiadka niemieckich zbrodni, kt\u00f3ry jako jedyny, obok fragmentu bramy wjazdowej przetrwa\u0142 wysadzenie przez Niemc\u00f3w Pawiaka 21 sierpnia 1944 r., a po wojnie sta\u0142 si\u0119 pomnikiem ku czci pomordowanych wi\u0119\u017ani\u00f3w.<\/p>\n","protected":false},"author":1,"featured_media":0,"parent":42,"menu_order":6,"comment_status":"open","ping_status":"open","template":"","meta":{"ngg_post_thumbnail":0},"aioseo_notices":[],"_links":{"self":[{"href":"http:\/\/archiwum.muzeum-niepodleglosci.pl\/pawiak\/wp-json\/wp\/v2\/pages\/57"}],"collection":[{"href":"http:\/\/archiwum.muzeum-niepodleglosci.pl\/pawiak\/wp-json\/wp\/v2\/pages"}],"about":[{"href":"http:\/\/archiwum.muzeum-niepodleglosci.pl\/pawiak\/wp-json\/wp\/v2\/types\/page"}],"author":[{"embeddable":true,"href":"http:\/\/archiwum.muzeum-niepodleglosci.pl\/pawiak\/wp-json\/wp\/v2\/users\/1"}],"replies":[{"embeddable":true,"href":"http:\/\/archiwum.muzeum-niepodleglosci.pl\/pawiak\/wp-json\/wp\/v2\/comments?post=57"}],"version-history":[{"count":4,"href":"http:\/\/archiwum.muzeum-niepodleglosci.pl\/pawiak\/wp-json\/wp\/v2\/pages\/57\/revisions"}],"predecessor-version":[{"id":287,"href":"http:\/\/archiwum.muzeum-niepodleglosci.pl\/pawiak\/wp-json\/wp\/v2\/pages\/57\/revisions\/287"}],"up":[{"embeddable":true,"href":"http:\/\/archiwum.muzeum-niepodleglosci.pl\/pawiak\/wp-json\/wp\/v2\/pages\/42"}],"wp:attachment":[{"href":"http:\/\/archiwum.muzeum-niepodleglosci.pl\/pawiak\/wp-json\/wp\/v2\/media?parent=57"}],"curies":[{"name":"wp","href":"https:\/\/api.w.org\/{rel}","templated":true}]}}