{"id":55,"date":"2012-06-08T23:39:15","date_gmt":"2012-06-08T23:39:15","guid":{"rendered":"http:\/\/www.muzeum-niepodleglosci.home.pl\/pawiak\/?page_id=55"},"modified":"2012-07-03T09:19:09","modified_gmt":"2012-07-03T07:19:09","slug":"sala-reliktow-i-grypsow","status":"publish","type":"page","link":"http:\/\/archiwum.muzeum-niepodleglosci.pl\/pawiak\/ekspozycja\/sala-reliktow-i-grypsow\/","title":{"rendered":"Sala relikt\u00f3w i gryps\u00f3w"},"content":{"rendered":"<p style=\"text-align: justify;\">Wa\u017cn\u0105 dla emocjonalnego odbioru ekspozycji i samego miejsca jest mo\u017cliwo\u015b\u0107 wys\u0142uchania w sali, w kt\u00f3rej wyeksponowano oryginalne, wydobyte z gruz\u00f3w przedmioty i elementy wyposa\u017cenia, nagra\u0144 fragment\u00f3w gryps\u00f3w opowiadaj\u0105cych o dramatycznych prze\u017cyciach wi\u0119\u017ani\u00f3w. Przy makiecie zabudowa\u0144 wi\u0119ziennych zwiedzaj\u0105cy mog\u0105 wys\u0142ucha\u0107 tekstu zawieraj\u0105cego kr\u00f3tk\u0105 histori\u0119 Pawiaka w j\u0119zyku polskim, angielskim i niemieckim.<\/p>\n<p style=\"text-align: justify;\"><strong><br \/>\n<\/strong><\/p>\n","protected":false},"excerpt":{"rendered":"<p>Wa\u017cn\u0105 dla emocjonalnego odbioru ekspozycji i samego miejsca jest mo\u017cliwo\u015b\u0107 wys\u0142uchania w sali, w kt\u00f3rej wyeksponowano oryginalne, wydobyte z gruz\u00f3w przedmioty i elementy wyposa\u017cenia, nagra\u0144 fragment\u00f3w gryps\u00f3w opowiadaj\u0105cych o dramatycznych prze\u017cyciach wi\u0119\u017ani\u00f3w. Przy makiecie zabudowa\u0144 wi\u0119ziennych zwiedzaj\u0105cy mog\u0105 wys\u0142ucha\u0107 tekstu &hellip; <a href=\"http:\/\/archiwum.muzeum-niepodleglosci.pl\/pawiak\/ekspozycja\/sala-reliktow-i-grypsow\/\">Czytaj dalej <span class=\"meta-nav\">&rarr;<\/span><\/a><\/p>\n","protected":false},"author":1,"featured_media":0,"parent":42,"menu_order":5,"comment_status":"open","ping_status":"open","template":"","meta":{"ngg_post_thumbnail":0},"aioseo_notices":[],"_links":{"self":[{"href":"http:\/\/archiwum.muzeum-niepodleglosci.pl\/pawiak\/wp-json\/wp\/v2\/pages\/55"}],"collection":[{"href":"http:\/\/archiwum.muzeum-niepodleglosci.pl\/pawiak\/wp-json\/wp\/v2\/pages"}],"about":[{"href":"http:\/\/archiwum.muzeum-niepodleglosci.pl\/pawiak\/wp-json\/wp\/v2\/types\/page"}],"author":[{"embeddable":true,"href":"http:\/\/archiwum.muzeum-niepodleglosci.pl\/pawiak\/wp-json\/wp\/v2\/users\/1"}],"replies":[{"embeddable":true,"href":"http:\/\/archiwum.muzeum-niepodleglosci.pl\/pawiak\/wp-json\/wp\/v2\/comments?post=55"}],"version-history":[{"count":5,"href":"http:\/\/archiwum.muzeum-niepodleglosci.pl\/pawiak\/wp-json\/wp\/v2\/pages\/55\/revisions"}],"predecessor-version":[{"id":429,"href":"http:\/\/archiwum.muzeum-niepodleglosci.pl\/pawiak\/wp-json\/wp\/v2\/pages\/55\/revisions\/429"}],"up":[{"embeddable":true,"href":"http:\/\/archiwum.muzeum-niepodleglosci.pl\/pawiak\/wp-json\/wp\/v2\/pages\/42"}],"wp:attachment":[{"href":"http:\/\/archiwum.muzeum-niepodleglosci.pl\/pawiak\/wp-json\/wp\/v2\/media?parent=55"}],"curies":[{"name":"wp","href":"https:\/\/api.w.org\/{rel}","templated":true}]}}