{"id":5286,"date":"2021-01-27T12:30:15","date_gmt":"2021-01-27T10:30:15","guid":{"rendered":"http:\/\/muzeum-niepodleglosci.pl\/pawiak\/?page_id=5286"},"modified":"2021-01-27T13:29:50","modified_gmt":"2021-01-27T11:29:50","slug":"lekcje-online","status":"publish","type":"page","link":"http:\/\/archiwum.muzeum-niepodleglosci.pl\/pawiak\/lekcje-online\/","title":{"rendered":"Lekcje online"},"content":{"rendered":"\n<p>W zwi\u0105zku z sytuacj\u0105 epidemiologiczn\u0105 i zamkni\u0119ciem plac\u00f3wek muzealnych zapraszamy do udzia\u0142u w lekcji online pt. <em><strong>&#8222;Badania&#8221; i &#8222;rozwa\u0142ki&#8221; &#8211; Pawiak jako symbol okupacyjnego terroru. <\/strong><\/em> <br \/><br \/>Lekcja przybli\u017ca za\u0142o\u017cenia polityki hitlerowskiej Rzeszy Niemieckiej na okupowanych ziemiach polskich &#8211; czemu s\u0142u\u017cy\u0142 i jak objawia\u0142 si\u0119 stosowany terror. Jedno z ogniw systemu represji stanowi\u0142 Pawiak, w\u00f3wczas wi\u0119zienie \u015bledcze gestapo. Wi\u0119\u017aniowie to przyk\u0142adowo przedstawiciele inteligencji i warstw przyw\u00f3dczych spo\u0142ecze\u0144stwa polskiego. Wielu osadzonych stanowili tak\u017ce \u017co\u0142nierze konspiracji. Okupacyjna historia wi\u0119zienia zwi\u0105zana jest r\u00f3wnie\u017c z Holokaustem. &#8222;Ustawiczna niepewno\u015b\u0107&#8221; tak okre\u015bli\u0142 egzystencj\u0119 za pawiackimi murami jeden z osadzonych. Wp\u0142yw na taki stan mia\u0142y mi\u0119dzy innymi &#8222;badania&#8221; i &#8222;rozwa\u0142ki&#8221;, kt\u00f3re znamionowa\u0142y codzienno\u015b\u0107 uwi\u0119zionych i uczyni\u0142y z Pawiaka jeden z symboli okupacyjnego terroru.<br \/><br \/>Lekcja online odbywa si\u0119 w programie <strong>zoom<\/strong>. Koszt zaj\u0119\u0107 <strong>90 PLN<\/strong>.   <br \/><br \/>Rezerwacja zaj\u0119\u0107: Robert Hasselbusch i Mariusz Wanarski, <br \/>e-mail: pawiak@muzeumniepodleglosci.art.pl , tel. 22 831 92 89.   <\/p>\n\n\n\n<p>Zach\u0119camy do zapoznania si\u0119 z prelekcjami online przygotowanymi przez nasz\u0105 plac\u00f3wk\u0119 w zwi\u0105zku z akcj\u0105 &#8222;Zima w mie\u015bcie&#8221;.<br \/><br \/><strong><em>W gestapowskim p\u0142aszczu b\u0105d\u017a przez zwy\u017ck\u0119 stra\u017cnicz\u0105 &#8211; ucieczki z Pawiaka<\/em><\/strong>, link: <br \/><a href=\"https:\/\/www.youtube.com\/watch?v=u4XUDaR0uv8\">https:\/\/www.youtube.com\/watch?v=u4XUDaR0uv8 <\/a><br \/><br \/><strong><em>Kozio\u0142ek Mato\u0142ek a Pawiak &#8211; przedmioty wykonywane przez wi\u0119\u017ani\u00f3w<\/em><\/strong>, link: <br \/><a href=\"https:\/\/www.youtube.com\/watch?v=Mz3Asf_SJm0\">https:\/\/www.youtube.com\/watch?v=Mz3Asf_SJm0<\/a> <\/p>\n","protected":false},"excerpt":{"rendered":"<p>W zwi\u0105zku z sytuacj\u0105 epidemiologiczn\u0105 i zamkni\u0119ciem plac\u00f3wek muzealnych zapraszamy do udzia\u0142u w lekcji online pt. &#8222;Badania&#8221; i &#8222;rozwa\u0142ki&#8221; &#8211; Pawiak jako symbol okupacyjnego terroru. Lekcja przybli\u017ca za\u0142o\u017cenia polityki hitlerowskiej Rzeszy Niemieckiej na okupowanych ziemiach polskich &#8211; czemu s\u0142u\u017cy\u0142 i &hellip; <a href=\"http:\/\/archiwum.muzeum-niepodleglosci.pl\/pawiak\/lekcje-online\/\">Czytaj dalej <span class=\"meta-nav\">&rarr;<\/span><\/a><\/p>\n","protected":false},"author":3,"featured_media":0,"parent":0,"menu_order":0,"comment_status":"closed","ping_status":"closed","template":"","meta":{"ngg_post_thumbnail":0},"aioseo_notices":[],"_links":{"self":[{"href":"http:\/\/archiwum.muzeum-niepodleglosci.pl\/pawiak\/wp-json\/wp\/v2\/pages\/5286"}],"collection":[{"href":"http:\/\/archiwum.muzeum-niepodleglosci.pl\/pawiak\/wp-json\/wp\/v2\/pages"}],"about":[{"href":"http:\/\/archiwum.muzeum-niepodleglosci.pl\/pawiak\/wp-json\/wp\/v2\/types\/page"}],"author":[{"embeddable":true,"href":"http:\/\/archiwum.muzeum-niepodleglosci.pl\/pawiak\/wp-json\/wp\/v2\/users\/3"}],"replies":[{"embeddable":true,"href":"http:\/\/archiwum.muzeum-niepodleglosci.pl\/pawiak\/wp-json\/wp\/v2\/comments?post=5286"}],"version-history":[{"count":3,"href":"http:\/\/archiwum.muzeum-niepodleglosci.pl\/pawiak\/wp-json\/wp\/v2\/pages\/5286\/revisions"}],"predecessor-version":[{"id":5293,"href":"http:\/\/archiwum.muzeum-niepodleglosci.pl\/pawiak\/wp-json\/wp\/v2\/pages\/5286\/revisions\/5293"}],"wp:attachment":[{"href":"http:\/\/archiwum.muzeum-niepodleglosci.pl\/pawiak\/wp-json\/wp\/v2\/media?parent=5286"}],"curies":[{"name":"wp","href":"https:\/\/api.w.org\/{rel}","templated":true}]}}