{"id":51,"date":"2012-06-08T23:38:01","date_gmt":"2012-06-08T23:38:01","guid":{"rendered":"http:\/\/www.muzeum-niepodleglosci.home.pl\/pawiak\/?page_id=51"},"modified":"2012-06-21T21:26:38","modified_gmt":"2012-06-21T19:26:38","slug":"zapamietajmy-ich-twarze","status":"publish","type":"page","link":"http:\/\/archiwum.muzeum-niepodleglosci.pl\/pawiak\/ekspozycja\/zapamietajmy-ich-twarze\/","title":{"rendered":"Zapami\u0119tajmy ich twarze"},"content":{"rendered":"<p style=\"text-align: justify;\" align=\"left\">Najnowsz\u0105 cz\u0119\u015bci\u0105 wystawy sta\u0142ej, kt\u00f3r\u0105 udost\u0119pnili\u015bmy publiczno\u015bci 26 wrze\u015bnia 2008 r., jest ekspozycja biograficzna pt. &#8222;Zapami\u0119tajmy ich twarze&#8221;. Wystawa ma na celu przybli\u017cenie historii wi\u0119zienia Pawiak w latach 1939-1944 poprzez indywidualne losy os\u00f3b zamordowanych w wi\u0119zieniu, areszcie na Szucha, egzekucjach lub obozach, po kt\u00f3rych zachowa\u0142y si\u0119 cudem ocalone fotografie, strz\u0119pki relacji oraz pami\u0105tki przekazywane przez rodziny wi\u0119\u017ani\u00f3w. Pomys\u0142 zorganizowania tej ekspozycji zrodzi\u0142 si\u0119 z potrzeby upami\u0119tnienia wi\u0119zionych i zamordowanych, przez krewnych ofiar kt\u00f3rzy wci\u0105\u017c licznie przychodz\u0105 do Muzeum w poszukiwaniu wszelkich \u015blad\u00f3w, jednocze\u015bnie przekazuj\u0105 cz\u0119sto bezcenne dla nich pami\u0105tki i fotografie. Dlatego te\u017c Muzeum Wi\u0119zienia Pawiak zwraca si\u0119 z gor\u0105c\u0105 pro\u015bb\u0105 do wszystkich Pa\u0144stwa, kt\u00f3rzy posiadaj\u0105 fotografie, pami\u0105tki oraz wszelkie informacje o by\u0142ych wi\u0119\u017aniach zam\u0119czonych na Pawiaku lub w innych miejscach odosobnienia, rozstrzelanych w egzekucjach, zakatowanych w czasie przes\u0142ucha\u0144 do przekazywania do nas lub umo\u017cliwienie wykonania kopii w celu zachowania pami\u0119ci o ludziach wi\u0119zionych w murach Pawiaka.<\/p>\n<p style=\"text-align: justify;\"><strong><!-- index.php -->\n<div\n\tclass=\"ngg-galleryoverview ngg-ajax-pagination-none\"\n\tid=\"ngg-gallery-1df3b2f6d42cba005484164a5198d65d-1\">\n\n    \t<div class=\"slideshowlink\">\n        <a href='http:\/\/archiwum.muzeum-niepodleglosci.pl\/pawiak\/ekspozycja\/zapamietajmy-ich-twarze\/nggallery\/slideshow'>[Pokaz zdj\u0119\u0107]<\/a>\n\t\t\n\t<\/div>\n\t\t\t<!-- Thumbnails -->\n\t\t\t\t<div id=\"ngg-image-0\" class=\"ngg-gallery-thumbnail-box\" >\n\t\t\t\t        <div class=\"ngg-gallery-thumbnail\">\n            <a href=\"http:\/\/archiwum.muzeum-niepodleglosci.pl\/pawiak\/wp-content\/gallery\/salareliktowgrypsow\/dsc5579.jpg\"\n               title=\"\"\n               data-src=\"http:\/\/archiwum.muzeum-niepodleglosci.pl\/pawiak\/wp-content\/gallery\/salareliktowgrypsow\/dsc5579.jpg\"\n               data-thumbnail=\"http:\/\/archiwum.muzeum-niepodleglosci.pl\/pawiak\/wp-content\/gallery\/salareliktowgrypsow\/thumbs\/thumbs_dsc5579.jpg\"\n               data-image-id=\"181\"\n               data-title=\"Kliknij aby powi\u0119kszy\u0107\"\n               data-description=\"\"\n               data-image-slug=\"kliknij-aby-powiekszyc-146\"\n               class=\"ngg-fancybox\" rel=\"1df3b2f6d42cba005484164a5198d65d\">\n                <img\n                    title=\"Kliknij aby powi\u0119kszy\u0107\"\n                    alt=\"Kliknij aby powi\u0119kszy\u0107\"\n                    src=\"http:\/\/archiwum.muzeum-niepodleglosci.pl\/pawiak\/wp-content\/gallery\/salareliktowgrypsow\/thumbs\/thumbs_dsc5579.jpg\"\n                    width=\"100\"\n                    height=\"75\"\n                    style=\"max-width:100%;\"\n                \/>\n            <\/a>\n        <\/div>\n\t\t\t\t\t\t\t<\/div> \n\t\t\t\n        \n\t\t\t\t<div id=\"ngg-image-1\" class=\"ngg-gallery-thumbnail-box\" >\n\t\t\t\t        <div class=\"ngg-gallery-thumbnail\">\n            <a href=\"http:\/\/archiwum.muzeum-niepodleglosci.pl\/pawiak\/wp-content\/gallery\/salareliktowgrypsow\/dsc5582.jpg\"\n               title=\"\"\n               data-src=\"http:\/\/archiwum.muzeum-niepodleglosci.pl\/pawiak\/wp-content\/gallery\/salareliktowgrypsow\/dsc5582.jpg\"\n               data-thumbnail=\"http:\/\/archiwum.muzeum-niepodleglosci.pl\/pawiak\/wp-content\/gallery\/salareliktowgrypsow\/thumbs\/thumbs_dsc5582.jpg\"\n               data-image-id=\"182\"\n               data-title=\"Kliknij aby powi\u0119kszy\u0107\"\n               data-description=\"\"\n               data-image-slug=\"kliknij-aby-powiekszyc-147\"\n               class=\"ngg-fancybox\" rel=\"1df3b2f6d42cba005484164a5198d65d\">\n                <img\n                    title=\"Kliknij aby powi\u0119kszy\u0107\"\n                    alt=\"Kliknij aby powi\u0119kszy\u0107\"\n                    src=\"http:\/\/archiwum.muzeum-niepodleglosci.pl\/pawiak\/wp-content\/gallery\/salareliktowgrypsow\/thumbs\/thumbs_dsc5582.jpg\"\n                    width=\"100\"\n                    height=\"75\"\n                    style=\"max-width:100%;\"\n                \/>\n            <\/a>\n        <\/div>\n\t\t\t\t\t\t\t<\/div> \n\t\t\t\n        \n\t\t\t\t<div id=\"ngg-image-2\" class=\"ngg-gallery-thumbnail-box\" >\n\t\t\t\t        <div class=\"ngg-gallery-thumbnail\">\n            <a href=\"http:\/\/archiwum.muzeum-niepodleglosci.pl\/pawiak\/wp-content\/gallery\/salareliktowgrypsow\/dsc5583.jpg\"\n               title=\"\"\n               data-src=\"http:\/\/archiwum.muzeum-niepodleglosci.pl\/pawiak\/wp-content\/gallery\/salareliktowgrypsow\/dsc5583.jpg\"\n               data-thumbnail=\"http:\/\/archiwum.muzeum-niepodleglosci.pl\/pawiak\/wp-content\/gallery\/salareliktowgrypsow\/thumbs\/thumbs_dsc5583.jpg\"\n               data-image-id=\"183\"\n               data-title=\"Kliknij aby powi\u0119kszy\u0107\"\n               data-description=\"\"\n               data-image-slug=\"kliknij-aby-powiekszyc-148\"\n               class=\"ngg-fancybox\" rel=\"1df3b2f6d42cba005484164a5198d65d\">\n                <img\n                    title=\"Kliknij aby powi\u0119kszy\u0107\"\n                    alt=\"Kliknij aby powi\u0119kszy\u0107\"\n                    src=\"http:\/\/archiwum.muzeum-niepodleglosci.pl\/pawiak\/wp-content\/gallery\/salareliktowgrypsow\/thumbs\/thumbs_dsc5583.jpg\"\n                    width=\"100\"\n                    height=\"75\"\n                    style=\"max-width:100%;\"\n                \/>\n            <\/a>\n        <\/div>\n\t\t\t\t\t\t\t<\/div> \n\t\t\t\n        \n\t\t\t\t<div id=\"ngg-image-3\" class=\"ngg-gallery-thumbnail-box\" >\n\t\t\t\t        <div class=\"ngg-gallery-thumbnail\">\n            <a href=\"http:\/\/archiwum.muzeum-niepodleglosci.pl\/pawiak\/wp-content\/gallery\/salareliktowgrypsow\/dsc5584.jpg\"\n               title=\"\"\n               data-src=\"http:\/\/archiwum.muzeum-niepodleglosci.pl\/pawiak\/wp-content\/gallery\/salareliktowgrypsow\/dsc5584.jpg\"\n               data-thumbnail=\"http:\/\/archiwum.muzeum-niepodleglosci.pl\/pawiak\/wp-content\/gallery\/salareliktowgrypsow\/thumbs\/thumbs_dsc5584.jpg\"\n               data-image-id=\"184\"\n               data-title=\"Kliknij aby powi\u0119kszy\u0107\"\n               data-description=\"\"\n               data-image-slug=\"kliknij-aby-powiekszyc-149\"\n               class=\"ngg-fancybox\" rel=\"1df3b2f6d42cba005484164a5198d65d\">\n                <img\n                    title=\"Kliknij aby powi\u0119kszy\u0107\"\n                    alt=\"Kliknij aby powi\u0119kszy\u0107\"\n                    src=\"http:\/\/archiwum.muzeum-niepodleglosci.pl\/pawiak\/wp-content\/gallery\/salareliktowgrypsow\/thumbs\/thumbs_dsc5584.jpg\"\n                    width=\"100\"\n                    height=\"75\"\n                    style=\"max-width:100%;\"\n                \/>\n            <\/a>\n        <\/div>\n\t\t\t\t\t\t\t<\/div> \n\t\t\t\n        \n\t\t\t\t<div id=\"ngg-image-4\" class=\"ngg-gallery-thumbnail-box\" >\n\t\t\t\t        <div class=\"ngg-gallery-thumbnail\">\n            <a href=\"http:\/\/archiwum.muzeum-niepodleglosci.pl\/pawiak\/wp-content\/gallery\/salareliktowgrypsow\/dsc5593.jpg\"\n               title=\"\"\n               data-src=\"http:\/\/archiwum.muzeum-niepodleglosci.pl\/pawiak\/wp-content\/gallery\/salareliktowgrypsow\/dsc5593.jpg\"\n               data-thumbnail=\"http:\/\/archiwum.muzeum-niepodleglosci.pl\/pawiak\/wp-content\/gallery\/salareliktowgrypsow\/thumbs\/thumbs_dsc5593.jpg\"\n               data-image-id=\"185\"\n               data-title=\"Kliknij aby powi\u0119kszy\u0107\"\n               data-description=\"\"\n               data-image-slug=\"kliknij-aby-powiekszyc-150\"\n               class=\"ngg-fancybox\" rel=\"1df3b2f6d42cba005484164a5198d65d\">\n                <img\n                    title=\"Kliknij aby powi\u0119kszy\u0107\"\n                    alt=\"Kliknij aby powi\u0119kszy\u0107\"\n                    src=\"http:\/\/archiwum.muzeum-niepodleglosci.pl\/pawiak\/wp-content\/gallery\/salareliktowgrypsow\/thumbs\/thumbs_dsc5593.jpg\"\n                    width=\"100\"\n                    height=\"75\"\n                    style=\"max-width:100%;\"\n                \/>\n            <\/a>\n        <\/div>\n\t\t\t\t\t\t\t<\/div> \n\t\t\t\n        \n\t\t\t\t<div id=\"ngg-image-5\" class=\"ngg-gallery-thumbnail-box\" >\n\t\t\t\t        <div class=\"ngg-gallery-thumbnail\">\n            <a href=\"http:\/\/archiwum.muzeum-niepodleglosci.pl\/pawiak\/wp-content\/gallery\/salareliktowgrypsow\/dsc5605.jpg\"\n               title=\"\"\n               data-src=\"http:\/\/archiwum.muzeum-niepodleglosci.pl\/pawiak\/wp-content\/gallery\/salareliktowgrypsow\/dsc5605.jpg\"\n               data-thumbnail=\"http:\/\/archiwum.muzeum-niepodleglosci.pl\/pawiak\/wp-content\/gallery\/salareliktowgrypsow\/thumbs\/thumbs_dsc5605.jpg\"\n               data-image-id=\"186\"\n               data-title=\"Kliknij aby powi\u0119kszy\u0107\"\n               data-description=\"\"\n               data-image-slug=\"kliknij-aby-powiekszyc-151\"\n               class=\"ngg-fancybox\" rel=\"1df3b2f6d42cba005484164a5198d65d\">\n                <img\n                    title=\"Kliknij aby powi\u0119kszy\u0107\"\n                    alt=\"Kliknij aby powi\u0119kszy\u0107\"\n                    src=\"http:\/\/archiwum.muzeum-niepodleglosci.pl\/pawiak\/wp-content\/gallery\/salareliktowgrypsow\/thumbs\/thumbs_dsc5605.jpg\"\n                    width=\"100\"\n                    height=\"75\"\n                    style=\"max-width:100%;\"\n                \/>\n            <\/a>\n        <\/div>\n\t\t\t\t\t\t\t<\/div> \n\t\t\t\n        \n\t\t\t\t<div id=\"ngg-image-6\" class=\"ngg-gallery-thumbnail-box\" >\n\t\t\t\t        <div class=\"ngg-gallery-thumbnail\">\n            <a href=\"http:\/\/archiwum.muzeum-niepodleglosci.pl\/pawiak\/wp-content\/gallery\/salareliktowgrypsow\/dsc5610.jpg\"\n               title=\"\"\n               data-src=\"http:\/\/archiwum.muzeum-niepodleglosci.pl\/pawiak\/wp-content\/gallery\/salareliktowgrypsow\/dsc5610.jpg\"\n               data-thumbnail=\"http:\/\/archiwum.muzeum-niepodleglosci.pl\/pawiak\/wp-content\/gallery\/salareliktowgrypsow\/thumbs\/thumbs_dsc5610.jpg\"\n               data-image-id=\"187\"\n               data-title=\"Kliknij aby powi\u0119kszy\u0107\"\n               data-description=\"\"\n               data-image-slug=\"kliknij-aby-powiekszyc-152\"\n               class=\"ngg-fancybox\" rel=\"1df3b2f6d42cba005484164a5198d65d\">\n                <img\n                    title=\"Kliknij aby powi\u0119kszy\u0107\"\n                    alt=\"Kliknij aby powi\u0119kszy\u0107\"\n                    src=\"http:\/\/archiwum.muzeum-niepodleglosci.pl\/pawiak\/wp-content\/gallery\/salareliktowgrypsow\/thumbs\/thumbs_dsc5610.jpg\"\n                    width=\"100\"\n                    height=\"75\"\n                    style=\"max-width:100%;\"\n                \/>\n            <\/a>\n        <\/div>\n\t\t\t\t\t\t\t<\/div> \n\t\t\t\n        \n\t\t\t\t<div id=\"ngg-image-7\" class=\"ngg-gallery-thumbnail-box\" >\n\t\t\t\t        <div class=\"ngg-gallery-thumbnail\">\n            <a href=\"http:\/\/archiwum.muzeum-niepodleglosci.pl\/pawiak\/wp-content\/gallery\/salareliktowgrypsow\/dsc5614.jpg\"\n               title=\"\"\n               data-src=\"http:\/\/archiwum.muzeum-niepodleglosci.pl\/pawiak\/wp-content\/gallery\/salareliktowgrypsow\/dsc5614.jpg\"\n               data-thumbnail=\"http:\/\/archiwum.muzeum-niepodleglosci.pl\/pawiak\/wp-content\/gallery\/salareliktowgrypsow\/thumbs\/thumbs_dsc5614.jpg\"\n               data-image-id=\"188\"\n               data-title=\"Kliknij aby powi\u0119kszy\u0107\"\n               data-description=\"\"\n               data-image-slug=\"kliknij-aby-powiekszyc-153\"\n               class=\"ngg-fancybox\" rel=\"1df3b2f6d42cba005484164a5198d65d\">\n                <img\n                    title=\"Kliknij aby powi\u0119kszy\u0107\"\n                    alt=\"Kliknij aby powi\u0119kszy\u0107\"\n                    src=\"http:\/\/archiwum.muzeum-niepodleglosci.pl\/pawiak\/wp-content\/gallery\/salareliktowgrypsow\/thumbs\/thumbs_dsc5614.jpg\"\n                    width=\"100\"\n                    height=\"75\"\n                    style=\"max-width:100%;\"\n                \/>\n            <\/a>\n        <\/div>\n\t\t\t\t\t\t\t<\/div> \n\t\t\t\n        \n\t\t\t\t<div id=\"ngg-image-8\" class=\"ngg-gallery-thumbnail-box\" >\n\t\t\t\t        <div class=\"ngg-gallery-thumbnail\">\n            <a href=\"http:\/\/archiwum.muzeum-niepodleglosci.pl\/pawiak\/wp-content\/gallery\/salareliktowgrypsow\/dsc5617.jpg\"\n               title=\"\"\n               data-src=\"http:\/\/archiwum.muzeum-niepodleglosci.pl\/pawiak\/wp-content\/gallery\/salareliktowgrypsow\/dsc5617.jpg\"\n               data-thumbnail=\"http:\/\/archiwum.muzeum-niepodleglosci.pl\/pawiak\/wp-content\/gallery\/salareliktowgrypsow\/thumbs\/thumbs_dsc5617.jpg\"\n               data-image-id=\"189\"\n               data-title=\"Kliknij aby powi\u0119kszy\u0107\"\n               data-description=\"\"\n               data-image-slug=\"kliknij-aby-powiekszyc-154\"\n               class=\"ngg-fancybox\" rel=\"1df3b2f6d42cba005484164a5198d65d\">\n                <img\n                    title=\"Kliknij aby powi\u0119kszy\u0107\"\n                    alt=\"Kliknij aby powi\u0119kszy\u0107\"\n                    src=\"http:\/\/archiwum.muzeum-niepodleglosci.pl\/pawiak\/wp-content\/gallery\/salareliktowgrypsow\/thumbs\/thumbs_dsc5617.jpg\"\n                    width=\"100\"\n                    height=\"75\"\n                    style=\"max-width:100%;\"\n                \/>\n            <\/a>\n        <\/div>\n\t\t\t\t\t\t\t<\/div> \n\t\t\t\n        \n\t\t\t\t<div id=\"ngg-image-9\" class=\"ngg-gallery-thumbnail-box\" >\n\t\t\t\t        <div class=\"ngg-gallery-thumbnail\">\n            <a href=\"http:\/\/archiwum.muzeum-niepodleglosci.pl\/pawiak\/wp-content\/gallery\/salareliktowgrypsow\/dsc5623.jpg\"\n               title=\"\"\n               data-src=\"http:\/\/archiwum.muzeum-niepodleglosci.pl\/pawiak\/wp-content\/gallery\/salareliktowgrypsow\/dsc5623.jpg\"\n               data-thumbnail=\"http:\/\/archiwum.muzeum-niepodleglosci.pl\/pawiak\/wp-content\/gallery\/salareliktowgrypsow\/thumbs\/thumbs_dsc5623.jpg\"\n               data-image-id=\"190\"\n               data-title=\"Kliknij aby powi\u0119kszy\u0107\"\n               data-description=\"\"\n               data-image-slug=\"kliknij-aby-powiekszyc-155\"\n               class=\"ngg-fancybox\" rel=\"1df3b2f6d42cba005484164a5198d65d\">\n                <img\n                    title=\"Kliknij aby powi\u0119kszy\u0107\"\n                    alt=\"Kliknij aby powi\u0119kszy\u0107\"\n                    src=\"http:\/\/archiwum.muzeum-niepodleglosci.pl\/pawiak\/wp-content\/gallery\/salareliktowgrypsow\/thumbs\/thumbs_dsc5623.jpg\"\n                    width=\"100\"\n                    height=\"75\"\n                    style=\"max-width:100%;\"\n                \/>\n            <\/a>\n        <\/div>\n\t\t\t\t\t\t\t<\/div> \n\t\t\t\n        \n\t\t\t\t<div id=\"ngg-image-10\" class=\"ngg-gallery-thumbnail-box\" >\n\t\t\t\t        <div class=\"ngg-gallery-thumbnail\">\n            <a href=\"http:\/\/archiwum.muzeum-niepodleglosci.pl\/pawiak\/wp-content\/gallery\/salareliktowgrypsow\/dsc5628.jpg\"\n               title=\"\"\n               data-src=\"http:\/\/archiwum.muzeum-niepodleglosci.pl\/pawiak\/wp-content\/gallery\/salareliktowgrypsow\/dsc5628.jpg\"\n               data-thumbnail=\"http:\/\/archiwum.muzeum-niepodleglosci.pl\/pawiak\/wp-content\/gallery\/salareliktowgrypsow\/thumbs\/thumbs_dsc5628.jpg\"\n               data-image-id=\"191\"\n               data-title=\"Kliknij aby powi\u0119kszy\u0107\"\n               data-description=\"\"\n               data-image-slug=\"kliknij-aby-powiekszyc-156\"\n               class=\"ngg-fancybox\" rel=\"1df3b2f6d42cba005484164a5198d65d\">\n                <img\n                    title=\"Kliknij aby powi\u0119kszy\u0107\"\n                    alt=\"Kliknij aby powi\u0119kszy\u0107\"\n                    src=\"http:\/\/archiwum.muzeum-niepodleglosci.pl\/pawiak\/wp-content\/gallery\/salareliktowgrypsow\/thumbs\/thumbs_dsc5628.jpg\"\n                    width=\"100\"\n                    height=\"75\"\n                    style=\"max-width:100%;\"\n                \/>\n            <\/a>\n        <\/div>\n\t\t\t\t\t\t\t<\/div> \n\t\t\t\n        \n\t\t\n\t\t<!-- Pagination -->\n\t<div class='ngg-clear'><\/div>\t<\/div>\n<\/strong><\/p>\n","protected":false},"excerpt":{"rendered":"<p>Najnowsz\u0105 cz\u0119\u015bci\u0105 wystawy sta\u0142ej, kt\u00f3r\u0105 udost\u0119pnili\u015bmy publiczno\u015bci 26 wrze\u015bnia 2008 r., jest ekspozycja biograficzna pt. &#8222;Zapami\u0119tajmy ich twarze&#8221;. Wystawa ma na celu przybli\u017cenie historii wi\u0119zienia Pawiak w latach 1939-1944 poprzez indywidualne losy os\u00f3b zamordowanych w wi\u0119zieniu, areszcie na Szucha, egzekucjach &hellip; <a href=\"http:\/\/archiwum.muzeum-niepodleglosci.pl\/pawiak\/ekspozycja\/zapamietajmy-ich-twarze\/\">Czytaj dalej <span class=\"meta-nav\">&rarr;<\/span><\/a><\/p>\n","protected":false},"author":1,"featured_media":0,"parent":42,"menu_order":3,"comment_status":"open","ping_status":"open","template":"","meta":{"ngg_post_thumbnail":0},"aioseo_notices":[],"_links":{"self":[{"href":"http:\/\/archiwum.muzeum-niepodleglosci.pl\/pawiak\/wp-json\/wp\/v2\/pages\/51"}],"collection":[{"href":"http:\/\/archiwum.muzeum-niepodleglosci.pl\/pawiak\/wp-json\/wp\/v2\/pages"}],"about":[{"href":"http:\/\/archiwum.muzeum-niepodleglosci.pl\/pawiak\/wp-json\/wp\/v2\/types\/page"}],"author":[{"embeddable":true,"href":"http:\/\/archiwum.muzeum-niepodleglosci.pl\/pawiak\/wp-json\/wp\/v2\/users\/1"}],"replies":[{"embeddable":true,"href":"http:\/\/archiwum.muzeum-niepodleglosci.pl\/pawiak\/wp-json\/wp\/v2\/comments?post=51"}],"version-history":[{"count":4,"href":"http:\/\/archiwum.muzeum-niepodleglosci.pl\/pawiak\/wp-json\/wp\/v2\/pages\/51\/revisions"}],"predecessor-version":[{"id":325,"href":"http:\/\/archiwum.muzeum-niepodleglosci.pl\/pawiak\/wp-json\/wp\/v2\/pages\/51\/revisions\/325"}],"up":[{"embeddable":true,"href":"http:\/\/archiwum.muzeum-niepodleglosci.pl\/pawiak\/wp-json\/wp\/v2\/pages\/42"}],"wp:attachment":[{"href":"http:\/\/archiwum.muzeum-niepodleglosci.pl\/pawiak\/wp-json\/wp\/v2\/media?parent=51"}],"curies":[{"name":"wp","href":"https:\/\/api.w.org\/{rel}","templated":true}]}}