{"id":42,"date":"2012-06-08T23:33:58","date_gmt":"2012-06-08T23:33:58","guid":{"rendered":"http:\/\/www.muzeum-niepodleglosci.home.pl\/pawiak\/?page_id=42"},"modified":"2012-06-21T21:20:49","modified_gmt":"2012-06-21T19:20:49","slug":"ekspozycja","status":"publish","type":"page","link":"http:\/\/archiwum.muzeum-niepodleglosci.pl\/pawiak\/ekspozycja\/","title":{"rendered":"Ekspozycja"},"content":{"rendered":"<ul>\n<li><a title=\"Pawiak 1835 \u2013 1939\" href=\"http:\/\/www.muzeum-niepodleglosci.home.pl\/pawiak\/ekspozycja\/pawiak-1835-1939\/\" target=\"_blank\">Pawiak 1835 &#8211; 1939<\/a><\/li>\n<\/ul>\n<ul>\n<li><a title=\"Pawiak 1939 \u2013 1944\" href=\"http:\/\/www.muzeum-niepodleglosci.home.pl\/pawiak\/ekspozycja\/pawiak-1939-1944\/\" target=\"_blank\">Pawiak 1939 &#8211; 1944<\/a><\/li>\n<\/ul>\n<ul>\n<li><a title=\"Korytarz oddzia\u0142u VII i cele \u2013 rekonstrukcja\" href=\"http:\/\/www.muzeum-niepodleglosci.home.pl\/pawiak\/ekspozycja\/korytarz-oddzialu-vii-i-cele-rekonstrukcja\/\" target=\"_blank\">Korytarz oddzia\u0142u VII i cele \u2013 rekonstrukcja<\/a><\/li>\n<\/ul>\n<ul>\n<li><a title=\"Zapami\u0119tajmy ich twarze\" href=\"http:\/\/www.muzeum-niepodleglosci.home.pl\/pawiak\/ekspozycja\/zapamietajmy-ich-twarze\/\" target=\"_blank\">Zapami\u0119tajmy ich twarze<\/a><\/li>\n<\/ul>\n<ul>\n<li><a title=\"Dzie\u0144 powszedni na Pawiaku\" href=\"http:\/\/www.muzeum-niepodleglosci.home.pl\/pawiak\/ekspozycja\/dzien-powszedni-na-pawiaku\/\" target=\"_blank\">Dzie\u0144 powszedni na Pawiaku<\/a><\/li>\n<\/ul>\n<ul>\n<li><a title=\"Sala relikt\u00f3w i gryps\u00f3w\" href=\"http:\/\/www.muzeum-niepodleglosci.home.pl\/pawiak\/ekspozycja\/sala-reliktow-i-grypsow\/\" target=\"_blank\">Sala relikt\u00f3w i gryps\u00f3w<\/a><\/li>\n<\/ul>\n<ul>\n<li><a title=\"Sala Drzewa Pawiackiego\" href=\"http:\/\/www.muzeum-niepodleglosci.home.pl\/pawiak\/ekspozycja\/sala-drzewa-pawiackiego\/\" target=\"_blank\">Sala Drzewa Pawiackiego<\/a><\/li>\n<\/ul>\n","protected":false},"excerpt":{"rendered":"<p>Pawiak 1835 &#8211; 1939 Pawiak 1939 &#8211; 1944 Korytarz oddzia\u0142u VII i cele \u2013 rekonstrukcja Zapami\u0119tajmy ich twarze Dzie\u0144 powszedni na Pawiaku Sala relikt\u00f3w i gryps\u00f3w Sala Drzewa Pawiackiego<\/p>\n","protected":false},"author":1,"featured_media":0,"parent":0,"menu_order":3,"comment_status":"open","ping_status":"open","template":"","meta":{"ngg_post_thumbnail":0},"aioseo_notices":[],"_links":{"self":[{"href":"http:\/\/archiwum.muzeum-niepodleglosci.pl\/pawiak\/wp-json\/wp\/v2\/pages\/42"}],"collection":[{"href":"http:\/\/archiwum.muzeum-niepodleglosci.pl\/pawiak\/wp-json\/wp\/v2\/pages"}],"about":[{"href":"http:\/\/archiwum.muzeum-niepodleglosci.pl\/pawiak\/wp-json\/wp\/v2\/types\/page"}],"author":[{"embeddable":true,"href":"http:\/\/archiwum.muzeum-niepodleglosci.pl\/pawiak\/wp-json\/wp\/v2\/users\/1"}],"replies":[{"embeddable":true,"href":"http:\/\/archiwum.muzeum-niepodleglosci.pl\/pawiak\/wp-json\/wp\/v2\/comments?post=42"}],"version-history":[{"count":4,"href":"http:\/\/archiwum.muzeum-niepodleglosci.pl\/pawiak\/wp-json\/wp\/v2\/pages\/42\/revisions"}],"predecessor-version":[{"id":157,"href":"http:\/\/archiwum.muzeum-niepodleglosci.pl\/pawiak\/wp-json\/wp\/v2\/pages\/42\/revisions\/157"}],"wp:attachment":[{"href":"http:\/\/archiwum.muzeum-niepodleglosci.pl\/pawiak\/wp-json\/wp\/v2\/media?parent=42"}],"curies":[{"name":"wp","href":"https:\/\/api.w.org\/{rel}","templated":true}]}}