{"id":406,"date":"2012-06-25T18:17:49","date_gmt":"2012-06-25T16:17:49","guid":{"rendered":"http:\/\/www.muzeum-niepodleglosci.home.pl\/pawiak\/?page_id=406"},"modified":"2012-06-25T18:26:24","modified_gmt":"2012-06-25T16:26:24","slug":"publikacje","status":"publish","type":"page","link":"http:\/\/archiwum.muzeum-niepodleglosci.pl\/pawiak\/publikacje\/","title":{"rendered":"Publikacje"},"content":{"rendered":"<p style=\"text-align: justify;\" align=\"left\"><strong><a href=\"http:\/\/www.muzeum-niepodleglosci.home.pl\/pawiak\/wp-content\/uploads\/2012\/06\/pawiak.jpg\"><img decoding=\"async\" loading=\"lazy\" class=\"alignright size-medium wp-image-413\" title=\"pawiak\" src=\"http:\/\/www.muzeum-niepodleglosci.home.pl\/pawiak\/wp-content\/uploads\/2012\/06\/pawiak-235x300.jpg\" alt=\"\" width=\"235\" height=\"300\" srcset=\"http:\/\/archiwum.muzeum-niepodleglosci.pl\/pawiak\/wp-content\/uploads\/2012\/06\/pawiak-235x300.jpg 235w, http:\/\/archiwum.muzeum-niepodleglosci.pl\/pawiak\/wp-content\/uploads\/2012\/06\/pawiak.jpg 420w\" sizes=\"(max-width: 235px) 100vw, 235px\" \/><\/a>PAWIAK 1835-1944 <\/strong>: przewodnik po ekspozycji sta\u0142ej \/ red. i s\u0142owo wst\u0119pne Andrzej Stawarz ; tekst Andrzej Krzysztof Kunert, Magdalena Woltanowska ; t\u0142 na j. ang. Pawe\u0142 Broszkowski ; Muzeum Wi\u0119zienia &#8222;Pawiak&#8221; Oddzia\u0142 Muzeum Niepodleg\u0142o\u015bci w Warszawie. &#8211; Warszawa : Muzeum Niepodleg\u0142o\u015bci, 2002. &#8211; 95 s. : il. ; 26 x 21 cm<br \/>\nBibliografia .s .95. &#8211; Str. tyt. i tekst w j. polskim i angielskim<br \/>\nPrzewodnik prezentuje trzeci\u0105 w dziejach Muzeum Wi\u0119zienia &#8222;Pawiak&#8221; ekspozycj\u0119 sta\u0142\u0105 obejmuj\u0105c\u0105 ca\u0142y okres funkcjonowania wi\u0119zienia ze szczeg\u00f3lnym uwzgl\u0119dnieniem czas\u00f3w okupacji niemieckiej 1939-1944 kiedy Pawiak sta\u0142 si\u0119 symbolem martyrologii a jednocze\u015bnie symbolem bohaterstwa i bezgranicznego po\u015bwi\u0119cenia setek tysi\u0119cy polskich patriot\u00f3w.<\/p>\n<p style=\"text-align: justify;\" align=\"left\"><strong><a href=\"http:\/\/www.muzeum-niepodleglosci.home.pl\/pawiak\/wp-content\/uploads\/2012\/06\/pawiak-1835.jpg\"><img decoding=\"async\" loading=\"lazy\" class=\"alignright  wp-image-414\" title=\"pawiak 1835\" src=\"http:\/\/www.muzeum-niepodleglosci.home.pl\/pawiak\/wp-content\/uploads\/2012\/06\/pawiak-1835-300x290.jpg\" alt=\"\" width=\"270\" height=\"261\" srcset=\"http:\/\/archiwum.muzeum-niepodleglosci.pl\/pawiak\/wp-content\/uploads\/2012\/06\/pawiak-1835-300x290.jpg 300w, http:\/\/archiwum.muzeum-niepodleglosci.pl\/pawiak\/wp-content\/uploads\/2012\/06\/pawiak-1835-309x300.jpg 309w, http:\/\/archiwum.muzeum-niepodleglosci.pl\/pawiak\/wp-content\/uploads\/2012\/06\/pawiak-1835.jpg 424w\" sizes=\"(max-width: 270px) 100vw, 270px\" \/><\/a>PAWIAK 1835-1944 <\/strong>przewodnik po ekspozycji sta\u0142ej \/ autorzy tekst\u00f3w Magdalena Woltanowska, Andrzej Krzysztof Kunert, Joanna Gierczy\u0144ska ; koncepcja i kierownictwo projektu Andrzej Stawarz ; Muzeum Wi\u0119zienia Pawiak Oddzia\u0142 Muzeum Niepodleg\u0142o\u015bci w Warszawie. &#8211; Warszawa : Muzeum Niepodleg\u0142o\u015bci w Warszawie, 2004. &#8211; 48 s. : il. (cz\u0119\u015bc. kolor.) + 1 p\u0142yta CD-Rom ; 20 x 20 cm<br \/>\nInformator ksi\u0105\u017ckowy + p\u0142yta CD-ROM<br \/>\nMinimalne wymagania sprz\u0119towe: procesor Pentium II 600, 128 MB RAM, karta graficzna 800 x 600, karta d\u017awi\u0119kowa, Windows 95, CD-ROM<br \/>\nOpracowany w polsko-niemieckiej wersji j\u0119zykowej multimedialny przewodnik po Muzeum Wi\u0119zienia Pawiak pog\u0142\u0119bia i rozszerza wiedz\u0119 o historii jednego z wa\u017cniejszych dla Warszawy miejsc pami\u0119ci, cz\u0119sto odwiedzanego przez widz\u00f3w z zagranicy, tak\u017ce z Niemiec. Informator na p\u0142ycie CD zawiera ok. 200 s. tekst\u00f3w informacyjnych oraz 500 fotografii wraz z nagraniami fonograficznymi.<br \/>\nPublikacja powsta\u0142a dzi\u0119ki wsparciu Fundacji Wsp\u00f3\u0142pracy Polsko-Niemieckiej.<\/p>\n","protected":false},"excerpt":{"rendered":"<p>PAWIAK 1835-1944 : przewodnik po ekspozycji sta\u0142ej \/ red. i s\u0142owo wst\u0119pne Andrzej Stawarz ; tekst Andrzej Krzysztof Kunert, Magdalena Woltanowska ; t\u0142 na j. ang. Pawe\u0142 Broszkowski ; Muzeum Wi\u0119zienia &#8222;Pawiak&#8221; Oddzia\u0142 Muzeum Niepodleg\u0142o\u015bci w Warszawie. &#8211; Warszawa : &hellip; <a href=\"http:\/\/archiwum.muzeum-niepodleglosci.pl\/pawiak\/publikacje\/\">Czytaj dalej <span class=\"meta-nav\">&rarr;<\/span><\/a><\/p>\n","protected":false},"author":1,"featured_media":0,"parent":0,"menu_order":0,"comment_status":"closed","ping_status":"open","template":"","meta":{"ngg_post_thumbnail":0},"aioseo_notices":[],"_links":{"self":[{"href":"http:\/\/archiwum.muzeum-niepodleglosci.pl\/pawiak\/wp-json\/wp\/v2\/pages\/406"}],"collection":[{"href":"http:\/\/archiwum.muzeum-niepodleglosci.pl\/pawiak\/wp-json\/wp\/v2\/pages"}],"about":[{"href":"http:\/\/archiwum.muzeum-niepodleglosci.pl\/pawiak\/wp-json\/wp\/v2\/types\/page"}],"author":[{"embeddable":true,"href":"http:\/\/archiwum.muzeum-niepodleglosci.pl\/pawiak\/wp-json\/wp\/v2\/users\/1"}],"replies":[{"embeddable":true,"href":"http:\/\/archiwum.muzeum-niepodleglosci.pl\/pawiak\/wp-json\/wp\/v2\/comments?post=406"}],"version-history":[{"count":5,"href":"http:\/\/archiwum.muzeum-niepodleglosci.pl\/pawiak\/wp-json\/wp\/v2\/pages\/406\/revisions"}],"predecessor-version":[{"id":410,"href":"http:\/\/archiwum.muzeum-niepodleglosci.pl\/pawiak\/wp-json\/wp\/v2\/pages\/406\/revisions\/410"}],"wp:attachment":[{"href":"http:\/\/archiwum.muzeum-niepodleglosci.pl\/pawiak\/wp-json\/wp\/v2\/media?parent=406"}],"curies":[{"name":"wp","href":"https:\/\/api.w.org\/{rel}","templated":true}]}}