{"id":30,"date":"2012-06-08T23:24:09","date_gmt":"2012-06-08T23:24:09","guid":{"rendered":"http:\/\/www.muzeum-niepodleglosci.home.pl\/pawiak\/?page_id=30"},"modified":"2012-06-21T21:07:30","modified_gmt":"2012-06-21T19:07:30","slug":"pomnik-drzewa-pawiackiego","status":"publish","type":"page","link":"http:\/\/archiwum.muzeum-niepodleglosci.pl\/pawiak\/o-muzeum\/pomnik-drzewa-pawiackiego\/","title":{"rendered":"Pomnik Drzewa Pawiackiego"},"content":{"rendered":"<p style=\"text-align: justify;\">Wa\u017cnym wydarzeniem, szczeg\u00f3lnie dla by\u0142ych wi\u0119\u017ani\u00f3w Pawiaka i ich rodzin, by\u0142a uroczysto\u015b\u0107 ods\u0142oni\u0119cia Pomnika Drzewa Pawiackiego, kt\u00f3ra odby\u0142a si\u0119 8 czerwca 2005 r. <em>W imi\u0119 wiecznej pami\u0119ci, jako symbol przetrwania, \u017cycia i jego przewagi nad \u015bmierci\u0105. W imi\u0119 przewagi mi\u0142o\u015bci nad nienawi\u015bci\u0105<\/em> \u2013 napisa\u0142 w <em>Ksi\u0119dze Pami\u0105tkowej<\/em> tu\u017c po zako\u0144czeniu uroczysto\u015bci ods\u0142oni\u0119cia Pomnika Drzewa Pawiackiego Adam Struzik \u2013 Marsza\u0142ek Wojew\u00f3dztwa Mazowieckiego, kt\u00f3ry wraz z Lechem Kaczy\u0144skim \u2013 prezydentem Warszawy ods\u0142onili ten niepowtarzalny pomnik \u2013 kopi\u0119 drzewa wi\u0105zu odlan\u0105 w br\u0105zie. Wi\u0105z limak \u2013 \u015bwiadek ludzkiego cierpienia, bohaterstwa i zbrodni przetrwa\u0142 wysadzenie Pawiaka. Pierwsze tabliczki z nazwiskami ofiar rodziny przybija\u0142y bezpo\u015brednio do pnia drzewa ju\u017c na pocz\u0105tku 1945 r. W 1984 r. na skutek pora\u017cenia przez grafioz\u0119, chorob\u0119 wi\u0105z\u00f3w, drzewo obumar\u0142o. W latach 1992\u20131993 zosta\u0142o zakonserwowane, m.in. nas\u0105czone p\u0142ynami impregnacyjnymi, korzenie wzmocniono specjaln\u0105 konstrukcj\u0105 \u017celbetow\u0105 oraz dokonano ci\u0119cia kosmetycznego drobnych ga\u0142\u0119zi. Wykonano te\u017c metalow\u0105 obr\u0119cz, do kt\u00f3rej przytwierdzono tabliczki. Dzi\u0119ki zabiegom konserwatorskim drzewo przetrwa\u0142o kolejne 11 lat. Na pocz\u0105tku 2004 r. na podstawie trzech specjalistycznych opinii konserwatorskich, kt\u00f3re dowiod\u0142y, \u017ce dalsza skuteczna konserwacja istniej\u0105cej struktury nie jest ju\u017c mo\u017cliwa, zadecydowano o zast\u0105pieniu orygina\u0142u kopi\u0105 z br\u0105zu.<\/p>\n<p style=\"text-align: justify;\">Wykonanie tego wyj\u0105tkowego pomnika sfinansowa\u0142o Miasto Sto\u0142eczne Warszawa oraz Urz\u0105d Marsza\u0142kowski Wojew\u00f3dztwa Mazowieckiego. Realizacj\u0119 powierzono Gliwickim Zak\u0142adom Urz\u0105dze\u0144 Technicznych S.A. \u2013 firmie z ponad 200-letni\u0105 tradycj\u0105 odlewnictwa artystycznego. W Gliwicach wykonano r\u00f3wnie\u017c now\u0105 kratownic\u0119 okalaj\u0105ca pomnik, na kt\u00f3rej zn\u00f3w pojawi\u0142y si\u0119 tabliczki, odrestaurowane w pracowni S\u0142awomira Szubko, kt\u00f3ry z du\u017c\u0105 pieczo\u0142owito\u015bci\u0105 odtworzy\u0142 kszta\u0142t, kolorystyk\u0119 i liternictwo orygina\u0142\u00f3w. Dla pana Szubko Pawiak jest szczeg\u00f3lnym miejscem \u2013 Niemcy uwi\u0119zili i zamordowali tu jego ojca i stryja. Jedna ze 140 tabliczek zosta\u0142a im po\u015bwi\u0119cona.<\/p>\n<p>&nbsp;<\/p>\n<!-- index.php -->\n<div\n\tclass=\"ngg-galleryoverview ngg-ajax-pagination-none\"\n\tid=\"ngg-gallery-03cd1f72a0b94c2498fda5f57662fbac-1\">\n\n    \t<div class=\"slideshowlink\">\n        <a href='http:\/\/archiwum.muzeum-niepodleglosci.pl\/pawiak\/o-muzeum\/pomnik-drzewa-pawiackiego\/nggallery\/slideshow'>[Pokaz zdj\u0119\u0107]<\/a>\n\t\t\n\t<\/div>\n\t\t\t<!-- Thumbnails -->\n\t\t\t\t<div id=\"ngg-image-0\" class=\"ngg-gallery-thumbnail-box\" >\n\t\t\t\t        <div class=\"ngg-gallery-thumbnail\">\n            <a href=\"http:\/\/archiwum.muzeum-niepodleglosci.pl\/pawiak\/wp-content\/gallery\/pomnikdrzewapawiackiego\/33396kopia.jpg\"\n               title=\"\"\n               data-src=\"http:\/\/archiwum.muzeum-niepodleglosci.pl\/pawiak\/wp-content\/gallery\/pomnikdrzewapawiackiego\/33396kopia.jpg\"\n               data-thumbnail=\"http:\/\/archiwum.muzeum-niepodleglosci.pl\/pawiak\/wp-content\/gallery\/pomnikdrzewapawiackiego\/thumbs\/thumbs_33396kopia.jpg\"\n               data-image-id=\"233\"\n               data-title=\"Kliknij aby powi\u0119kszy\u0107\"\n               data-description=\"\"\n               data-image-slug=\"kliknij-aby-powiekszyc-198\"\n               class=\"ngg-fancybox\" rel=\"03cd1f72a0b94c2498fda5f57662fbac\">\n                <img\n                    title=\"Kliknij aby powi\u0119kszy\u0107\"\n                    alt=\"Kliknij aby powi\u0119kszy\u0107\"\n                    src=\"http:\/\/archiwum.muzeum-niepodleglosci.pl\/pawiak\/wp-content\/gallery\/pomnikdrzewapawiackiego\/thumbs\/thumbs_33396kopia.jpg\"\n                    width=\"100\"\n                    height=\"75\"\n                    style=\"max-width:100%;\"\n                \/>\n            <\/a>\n        <\/div>\n\t\t\t\t\t\t\t<\/div> \n\t\t\t\n        \n\t\t\t\t<div id=\"ngg-image-1\" class=\"ngg-gallery-thumbnail-box\" >\n\t\t\t\t        <div class=\"ngg-gallery-thumbnail\">\n            <a href=\"http:\/\/archiwum.muzeum-niepodleglosci.pl\/pawiak\/wp-content\/gallery\/pomnikdrzewapawiackiego\/skan011.jpg\"\n               title=\"\"\n               data-src=\"http:\/\/archiwum.muzeum-niepodleglosci.pl\/pawiak\/wp-content\/gallery\/pomnikdrzewapawiackiego\/skan011.jpg\"\n               data-thumbnail=\"http:\/\/archiwum.muzeum-niepodleglosci.pl\/pawiak\/wp-content\/gallery\/pomnikdrzewapawiackiego\/thumbs\/thumbs_skan011.jpg\"\n               data-image-id=\"234\"\n               data-title=\"Kliknij aby powi\u0119kszy\u0107\"\n               data-description=\"\"\n               data-image-slug=\"kliknij-aby-powiekszyc-199\"\n               class=\"ngg-fancybox\" rel=\"03cd1f72a0b94c2498fda5f57662fbac\">\n                <img\n                    title=\"Kliknij aby powi\u0119kszy\u0107\"\n                    alt=\"Kliknij aby powi\u0119kszy\u0107\"\n                    src=\"http:\/\/archiwum.muzeum-niepodleglosci.pl\/pawiak\/wp-content\/gallery\/pomnikdrzewapawiackiego\/thumbs\/thumbs_skan011.jpg\"\n                    width=\"100\"\n                    height=\"75\"\n                    style=\"max-width:100%;\"\n                \/>\n            <\/a>\n        <\/div>\n\t\t\t\t\t\t\t<\/div> \n\t\t\t\n        \n\t\t\t\t<div id=\"ngg-image-2\" class=\"ngg-gallery-thumbnail-box\" >\n\t\t\t\t        <div class=\"ngg-gallery-thumbnail\">\n            <a href=\"http:\/\/archiwum.muzeum-niepodleglosci.pl\/pawiak\/wp-content\/gallery\/pomnikdrzewapawiackiego\/skan012.jpg\"\n               title=\"\"\n               data-src=\"http:\/\/archiwum.muzeum-niepodleglosci.pl\/pawiak\/wp-content\/gallery\/pomnikdrzewapawiackiego\/skan012.jpg\"\n               data-thumbnail=\"http:\/\/archiwum.muzeum-niepodleglosci.pl\/pawiak\/wp-content\/gallery\/pomnikdrzewapawiackiego\/thumbs\/thumbs_skan012.jpg\"\n               data-image-id=\"235\"\n               data-title=\"Kliknij aby powi\u0119kszy\u0107\"\n               data-description=\"\"\n               data-image-slug=\"kliknij-aby-powiekszyc-200\"\n               class=\"ngg-fancybox\" rel=\"03cd1f72a0b94c2498fda5f57662fbac\">\n                <img\n                    title=\"Kliknij aby powi\u0119kszy\u0107\"\n                    alt=\"Kliknij aby powi\u0119kszy\u0107\"\n                    src=\"http:\/\/archiwum.muzeum-niepodleglosci.pl\/pawiak\/wp-content\/gallery\/pomnikdrzewapawiackiego\/thumbs\/thumbs_skan012.jpg\"\n                    width=\"100\"\n                    height=\"75\"\n                    style=\"max-width:100%;\"\n                \/>\n            <\/a>\n        <\/div>\n\t\t\t\t\t\t\t<\/div> \n\t\t\t\n        \n\t\t\t\t<div id=\"ngg-image-3\" class=\"ngg-gallery-thumbnail-box\" >\n\t\t\t\t        <div class=\"ngg-gallery-thumbnail\">\n            <a href=\"http:\/\/archiwum.muzeum-niepodleglosci.pl\/pawiak\/wp-content\/gallery\/pomnikdrzewapawiackiego\/skan013.jpg\"\n               title=\"\"\n               data-src=\"http:\/\/archiwum.muzeum-niepodleglosci.pl\/pawiak\/wp-content\/gallery\/pomnikdrzewapawiackiego\/skan013.jpg\"\n               data-thumbnail=\"http:\/\/archiwum.muzeum-niepodleglosci.pl\/pawiak\/wp-content\/gallery\/pomnikdrzewapawiackiego\/thumbs\/thumbs_skan013.jpg\"\n               data-image-id=\"236\"\n               data-title=\"Kliknij aby powi\u0119kszy\u0107\"\n               data-description=\"\"\n               data-image-slug=\"kliknij-aby-powiekszyc-201\"\n               class=\"ngg-fancybox\" rel=\"03cd1f72a0b94c2498fda5f57662fbac\">\n                <img\n                    title=\"Kliknij aby powi\u0119kszy\u0107\"\n                    alt=\"Kliknij aby powi\u0119kszy\u0107\"\n                    src=\"http:\/\/archiwum.muzeum-niepodleglosci.pl\/pawiak\/wp-content\/gallery\/pomnikdrzewapawiackiego\/thumbs\/thumbs_skan013.jpg\"\n                    width=\"100\"\n                    height=\"75\"\n                    style=\"max-width:100%;\"\n                \/>\n            <\/a>\n        <\/div>\n\t\t\t\t\t\t\t<\/div> \n\t\t\t\n        \n\t\t\t\t<div id=\"ngg-image-4\" class=\"ngg-gallery-thumbnail-box\" >\n\t\t\t\t        <div class=\"ngg-gallery-thumbnail\">\n            <a href=\"http:\/\/archiwum.muzeum-niepodleglosci.pl\/pawiak\/wp-content\/gallery\/pomnikdrzewapawiackiego\/skan015.jpg\"\n               title=\"\"\n               data-src=\"http:\/\/archiwum.muzeum-niepodleglosci.pl\/pawiak\/wp-content\/gallery\/pomnikdrzewapawiackiego\/skan015.jpg\"\n               data-thumbnail=\"http:\/\/archiwum.muzeum-niepodleglosci.pl\/pawiak\/wp-content\/gallery\/pomnikdrzewapawiackiego\/thumbs\/thumbs_skan015.jpg\"\n               data-image-id=\"237\"\n               data-title=\"Kliknij aby powi\u0119kszy\u0107\"\n               data-description=\"\"\n               data-image-slug=\"kliknij-aby-powiekszyc-202\"\n               class=\"ngg-fancybox\" rel=\"03cd1f72a0b94c2498fda5f57662fbac\">\n                <img\n                    title=\"Kliknij aby powi\u0119kszy\u0107\"\n                    alt=\"Kliknij aby powi\u0119kszy\u0107\"\n                    src=\"http:\/\/archiwum.muzeum-niepodleglosci.pl\/pawiak\/wp-content\/gallery\/pomnikdrzewapawiackiego\/thumbs\/thumbs_skan015.jpg\"\n                    width=\"100\"\n                    height=\"75\"\n                    style=\"max-width:100%;\"\n                \/>\n            <\/a>\n        <\/div>\n\t\t\t\t\t\t\t<\/div> \n\t\t\t\n        \n\t\t\t\t<div id=\"ngg-image-5\" class=\"ngg-gallery-thumbnail-box\" >\n\t\t\t\t        <div class=\"ngg-gallery-thumbnail\">\n            <a href=\"http:\/\/archiwum.muzeum-niepodleglosci.pl\/pawiak\/wp-content\/gallery\/pomnikdrzewapawiackiego\/skan016_0.jpg\"\n               title=\"\"\n               data-src=\"http:\/\/archiwum.muzeum-niepodleglosci.pl\/pawiak\/wp-content\/gallery\/pomnikdrzewapawiackiego\/skan016_0.jpg\"\n               data-thumbnail=\"http:\/\/archiwum.muzeum-niepodleglosci.pl\/pawiak\/wp-content\/gallery\/pomnikdrzewapawiackiego\/thumbs\/thumbs_skan016_0.jpg\"\n               data-image-id=\"266\"\n               data-title=\"Kliknij aby powi\u0119kszy\u0107\"\n               data-description=\"\"\n               data-image-slug=\"kliknij-aby-powiekszyc-46\"\n               class=\"ngg-fancybox\" rel=\"03cd1f72a0b94c2498fda5f57662fbac\">\n                <img\n                    title=\"Kliknij aby powi\u0119kszy\u0107\"\n                    alt=\"Kliknij aby powi\u0119kszy\u0107\"\n                    src=\"http:\/\/archiwum.muzeum-niepodleglosci.pl\/pawiak\/wp-content\/gallery\/pomnikdrzewapawiackiego\/thumbs\/thumbs_skan016_0.jpg\"\n                    width=\"100\"\n                    height=\"75\"\n                    style=\"max-width:100%;\"\n                \/>\n            <\/a>\n        <\/div>\n\t\t\t\t\t\t\t<\/div> \n\t\t\t\n        \n\t\t\t\t<div id=\"ngg-image-6\" class=\"ngg-gallery-thumbnail-box\" >\n\t\t\t\t        <div class=\"ngg-gallery-thumbnail\">\n            <a href=\"http:\/\/archiwum.muzeum-niepodleglosci.pl\/pawiak\/wp-content\/gallery\/pomnikdrzewapawiackiego\/skan017_0.jpg\"\n               title=\"\"\n               data-src=\"http:\/\/archiwum.muzeum-niepodleglosci.pl\/pawiak\/wp-content\/gallery\/pomnikdrzewapawiackiego\/skan017_0.jpg\"\n               data-thumbnail=\"http:\/\/archiwum.muzeum-niepodleglosci.pl\/pawiak\/wp-content\/gallery\/pomnikdrzewapawiackiego\/thumbs\/thumbs_skan017_0.jpg\"\n               data-image-id=\"267\"\n               data-title=\"Kliknij aby powi\u0119kszy\u0107\"\n               data-description=\"\"\n               data-image-slug=\"kliknij-aby-powiekszyc-203\"\n               class=\"ngg-fancybox\" rel=\"03cd1f72a0b94c2498fda5f57662fbac\">\n                <img\n                    title=\"Kliknij aby powi\u0119kszy\u0107\"\n                    alt=\"Kliknij aby powi\u0119kszy\u0107\"\n                    src=\"http:\/\/archiwum.muzeum-niepodleglosci.pl\/pawiak\/wp-content\/gallery\/pomnikdrzewapawiackiego\/thumbs\/thumbs_skan017_0.jpg\"\n                    width=\"100\"\n                    height=\"75\"\n                    style=\"max-width:100%;\"\n                \/>\n            <\/a>\n        <\/div>\n\t\t\t\t\t\t\t<\/div> \n\t\t\t\n        \n\t\t\t\t<div id=\"ngg-image-7\" class=\"ngg-gallery-thumbnail-box\" >\n\t\t\t\t        <div class=\"ngg-gallery-thumbnail\">\n            <a href=\"http:\/\/archiwum.muzeum-niepodleglosci.pl\/pawiak\/wp-content\/gallery\/pomnikdrzewapawiackiego\/skan091_0.jpg\"\n               title=\"\"\n               data-src=\"http:\/\/archiwum.muzeum-niepodleglosci.pl\/pawiak\/wp-content\/gallery\/pomnikdrzewapawiackiego\/skan091_0.jpg\"\n               data-thumbnail=\"http:\/\/archiwum.muzeum-niepodleglosci.pl\/pawiak\/wp-content\/gallery\/pomnikdrzewapawiackiego\/thumbs\/thumbs_skan091_0.jpg\"\n               data-image-id=\"268\"\n               data-title=\"Kliknij aby powi\u0119kszy\u0107\"\n               data-description=\"\"\n               data-image-slug=\"kliknij-aby-powiekszyc-204\"\n               class=\"ngg-fancybox\" rel=\"03cd1f72a0b94c2498fda5f57662fbac\">\n                <img\n                    title=\"Kliknij aby powi\u0119kszy\u0107\"\n                    alt=\"Kliknij aby powi\u0119kszy\u0107\"\n                    src=\"http:\/\/archiwum.muzeum-niepodleglosci.pl\/pawiak\/wp-content\/gallery\/pomnikdrzewapawiackiego\/thumbs\/thumbs_skan091_0.jpg\"\n                    width=\"100\"\n                    height=\"75\"\n                    style=\"max-width:100%;\"\n                \/>\n            <\/a>\n        <\/div>\n\t\t\t\t\t\t\t<\/div> \n\t\t\t\n        \n\t\t\n\t\t<!-- Pagination -->\n\t<div class='ngg-clear'><\/div>\t<\/div>\n\n","protected":false},"excerpt":{"rendered":"<p>Wa\u017cnym wydarzeniem, szczeg\u00f3lnie dla by\u0142ych wi\u0119\u017ani\u00f3w Pawiaka i ich rodzin, by\u0142a uroczysto\u015b\u0107 ods\u0142oni\u0119cia Pomnika Drzewa Pawiackiego, kt\u00f3ra odby\u0142a si\u0119 8 czerwca 2005 r. W imi\u0119 wiecznej pami\u0119ci, jako symbol przetrwania, \u017cycia i jego przewagi nad \u015bmierci\u0105. W imi\u0119 przewagi mi\u0142o\u015bci &hellip; <a href=\"http:\/\/archiwum.muzeum-niepodleglosci.pl\/pawiak\/o-muzeum\/pomnik-drzewa-pawiackiego\/\">Czytaj dalej <span class=\"meta-nav\">&rarr;<\/span><\/a><\/p>\n","protected":false},"author":1,"featured_media":0,"parent":14,"menu_order":1,"comment_status":"open","ping_status":"open","template":"","meta":{"ngg_post_thumbnail":0},"aioseo_notices":[],"_links":{"self":[{"href":"http:\/\/archiwum.muzeum-niepodleglosci.pl\/pawiak\/wp-json\/wp\/v2\/pages\/30"}],"collection":[{"href":"http:\/\/archiwum.muzeum-niepodleglosci.pl\/pawiak\/wp-json\/wp\/v2\/pages"}],"about":[{"href":"http:\/\/archiwum.muzeum-niepodleglosci.pl\/pawiak\/wp-json\/wp\/v2\/types\/page"}],"author":[{"embeddable":true,"href":"http:\/\/archiwum.muzeum-niepodleglosci.pl\/pawiak\/wp-json\/wp\/v2\/users\/1"}],"replies":[{"embeddable":true,"href":"http:\/\/archiwum.muzeum-niepodleglosci.pl\/pawiak\/wp-json\/wp\/v2\/comments?post=30"}],"version-history":[{"count":4,"href":"http:\/\/archiwum.muzeum-niepodleglosci.pl\/pawiak\/wp-json\/wp\/v2\/pages\/30\/revisions"}],"predecessor-version":[{"id":269,"href":"http:\/\/archiwum.muzeum-niepodleglosci.pl\/pawiak\/wp-json\/wp\/v2\/pages\/30\/revisions\/269"}],"up":[{"embeddable":true,"href":"http:\/\/archiwum.muzeum-niepodleglosci.pl\/pawiak\/wp-json\/wp\/v2\/pages\/14"}],"wp:attachment":[{"href":"http:\/\/archiwum.muzeum-niepodleglosci.pl\/pawiak\/wp-json\/wp\/v2\/media?parent=30"}],"curies":[{"name":"wp","href":"https:\/\/api.w.org\/{rel}","templated":true}]}}