{"id":100,"date":"2012-06-09T00:06:40","date_gmt":"2012-06-09T00:06:40","guid":{"rendered":"http:\/\/www.muzeum-niepodleglosci.home.pl\/pawiak\/?page_id=100"},"modified":"2012-06-21T22:16:40","modified_gmt":"2012-06-21T20:16:40","slug":"inne-uroczystosci","status":"publish","type":"page","link":"http:\/\/archiwum.muzeum-niepodleglosci.pl\/pawiak\/wydarzenia-2\/inne-uroczystosci\/","title":{"rendered":"Inne uroczysto\u015bci"},"content":{"rendered":"<p style=\"text-align: justify;\">W Muzeum Wi\u0119zienia Pawiak odbywaj\u0105 si\u0119 imprezy cykliczne i okoliczno\u015bciowe. Niew\u0105tpliwie jednym z najwa\u017cniejszych wydarze\u0144 w historii Muzeum by\u0142a wizyta papie\u017ca Jana Paw\u0142a II w czerwcu 1983 r., z kt\u00f3rej zachowa\u0142a si\u0119 dokumentacja fotograficzna. W\u00f3wczas Papie\u017c modli\u0142 si\u0119 za ofiary Pawiaka pod drzewem \u2013 symbolem, wtedy jeszcze \u017cywym.<\/p>\n<p style=\"text-align: justify;\">Opr\u00f3cz Dni Pawiaka Muzeum organizuje r\u00f3wnie\u017c uroczysto\u015bci okoliczno\u015bciowe upami\u0119tniaj\u0105ce wa\u017cne wydarzenia historyczne. W 2009 roku razem ze Zwi\u0105zkiem By\u0142ych Wi\u0119\u017ani\u00f3w Politycznych Hitlerowskich Wi\u0119zie\u0144 i Oboz\u00f3w Koncentracyjnych zorganizowali\u015bmy obchody z okazji 70. rocznicy wybuchu II wojny \u015bwiatowej z asyst\u0105 wojskow\u0105 i okoliczno\u015bciowymi przem\u00f3wieniami.<\/p>\n","protected":false},"excerpt":{"rendered":"<p>W Muzeum Wi\u0119zienia Pawiak odbywaj\u0105 si\u0119 imprezy cykliczne i okoliczno\u015bciowe. Niew\u0105tpliwie jednym z najwa\u017cniejszych wydarze\u0144 w historii Muzeum by\u0142a wizyta papie\u017ca Jana Paw\u0142a II w czerwcu 1983 r., z kt\u00f3rej zachowa\u0142a si\u0119 dokumentacja fotograficzna. W\u00f3wczas Papie\u017c modli\u0142 si\u0119 za ofiary &hellip; <a href=\"http:\/\/archiwum.muzeum-niepodleglosci.pl\/pawiak\/wydarzenia-2\/inne-uroczystosci\/\">Czytaj dalej <span class=\"meta-nav\">&rarr;<\/span><\/a><\/p>\n","protected":false},"author":1,"featured_media":0,"parent":76,"menu_order":3,"comment_status":"open","ping_status":"open","template":"","meta":{"ngg_post_thumbnail":0},"aioseo_notices":[],"_links":{"self":[{"href":"http:\/\/archiwum.muzeum-niepodleglosci.pl\/pawiak\/wp-json\/wp\/v2\/pages\/100"}],"collection":[{"href":"http:\/\/archiwum.muzeum-niepodleglosci.pl\/pawiak\/wp-json\/wp\/v2\/pages"}],"about":[{"href":"http:\/\/archiwum.muzeum-niepodleglosci.pl\/pawiak\/wp-json\/wp\/v2\/types\/page"}],"author":[{"embeddable":true,"href":"http:\/\/archiwum.muzeum-niepodleglosci.pl\/pawiak\/wp-json\/wp\/v2\/users\/1"}],"replies":[{"embeddable":true,"href":"http:\/\/archiwum.muzeum-niepodleglosci.pl\/pawiak\/wp-json\/wp\/v2\/comments?post=100"}],"version-history":[{"count":3,"href":"http:\/\/archiwum.muzeum-niepodleglosci.pl\/pawiak\/wp-json\/wp\/v2\/pages\/100\/revisions"}],"predecessor-version":[{"id":355,"href":"http:\/\/archiwum.muzeum-niepodleglosci.pl\/pawiak\/wp-json\/wp\/v2\/pages\/100\/revisions\/355"}],"up":[{"embeddable":true,"href":"http:\/\/archiwum.muzeum-niepodleglosci.pl\/pawiak\/wp-json\/wp\/v2\/pages\/76"}],"wp:attachment":[{"href":"http:\/\/archiwum.muzeum-niepodleglosci.pl\/pawiak\/wp-json\/wp\/v2\/media?parent=100"}],"curies":[{"name":"wp","href":"https:\/\/api.w.org\/{rel}","templated":true}]}}