{"id":8,"date":"2012-11-10T19:28:42","date_gmt":"2012-11-10T18:28:42","guid":{"rendered":"http:\/\/muzeum-niepodleglosci.home.pl\/mauzoleum_szucha\/?page_id=8"},"modified":"2012-11-21T22:14:50","modified_gmt":"2012-11-21T21:14:50","slug":"wystawa-z-1952-roku","status":"publish","type":"page","link":"http:\/\/archiwum.muzeum-niepodleglosci.pl\/mauzoleum_szucha\/historia-mauzoleum\/wystawa-z-1952-roku\/","title":{"rendered":"Wystawa z 1952 roku"},"content":{"rendered":"<p style=\"text-align: center;\"><strong>WYSTAWA Z 1952 ROKU<\/strong><\/p>\n<p style=\"text-align: justify;\">Od po\u0142owy 1950 do 1 lipca 1964 Mauzoleum by\u0142o podporz\u0105dkowane Prezydium Rady Narodowej m. st. Warszawy. W wyniku konkursu og\u0142oszonego w pa\u017adzierniku 1947 roku do realizacji skierowano projekt aran\u017cacji wn\u0119trz i elewacji od strony al. Szucha, opracowany przez Franciszka Masiaka, Kazimierza Kamlera i Henryka Musia\u0142owicza, przy wsp\u00f3\u0142udziale Adama Prockiego. Pocz\u0105wszy od 1949 roku zrekonstruowano drzwi do cel izolatek i kraty do cel zbiorowych (tzw. tramwaj\u00f3w) na wz\u00f3r istniej\u0105cych w okresie wojny, pozostawiaj\u0105c same cele bez zmian, w westybulu, zaprojektowanym jako krypta, umieszczono\u00a0 trzy witra\u017ce zaprojektowane przez Musia\u0142owicza, znicz i stylizowane miecze wykonane przez Prockiego. Pok\u00f3j dy\u017curnego podoficera aresztu (obecnie nazywany pokojem dy\u017curnego gestapowca) przeznaczono na cele wystawiennicze, eksponuj\u0105c m.in. narz\u0119dzia tortur, kt\u00f3re Niemcy pozostawili w czasie ewakuacji w styczniu 1945 roku (ca\u0142o\u015bci projektu ze wzgl\u0119d\u00f3w politycznych nie zrealizowano, np. projekt zak\u0142ada\u0142 umieszczenie na \u015bcianie krypty znaku Polski Walcz\u0105cej tzw. kotwicy). Planowano stworzy\u0107 tutaj muzeum martyrologii narodu polskiego w okresie okupacji, st\u0105d ustalona wtedy nazwa i napis umieszczony nad wej\u015bciem: Mauzoleum Walki i M\u0119cze\u0144stwa 1939-1944. Otwarcie\u00a0 Mauzoleum nast\u0105pi\u0142o 18 kwietnia 1952. Na prze\u0142omie 1957 i 1958 ekspozycj\u0119 rozbudowano o plansze i gabloty z fotografiami dokument\u00f3w, ilustruj\u0105cymi martyrologi\u0119 Polak\u00f3w w okresie wojny\u00a0 i ruch oporu, kt\u00f3re umieszczono w korytarzu prowadz\u0105cym do cel zbiorowych, r\u00f3wnoleg\u0142ym do korytarza z celami izolacyjnymi. Pok\u00f3j dy\u017curnego gestapowca urz\u0105dzono na wz\u00f3r pokoj\u00f3w przes\u0142ucha\u0144 znajduj\u0105cych si\u0119 na wy\u017cszych pi\u0119trach gmachu. W latach 1962-1964 zinwentaryzowano, sporz\u0105dzono dokumentacj\u0119 fotograficzn\u0105 i przeprowadzono konserwacj\u0119 znajduj\u0105cych si\u0119 na \u015bcianach inskrypcji\u00a0 wykonanych przez wi\u0119\u017ani\u00f3w (\u0142\u0105cznie 1260 pozycji).<\/p>\n<p>\n\n\t<div class='ngg-imagebrowser default-view'\n         id='ngg-imagebrowser-23262dfea7eaf62fb5aa7ed3bb18809e-8'\n         data-nextgen-gallery-id=\"23262dfea7eaf62fb5aa7ed3bb18809e\">\n\n        <h3>witra\u017c H.Musialowicz z ekspozycji z 1952 roku, &#039;&#039;dookola \u015bwiata&#039;&#039; 1957<\/h3>\n\n\t\t<div id=\"ngg-image-0\" class=\"pic\" >\n        \n        <a href='http:\/\/archiwum.muzeum-niepodleglosci.pl\/mauzoleum_szucha\/wp-content\/gallery\/wystawa-z-1952\/zd1_0.jpg'\n           title=' '\n           data-src=\"http:\/\/archiwum.muzeum-niepodleglosci.pl\/mauzoleum_szucha\/wp-content\/gallery\/wystawa-z-1952\/zd1_0.jpg\"\n           data-thumbnail=\"http:\/\/archiwum.muzeum-niepodleglosci.pl\/mauzoleum_szucha\/wp-content\/gallery\/wystawa-z-1952\/thumbs\/thumbs_zd1_0.jpg\"\n           data-image-id=\"76\"\n           data-title=\"witra\u017c H.Musialowicz z ekspozycji z 1952 roku, &#039;&#039;dookola \u015bwiata&#039;&#039; 1957\"\n           data-description=\" \"\n           class=\"shutterset_23262dfea7eaf62fb5aa7ed3bb18809e\">\n            <img title='witra\u017c H.Musialowicz z ekspozycji z 1952 roku, &#039;&#039;dookola \u015bwiata&#039;&#039; 1957'\n                 alt='witra\u017c H.Musialowicz z ekspozycji z 1952 roku, &#039;&#039;dookola \u015bwiata&#039;&#039; 1957'\n                 src='http:\/\/archiwum.muzeum-niepodleglosci.pl\/mauzoleum_szucha\/wp-content\/gallery\/wystawa-z-1952\/zd1_0.jpg'\/>\n        <\/a>\n\t    \n        <\/div> \n\n        <div class='ngg-imagebrowser-nav'>\n\n            <div class='back'>\n                <a class='ngg-browser-prev'\n                   id='ngg-prev-78'\n                   href='http:\/\/archiwum.muzeum-niepodleglosci.pl\/mauzoleum_szucha\/historia-mauzoleum\/wystawa-z-1952-roku\/nggallery\/image\/witraz-h-musialowicz-z-ekspozycji-z-1952-roku-dookola-swiata-1957-3\/'>\n                    <i class=\"fa fa-chevron-left\" aria-hidden=\"true\"><\/i>\n                <\/a>\n            <\/div>\n\n            <div class='next'>\n                <a class='ngg-browser-next'\n                   id='ngg-next-77'\n                   href='http:\/\/archiwum.muzeum-niepodleglosci.pl\/mauzoleum_szucha\/historia-mauzoleum\/wystawa-z-1952-roku\/nggallery\/image\/witraz-h-musialowicz-z-ekspozycji-z-1952-roku-dookola-swiata-1957-2\/'>\n                    <i class=\"fa fa-chevron-right\" aria-hidden=\"true\"><\/i>\n                <\/a>\n            <\/div>\n\n            <div class='counter'>\n                Zdj\u0119cie                1                z                3            <\/div>\n\n            <div class='ngg-imagebrowser-desc'>\n                <p> <\/p>\n            <\/div>\n\n        <\/div>\n    <\/div>\n\n\u00a0<em><\/em><\/p>\n","protected":false},"excerpt":{"rendered":"<p>WYSTAWA Z 1952 ROKU Od po\u0142owy 1950 do 1 lipca 1964 Mauzoleum by\u0142o podporz\u0105dkowane Prezydium Rady Narodowej m. st. Warszawy. W wyniku konkursu og\u0142oszonego w pa\u017adzierniku 1947 roku do realizacji skierowano projekt aran\u017cacji wn\u0119trz i elewacji od strony al. Szucha, &hellip; <a href=\"http:\/\/archiwum.muzeum-niepodleglosci.pl\/mauzoleum_szucha\/historia-mauzoleum\/wystawa-z-1952-roku\/\">Czytaj dalej <span class=\"meta-nav\">&rarr;<\/span><\/a><\/p>\n","protected":false},"author":1,"featured_media":0,"parent":4,"menu_order":0,"comment_status":"open","ping_status":"open","template":"","meta":{"ngg_post_thumbnail":0},"aioseo_notices":[],"_links":{"self":[{"href":"http:\/\/archiwum.muzeum-niepodleglosci.pl\/mauzoleum_szucha\/wp-json\/wp\/v2\/pages\/8"}],"collection":[{"href":"http:\/\/archiwum.muzeum-niepodleglosci.pl\/mauzoleum_szucha\/wp-json\/wp\/v2\/pages"}],"about":[{"href":"http:\/\/archiwum.muzeum-niepodleglosci.pl\/mauzoleum_szucha\/wp-json\/wp\/v2\/types\/page"}],"author":[{"embeddable":true,"href":"http:\/\/archiwum.muzeum-niepodleglosci.pl\/mauzoleum_szucha\/wp-json\/wp\/v2\/users\/1"}],"replies":[{"embeddable":true,"href":"http:\/\/archiwum.muzeum-niepodleglosci.pl\/mauzoleum_szucha\/wp-json\/wp\/v2\/comments?post=8"}],"version-history":[{"count":6,"href":"http:\/\/archiwum.muzeum-niepodleglosci.pl\/mauzoleum_szucha\/wp-json\/wp\/v2\/pages\/8\/revisions"}],"predecessor-version":[{"id":182,"href":"http:\/\/archiwum.muzeum-niepodleglosci.pl\/mauzoleum_szucha\/wp-json\/wp\/v2\/pages\/8\/revisions\/182"}],"up":[{"embeddable":true,"href":"http:\/\/archiwum.muzeum-niepodleglosci.pl\/mauzoleum_szucha\/wp-json\/wp\/v2\/pages\/4"}],"wp:attachment":[{"href":"http:\/\/archiwum.muzeum-niepodleglosci.pl\/mauzoleum_szucha\/wp-json\/wp\/v2\/media?parent=8"}],"curies":[{"name":"wp","href":"https:\/\/api.w.org\/{rel}","templated":true}]}}