{"id":6,"date":"2012-11-10T19:28:17","date_gmt":"2012-11-10T18:28:17","guid":{"rendered":"http:\/\/muzeum-niepodleglosci.home.pl\/mauzoleum_szucha\/?page_id=6"},"modified":"2012-12-27T13:05:34","modified_gmt":"2012-12-27T12:05:34","slug":"poczatki-mauzoleum","status":"publish","type":"page","link":"http:\/\/archiwum.muzeum-niepodleglosci.pl\/mauzoleum_szucha\/historia-mauzoleum\/poczatki-mauzoleum\/","title":{"rendered":"Pocz\u0105tki Mauzoleum"},"content":{"rendered":"<p style=\"text-align: center;\"><strong>POCZ\u0104TKI MAUZOLEUM<\/strong><\/p>\n<p style=\"text-align: justify;\">Nie zachowa\u0142a si\u0119 niestety szczeg\u00f3\u0142owa dokumentacja dotycz\u0105ca Mauzoleum Walki i M\u0119cze\u0144stwa w okresie od 1946 do 1990 roku, nie \u017cyj\u0105 te\u017c ludzie zaanga\u017cowani w tworzenie tego muzeum, z konieczno\u015bci wi\u0119c nasza wiedza jest ograniczona. Uchwa\u0142a rz\u0105du z 25 lipca 1946 stanowi\u0142a, \u017ce dawny areszt gestapo na Szucha\u00a0 ma by\u0107 zachowany w stanie nienaruszonym, jako miejsce martyrologii i \u015bwiadectwo m\u0119ki oraz bohaterstwa Polak\u00f3w. Pomieszczenia te udost\u0119pniono zwiedzaj\u0105cym 1 wrze\u015bnia 1947.\u00a0 By\u0142a to samodzielna plac\u00f3wka podleg\u0142a Ministerstwu Kultury i Sztuki., potem Pocz\u0105tkowo eksponowano tylko zachowane wn\u0119trza, w takim stanie, jaki pozostawili po sobie Niemcy (m. in. wyrwane drzwi od cel i kraty wi\u0119zienne).<\/p>\n\n\n\t<div class='ngg-imagebrowser default-view'\n         id='ngg-imagebrowser-2830dfe27b7725e6d21ad53fb8fc5613-6'\n         data-nextgen-gallery-id=\"2830dfe27b7725e6d21ad53fb8fc5613\">\n\n        <h3>gmach ministerstwa o\u015bwiaty w al.szucha 25, jesie\u0144 1945 \/ archiwum pa\u0144stwowe m.st. warszawygmach ministerstwa o\u015bwiaty w al.\u015bzucha 25, jesie\u0144 1945 \/ archiwum pa\u0144stwowe m.st. warszawy<\/h3>\n\n\t\t<div id=\"ngg-image-0\" class=\"pic\" >\n        \n        <a href='http:\/\/archiwum.muzeum-niepodleglosci.pl\/mauzoleum_szucha\/wp-content\/gallery\/poczatkimuzeum\/zd1.jpg'\n           title=' '\n           data-src=\"http:\/\/archiwum.muzeum-niepodleglosci.pl\/mauzoleum_szucha\/wp-content\/gallery\/poczatkimuzeum\/zd1.jpg\"\n           data-thumbnail=\"http:\/\/archiwum.muzeum-niepodleglosci.pl\/mauzoleum_szucha\/wp-content\/gallery\/poczatkimuzeum\/thumbs\/thumbs_zd1.jpg\"\n           data-image-id=\"68\"\n           data-title=\"gmach ministerstwa o\u015bwiaty w al.szucha 25, jesie\u0144 1945 \/ archiwum pa\u0144stwowe m.st. warszawygmach ministerstwa o\u015bwiaty w al.\u015bzucha 25, jesie\u0144 1945 \/ archiwum pa\u0144stwowe m.st. warszawy\"\n           data-description=\" \"\n           class=\"shutterset_2830dfe27b7725e6d21ad53fb8fc5613\">\n            <img title='gmach ministerstwa o\u015bwiaty w al.szucha 25, jesie\u0144 1945 \/ archiwum pa\u0144stwowe m.st. warszawygmach ministerstwa o\u015bwiaty w al.\u015bzucha 25, jesie\u0144 1945 \/ archiwum pa\u0144stwowe m.st. warszawy'\n                 alt='gmach ministerstwa o\u015bwiaty w al.szucha 25, jesie\u0144 1945 \/ archiwum pa\u0144stwowe m.st. warszawygmach ministerstwa o\u015bwiaty w al.\u015bzucha 25, jesie\u0144 1945 \/ archiwum pa\u0144stwowe m.st. warszawy'\n                 src='http:\/\/archiwum.muzeum-niepodleglosci.pl\/mauzoleum_szucha\/wp-content\/gallery\/poczatkimuzeum\/zd1.jpg'\/>\n        <\/a>\n\t    \n        <\/div> \n\n        <div class='ngg-imagebrowser-nav'>\n\n            <div class='back'>\n                <a class='ngg-browser-prev'\n                   id='ngg-prev-75'\n                   href='http:\/\/archiwum.muzeum-niepodleglosci.pl\/mauzoleum_szucha\/historia-mauzoleum\/poczatki-mauzoleum\/nggallery\/image\/wynoszenie-prochow-z-gmachu-generalnego-inspektoratu-sil-zbrojnych-w-1946-kalendarz-warszawski-1948\/'>\n                    <i class=\"fa fa-chevron-left\" aria-hidden=\"true\"><\/i>\n                <\/a>\n            <\/div>\n\n            <div class='next'>\n                <a class='ngg-browser-next'\n                   id='ngg-next-69'\n                   href='http:\/\/archiwum.muzeum-niepodleglosci.pl\/mauzoleum_szucha\/historia-mauzoleum\/poczatki-mauzoleum\/nggallery\/image\/korytarz-przy-izolatkach-zdjecie-z-1945-roku-instytut-pamieci-narodowej\/'>\n                    <i class=\"fa fa-chevron-right\" aria-hidden=\"true\"><\/i>\n                <\/a>\n            <\/div>\n\n            <div class='counter'>\n                Zdj\u0119cie                1                z                3            <\/div>\n\n            <div class='ngg-imagebrowser-desc'>\n                <p> <\/p>\n            <\/div>\n\n        <\/div>\n    <\/div>\n\n\n","protected":false},"excerpt":{"rendered":"<p>POCZ\u0104TKI MAUZOLEUM Nie zachowa\u0142a si\u0119 niestety szczeg\u00f3\u0142owa dokumentacja dotycz\u0105ca Mauzoleum Walki i M\u0119cze\u0144stwa w okresie od 1946 do 1990 roku, nie \u017cyj\u0105 te\u017c ludzie zaanga\u017cowani w tworzenie tego muzeum, z konieczno\u015bci wi\u0119c nasza wiedza jest ograniczona. Uchwa\u0142a rz\u0105du z 25 &hellip; <a href=\"http:\/\/archiwum.muzeum-niepodleglosci.pl\/mauzoleum_szucha\/historia-mauzoleum\/poczatki-mauzoleum\/\">Czytaj dalej <span class=\"meta-nav\">&rarr;<\/span><\/a><\/p>\n","protected":false},"author":1,"featured_media":0,"parent":4,"menu_order":0,"comment_status":"open","ping_status":"open","template":"","meta":{"ngg_post_thumbnail":0},"aioseo_notices":[],"_links":{"self":[{"href":"http:\/\/archiwum.muzeum-niepodleglosci.pl\/mauzoleum_szucha\/wp-json\/wp\/v2\/pages\/6"}],"collection":[{"href":"http:\/\/archiwum.muzeum-niepodleglosci.pl\/mauzoleum_szucha\/wp-json\/wp\/v2\/pages"}],"about":[{"href":"http:\/\/archiwum.muzeum-niepodleglosci.pl\/mauzoleum_szucha\/wp-json\/wp\/v2\/types\/page"}],"author":[{"embeddable":true,"href":"http:\/\/archiwum.muzeum-niepodleglosci.pl\/mauzoleum_szucha\/wp-json\/wp\/v2\/users\/1"}],"replies":[{"embeddable":true,"href":"http:\/\/archiwum.muzeum-niepodleglosci.pl\/mauzoleum_szucha\/wp-json\/wp\/v2\/comments?post=6"}],"version-history":[{"count":8,"href":"http:\/\/archiwum.muzeum-niepodleglosci.pl\/mauzoleum_szucha\/wp-json\/wp\/v2\/pages\/6\/revisions"}],"predecessor-version":[{"id":387,"href":"http:\/\/archiwum.muzeum-niepodleglosci.pl\/mauzoleum_szucha\/wp-json\/wp\/v2\/pages\/6\/revisions\/387"}],"up":[{"embeddable":true,"href":"http:\/\/archiwum.muzeum-niepodleglosci.pl\/mauzoleum_szucha\/wp-json\/wp\/v2\/pages\/4"}],"wp:attachment":[{"href":"http:\/\/archiwum.muzeum-niepodleglosci.pl\/mauzoleum_szucha\/wp-json\/wp\/v2\/media?parent=6"}],"curies":[{"name":"wp","href":"https:\/\/api.w.org\/{rel}","templated":true}]}}