{"id":46,"date":"2012-11-10T19:35:29","date_gmt":"2012-11-10T18:35:29","guid":{"rendered":"http:\/\/muzeum-niepodleglosci.home.pl\/mauzoleum_szucha\/?page_id=46"},"modified":"2012-12-27T14:53:15","modified_gmt":"2012-12-27T13:53:15","slug":"dni-pamieci-pawiaka","status":"publish","type":"page","link":"http:\/\/archiwum.muzeum-niepodleglosci.pl\/mauzoleum_szucha\/wydarzenia\/dni-pamieci-pawiaka\/","title":{"rendered":"Dni Pami\u0119ci Pawiaka"},"content":{"rendered":"<p style=\"text-align: justify;\"><a href=\"http:\/\/muzeum-niepodleglosci.home.pl\/mauzoleum_szucha\/wp-content\/uploads\/2012\/11\/3.-fot.-T.-Stani.jpg\"><img decoding=\"async\" loading=\"lazy\" class=\"aligncenter size-thumbnail wp-image-143\" title=\"3. fot. T. Stani\" src=\"http:\/\/muzeum-niepodleglosci.home.pl\/mauzoleum_szucha\/wp-content\/uploads\/2012\/11\/3.-fot.-T.-Stani-150x150.jpg\" alt=\"\" width=\"150\" height=\"150\" \/><\/a><br \/>\nS\u0142oneczny poranek 27 wrze\u015bnia 2012 r. w Warszawie, porywisty ch\u0142odny wiatr, chmury na b\u0142\u0119kitnym niebie oraz przede wszystkim coraz bardziej widoczne po\u017c\u00f3\u0142k\u0142e li\u015bcie na drzewach wskazuj\u0105, \u017ce niedawno rozpocz\u0119\u0142a si\u0119 kalendarzowa jesie\u0144. W okolicach pl. Na Rozdro\u017cu warszawiacy w po\u015bpiechu pod\u0105\u017caj\u0105 do pracy. Tym, kt\u00f3rzy przemykaj\u0105 al. Szucha, rzuca si\u0119 w oczy niecodzienny wygl\u0105d gmachu Ministerstwa Edukacji Narodowej. W bramie ministerialnego budynku wida\u0107 wojskowy motocykl z koszem i karabinem maszynowym. Obok ustawione zasieki z drutu kolczastego oraz budka wartownicza. Wszystkiego pilnuje uzbrojony wartownik w niemieckim mundurze. Obraz niczym z okresu II wojny \u015bwiatowej, kiedy to we wskazanym gmachu znajdowa\u0142a si\u0119 g\u0142\u00f3wna siedziba hitlerowskiego Gestapo.<\/p>\n<p style=\"text-align: justify;\">\nHistoryczna scenografia zosta\u0142a przygotowana specjalnie w zwi\u0105zku z obchodzonymi w Mauzoleum Walki i M\u0119cze\u0144stwa \u201eDniami Pami\u0119ci Pawiaka 2012\u201d. W tegorocznej ods\u0142onie, obok rekwizyt\u00f3w z epoki oraz zaanga\u017cowania rekonstruktor\u00f3w, przygotowano tak\u017ce cykl czterech spotka\u0144 edukacyjnych. Uczestniczy\u0142a w nich m\u0142odzie\u017c szk\u00f3\u0142 warszawskich oraz starsi mieszka\u0144cy stolicy. Ka\u017cde ze spotka\u0144 dzieli\u0142o si\u0119 na dwie cz\u0119\u015bci. Pierwsza odbywa\u0142a si\u0119 na dziedzi\u0144cu ministerialnego gmachu, na kt\u00f3rym wykorzystuj\u0105c fotografie z epoki prezentowano histori\u0119 niemieckiej dzielnicy policyjnej w okupowanej Warszawie. Natomiast druga w Mauzoleum Walki i M\u0119cze\u0144stwa, gdzie w oryginalnie zachowanych pomieszczeniach przewodnicy starali si\u0119 ukaza\u0107 warunki egzystencji wi\u0119\u017ani\u00f3w dawnego aresztu podr\u0119cznego Gestapo. Zwiedzanie oraz poznawanie historii mia\u0142o tego dnia wymiar szczeg\u00f3lny, poniewa\u017c w spotkaniach uczestniczyli byli wi\u0119\u017aniowie Pawiaka oraz al. Szucha, p. Henryk Wasilewski oraz p. Leszek Zab\u0142ocki. Kombatanci ch\u0119tnie podzielili si\u0119 z zebranymi swoimi wspomnieniami z okresu okupacji, w kt\u00f3rych poruszyli takie zagadnienia jak: zaanga\u017cowanie w konspiracji, aresztowanie, osadzenie w \u201etramwaju\u201d oraz przes\u0142uchanie. Relacje by\u0142ych wi\u0119\u017ani\u00f3w wzbudzi\u0142y spore zainteresowanie zebranych, zw\u0142aszcza m\u0142odych ludzi, kt\u00f3rzy w trakcie zwiedzania zadawali \u015bwiadkom historii szereg pyta\u0144.<\/p>\n<p style=\"text-align: justify;\">\n\u201eDni Pami\u0119ci Pawiaka 2012\u201d w Mauzoleum Walki i M\u0119cze\u0144stwa zgromadzi\u0142y w sumie oko\u0142o 80 os\u00f3b. Z tej liczby zdecydowan\u0105 wi\u0119kszo\u015b\u0107 stanowi\u0142a m\u0142odzie\u017c szkolna. Oceniaj\u0105c przeprowadzone prezentacje edukacyjne mo\u017cna powiedzie\u0107, \u017ce przebieg\u0142y one pomy\u015blnie. \u015awiadcz\u0105 o tym s\u0142owa zwiedzaj\u0105cych, kt\u00f3rzy opuszczaj\u0105c ekspozycj\u0119 dzi\u0119kowali za ciekaw\u0105 lekcj\u0119 historii. Jest to zas\u0142ug\u0105 przede wszystkim kombatant\u00f3w, kt\u00f3rzy u\u015bwietnili ca\u0142o\u015b\u0107 swoj\u0105 obecno\u015bci\u0105 i opowiadaniami. S\u0142owa podzi\u0119kowania nale\u017c\u0105 si\u0119 r\u00f3wnie\u017c rekonstruktorom ze Stowarzyszenia Historycznego \u201eKotwica\u201d oraz Stowarzyszenia Polskie Si\u0142y Zbrojne na Zachodzie, kt\u00f3rzy przygotowali \u201eokupacyjn\u0105\u201d scenografi\u0119 oraz prezentacj\u0119 o niemieckiej dzielnicy policyjnej w okupowanej Warszawie.<\/p>\n","protected":false},"excerpt":{"rendered":"<p>S\u0142oneczny poranek 27 wrze\u015bnia 2012 r. w Warszawie, porywisty ch\u0142odny wiatr, chmury na b\u0142\u0119kitnym niebie oraz przede wszystkim coraz bardziej widoczne po\u017c\u00f3\u0142k\u0142e li\u015bcie na drzewach wskazuj\u0105, \u017ce niedawno rozpocz\u0119\u0142a si\u0119 kalendarzowa jesie\u0144. W okolicach pl. Na Rozdro\u017cu warszawiacy w po\u015bpiechu &hellip; <a href=\"http:\/\/archiwum.muzeum-niepodleglosci.pl\/mauzoleum_szucha\/wydarzenia\/dni-pamieci-pawiaka\/\">Czytaj dalej <span class=\"meta-nav\">&rarr;<\/span><\/a><\/p>\n","protected":false},"author":1,"featured_media":0,"parent":44,"menu_order":0,"comment_status":"open","ping_status":"open","template":"","meta":{"ngg_post_thumbnail":0},"aioseo_notices":[],"_links":{"self":[{"href":"http:\/\/archiwum.muzeum-niepodleglosci.pl\/mauzoleum_szucha\/wp-json\/wp\/v2\/pages\/46"}],"collection":[{"href":"http:\/\/archiwum.muzeum-niepodleglosci.pl\/mauzoleum_szucha\/wp-json\/wp\/v2\/pages"}],"about":[{"href":"http:\/\/archiwum.muzeum-niepodleglosci.pl\/mauzoleum_szucha\/wp-json\/wp\/v2\/types\/page"}],"author":[{"embeddable":true,"href":"http:\/\/archiwum.muzeum-niepodleglosci.pl\/mauzoleum_szucha\/wp-json\/wp\/v2\/users\/1"}],"replies":[{"embeddable":true,"href":"http:\/\/archiwum.muzeum-niepodleglosci.pl\/mauzoleum_szucha\/wp-json\/wp\/v2\/comments?post=46"}],"version-history":[{"count":5,"href":"http:\/\/archiwum.muzeum-niepodleglosci.pl\/mauzoleum_szucha\/wp-json\/wp\/v2\/pages\/46\/revisions"}],"predecessor-version":[{"id":145,"href":"http:\/\/archiwum.muzeum-niepodleglosci.pl\/mauzoleum_szucha\/wp-json\/wp\/v2\/pages\/46\/revisions\/145"}],"up":[{"embeddable":true,"href":"http:\/\/archiwum.muzeum-niepodleglosci.pl\/mauzoleum_szucha\/wp-json\/wp\/v2\/pages\/44"}],"wp:attachment":[{"href":"http:\/\/archiwum.muzeum-niepodleglosci.pl\/mauzoleum_szucha\/wp-json\/wp\/v2\/media?parent=46"}],"curies":[{"name":"wp","href":"https:\/\/api.w.org\/{rel}","templated":true}]}}