{"id":35,"date":"2012-11-10T19:33:29","date_gmt":"2012-11-10T18:33:29","guid":{"rendered":"http:\/\/muzeum-niepodleglosci.home.pl\/mauzoleum_szucha\/?page_id=35"},"modified":"2012-12-27T15:05:48","modified_gmt":"2012-12-27T14:05:48","slug":"ekspozycja-multimedialna","status":"publish","type":"page","link":"http:\/\/archiwum.muzeum-niepodleglosci.pl\/mauzoleum_szucha\/ekspozycja\/ekspozycja-multimedialna\/","title":{"rendered":"Ekspozycja multimedialna"},"content":{"rendered":"<div>\n<p style=\"text-align: center;\" align=\"center\"><strong>WYSTAWA MULTIMEDIALNA \u201eALEJA SZUCHA \u2013 ARESZT \u015aLEDCZY GESTAPO\u201d<\/strong><\/p>\n<p style=\"text-align: justify;\">\u00a017 II 2008 udost\u0119pniono now\u0105 ekspozycj\u0119, wed\u0142ug scenariusza Magdaleny Wolanowskiej, Joanny Gierczy\u0144skiej i Witolda \u017barnowskiego w oprawie graficznej projektu \u017banety Govenlock i Violetty Dami\u0119ckiej. Wizualizacj\u0119 i ud\u017awi\u0119kowienie etiudy wprowadzaj\u0105cej <em>Twarze zam\u0119czonych <\/em>w westybulu, wed\u0142ug koncepcji autor\u00f3w scenariusza, i pozosta\u0142ych etiud filmowych, wed\u0142ug koncepcji \u017banety Govenlock, zrealizowa\u0142 zesp\u00f3\u0142: R. Kowalski,\u00a0 J. Chojecki, R. Sajewicz. Projekt graficzny i wizualizacj\u0119 stanowisk multimedialnych wykona\u0142 Jan Rusi\u0144ski.<\/p>\n<p style=\"text-align: justify;\">Zwiedzaj\u0105cym towarzyszy 5 etiud filmowych podkre\u015blaj\u0105cych groz\u0119 tego miejsca, obejrze\u0107 te\u017c mo\u017cna multimedialny przekaz, sk\u0142adaj\u0105cy si\u0119 z czterech stanowisk prezentacji historycznej. Odwiedzaj\u0105cy Mauzoleum rozpoczynaj\u0105 zwiedzanie od obejrzenia etiudy filmowej <em>Twarze zam\u0119czonych<\/em>, w kt\u00f3rej przewijaj\u0105 si\u0119 nazwiska i twarze przes\u0142uchiwanych na Szucha, zmar\u0142ych w wyniku tortur, a jednocze\u015bnie s\u0142uchaj\u0105 narracji o historii tego miejsca. Nast\u0119pnie przechodz\u0105 do korytarza r\u00f3wnoleg\u0142ego do korytarza z celami izolacyjnymi, gdzie umieszczono cztery stanowiska multimedialne. <em>Wojna obronna i okupacja, <\/em>stanowisko to ukazuje niemieckie aneksje przed wybuchem II wojny \u015bwiatowej, wojn\u0119 obronn\u0105 we wrze\u015bniu 1939 roku i podzia\u0142 Polski pomi\u0119dzy III Rzesz\u0119 i ZSRR, polityk\u0119 hitlerowsk\u0105 na okupowanych terenach polskich, akcj\u0119 likwidacji elit, eksterminacj\u0119 ludno\u015bci \u017cydowskiej i masowe wysiedlenia Polak\u00f3w. <em>Droga z Pawiaka na Szucha<\/em>, to stanowisko przedstawiaj\u0105ce drog\u0119 na przes\u0142uchanie na Szucha, kt\u00f3r\u0105 przebywa\u0142, nieraz wielokrotnie, prawie ka\u017cdy wi\u0119zie\u0144 Pawiaka. Jest to jednocze\u015bnie okazja do pokazania getta i najwa\u017cniejszych punkt\u00f3w okupacyjnej Warszawy, gmachu na Szucha 25, w kt\u00f3rym urz\u0119dowa\u0142o gestapo, aresztu domowego na Szucha. Przedstawiono tu te\u017c materia\u0142y po\u015bwi\u0119cone transportom z Warszawy do niemieckich oboz\u00f3w koncentracyjnych. W nast\u0119pnym stanowisku multimedialnym <em>Terror i op\u00f3r<\/em>, pokazano martyrologi\u0119 mieszka\u0144c\u00f3w stolicy (szczeg\u00f3\u0142owa mapa miejsc strace\u0144 w tzw. warszawskim pier\u015bcieniu \u015bmierci), polskie akcje sabota\u017cowe (tak\u017ce akcje tzw.\u00a0 ma\u0142ego sabota\u017cu), zamachy polskiego podziemia na niemieckich\u00a0 zbrodniarzy w Warszawie, zbrodnie niemieckie w dzielnicy policyjnej na Szucha, dokonane w okresie powstania warszawskiego oraz procesy zbrodniarzy hitlerowskich, ze szczeg\u00f3lnym uwzgl\u0119dnieniem kierownik\u00f3w niemieckich w\u0142adz okupacyjnych w Warszawie. Czwarte stanowisko <em>Pami\u0119\u0107 <\/em>to biografie i fotografie wi\u0119\u017ani\u00f3w zmar\u0142ych w czasie przes\u0142ucha\u0144 lub w wyniku doznanych na Szucha obra\u017ce\u0144.<\/p>\n<p style=\"text-align: justify;\">Najcenniejsz\u0105 cz\u0119\u015bci\u0105 ekspozycji s\u0105 pomieszczenia aresztu gestapo, zachowane w prawie nienaruszonym stanie korytarze, cele zbiorowe, izolatki i pok\u00f3j dy\u017curnego gestapowca, w kt\u00f3rym odbywa\u0142y si\u0119 przes\u0142uchania. Zwiedzaj\u0105cym towarzysz\u0105 tutaj 4 etiudy filmowe: Znaki osaczenia (kroki gestapowc\u00f3w za oknami), <em>Wola przetrwania<\/em> (upadaj\u0105cy i podnosz\u0105cy si\u0119 cz\u0142owiek), <em>\u015alady m\u0119ki<\/em>\u00a0 (projekcja kilkudziesi\u0119ciu spo\u015br\u00f3d ponad tysi\u0105ca napis\u00f3w na \u015bcianach cel) i <em>Obrazy przes\u0142ucha\u0144<\/em> (rysunki Stanis\u0142awa Tomaszewskiego-Miedzy przedstawiaj\u0105ce przes\u0142uchania na Szucha), a tak\u017ce narracja <em>\u015awiadectwa prawdy<\/em> (grypsy osadzonych na Szucha).<\/p>\n<p><a href=\"http:\/\/muzeum-niepodleglosci.home.pl\/mauzoleum_szucha\/wp-content\/uploads\/2012\/11\/MIEJSCA-PRZEKAZU-MULTIMEDIALNEGO.jpg\"><img decoding=\"async\" loading=\"lazy\" class=\"aligncenter size-full wp-image-135\" title=\"MIEJSCA PRZEKAZU MULTIMEDIALNEGO\" src=\"http:\/\/muzeum-niepodleglosci.home.pl\/mauzoleum_szucha\/wp-content\/uploads\/2012\/11\/MIEJSCA-PRZEKAZU-MULTIMEDIALNEGO.jpg\" alt=\"\" width=\"885\" height=\"344\" srcset=\"http:\/\/archiwum.muzeum-niepodleglosci.pl\/mauzoleum_szucha\/wp-content\/uploads\/2012\/11\/MIEJSCA-PRZEKAZU-MULTIMEDIALNEGO.jpg 885w, http:\/\/archiwum.muzeum-niepodleglosci.pl\/mauzoleum_szucha\/wp-content\/uploads\/2012\/11\/MIEJSCA-PRZEKAZU-MULTIMEDIALNEGO-300x116.jpg 300w, http:\/\/archiwum.muzeum-niepodleglosci.pl\/mauzoleum_szucha\/wp-content\/uploads\/2012\/11\/MIEJSCA-PRZEKAZU-MULTIMEDIALNEGO-500x194.jpg 500w\" sizes=\"(max-width: 885px) 100vw, 885px\" \/><\/a><\/p>\n<\/div>\n<ol start=\"1\">\n<li>Przekaz d\u017awi\u0119kowy <em>Miejsce ka\u017ani.<\/em><\/li>\n<\/ol>\n<ol start=\"2\">\n<li>Multimedialny przekaz wprowadzaj\u0105cy: etiuda filmowa <em>Wieczny p\u0142omie\u0144,<\/em> etiuda filmowa <em>Twarze<\/em> <em>zam\u0119czonych<\/em> i przekaz d\u017awi\u0119kowy <em>Narracja wst\u0119pu.<\/em> <strong>\u00a0<\/strong><\/li>\n<\/ol>\n<ol start=\"3\">\n<li>Etiuda filmowa <em>Znaki osaczenia<\/em>.<\/li>\n<\/ol>\n<ol start=\"4\">\n<li>Etiuda filmowa <em>Wola przetrwania.<\/em><\/li>\n<\/ol>\n<ol start=\"5\">\n<li>Etiuda filmowa <em>\u015alady m\u0119ki.<\/em><\/li>\n<\/ol>\n<ol start=\"6\">\n<li>Etiuda filmowa\u00a0 <em>Obrazy przes\u0142ucha\u0144<\/em>. .<\/li>\n<\/ol>\n<ol start=\"7\">\n<li>Przekaz d\u017awi\u0119kowy\u00a0 <em>\u015awiadectwa prawdy.<\/em><\/li>\n<\/ol>\n<p><strong><!-- default-view.php -->\n<div\n\tclass=\"ngg-galleryoverview default-view  ngg-ajax-pagination-none\"\n\tid=\"ngg-gallery-13febabdfea99f25c21b7b3c41e70268-1\">\n\n\t\t<!-- Thumbnails -->\n\t\t\t\t<div id=\"ngg-image-0\" class=\"ngg-gallery-thumbnail-box \" >\n\t\t\t\t        <div class=\"ngg-gallery-thumbnail\">\n            <a href=\"http:\/\/archiwum.muzeum-niepodleglosci.pl\/mauzoleum_szucha\/wp-content\/gallery\/wystawa-multimedialna\/Photo1.jpg\"\n               title=\"wystawa multimedialna aleja szucha - areszt \u015bledczy gestapo. fot. Z. Govenlock\"\n               data-src=\"http:\/\/archiwum.muzeum-niepodleglosci.pl\/mauzoleum_szucha\/wp-content\/gallery\/wystawa-multimedialna\/Photo1.jpg\"\n               data-thumbnail=\"http:\/\/archiwum.muzeum-niepodleglosci.pl\/mauzoleum_szucha\/wp-content\/gallery\/wystawa-multimedialna\/thumbs\/thumbs_Photo1.jpg\"\n               data-image-id=\"45\"\n               data-title=\"wystawa multimedialna aleja szucha - areszt \u015bledczy gestapo. fot. Z. Govenlock\"\n               data-description=\"wystawa multimedialna aleja szucha - areszt \u015bledczy gestapo. fot. Z. Govenlock\"\n               data-image-slug=\"wystawa-multimedialna-aleja-szucha-areszt-sledczy-gestapo-fot-z-govenlock\"\n               class=\"shutterset_13febabdfea99f25c21b7b3c41e70268\">\n                <img\n                    title=\"wystawa multimedialna aleja szucha - areszt \u015bledczy gestapo. fot. Z. Govenlock\"\n                    alt=\"wystawa multimedialna aleja szucha - areszt \u015bledczy gestapo. fot. Z. Govenlock\"\n                    src=\"http:\/\/archiwum.muzeum-niepodleglosci.pl\/mauzoleum_szucha\/wp-content\/gallery\/wystawa-multimedialna\/thumbs\/thumbs_Photo1.jpg\"\n                    width=\"100\"\n                    height=\"75\"\n                    style=\"max-width:100%;\"\n                \/>\n            <\/a>\n        <\/div>\n\t\t\t\t\t\t\t<\/div> \n\t\t\t\n\t\t\t\t<div id=\"ngg-image-1\" class=\"ngg-gallery-thumbnail-box \" >\n\t\t\t\t        <div class=\"ngg-gallery-thumbnail\">\n            <a href=\"http:\/\/archiwum.muzeum-niepodleglosci.pl\/mauzoleum_szucha\/wp-content\/gallery\/wystawa-multimedialna\/Photo10.jpg\"\n               title=\"wystawa multimedialna aleja szucha - areszt \u015bledczy gestapo. fot. Z. Govenlock\"\n               data-src=\"http:\/\/archiwum.muzeum-niepodleglosci.pl\/mauzoleum_szucha\/wp-content\/gallery\/wystawa-multimedialna\/Photo10.jpg\"\n               data-thumbnail=\"http:\/\/archiwum.muzeum-niepodleglosci.pl\/mauzoleum_szucha\/wp-content\/gallery\/wystawa-multimedialna\/thumbs\/thumbs_Photo10.jpg\"\n               data-image-id=\"46\"\n               data-title=\"wystawa multimedialna aleja szucha - areszt \u015bledczy gestapo. fot. Z. Govenlock\"\n               data-description=\"wystawa multimedialna aleja szucha - areszt \u015bledczy gestapo. fot. Z. Govenlock\"\n               data-image-slug=\"wystawa-multimedialna-aleja-szucha-areszt-sledczy-gestapo-fot-z-govenlock-2\"\n               class=\"shutterset_13febabdfea99f25c21b7b3c41e70268\">\n                <img\n                    title=\"wystawa multimedialna aleja szucha - areszt \u015bledczy gestapo. fot. Z. Govenlock\"\n                    alt=\"wystawa multimedialna aleja szucha - areszt \u015bledczy gestapo. fot. Z. Govenlock\"\n                    src=\"http:\/\/archiwum.muzeum-niepodleglosci.pl\/mauzoleum_szucha\/wp-content\/gallery\/wystawa-multimedialna\/thumbs\/thumbs_Photo10.jpg\"\n                    width=\"100\"\n                    height=\"75\"\n                    style=\"max-width:100%;\"\n                \/>\n            <\/a>\n        <\/div>\n\t\t\t\t\t\t\t<\/div> \n\t\t\t\n\t\t\t\t<div id=\"ngg-image-2\" class=\"ngg-gallery-thumbnail-box \" >\n\t\t\t\t        <div class=\"ngg-gallery-thumbnail\">\n            <a href=\"http:\/\/archiwum.muzeum-niepodleglosci.pl\/mauzoleum_szucha\/wp-content\/gallery\/wystawa-multimedialna\/Photo2.jpg\"\n               title=\"pok\u00f3j dy\u017curnego gestapowca, fot. T. Stani\"\n               data-src=\"http:\/\/archiwum.muzeum-niepodleglosci.pl\/mauzoleum_szucha\/wp-content\/gallery\/wystawa-multimedialna\/Photo2.jpg\"\n               data-thumbnail=\"http:\/\/archiwum.muzeum-niepodleglosci.pl\/mauzoleum_szucha\/wp-content\/gallery\/wystawa-multimedialna\/thumbs\/thumbs_Photo2.jpg\"\n               data-image-id=\"47\"\n               data-title=\"pok\u00f3j dy\u017curnego gestapowca, fot. T. Stani\"\n               data-description=\"pok\u00f3j dy\u017curnego gestapowca, fot. T. Stani\"\n               data-image-slug=\"pokoj-dyzurnego-gestapowca-fot-t-stani\"\n               class=\"shutterset_13febabdfea99f25c21b7b3c41e70268\">\n                <img\n                    title=\"pok\u00f3j dy\u017curnego gestapowca, fot. T. Stani\"\n                    alt=\"pok\u00f3j dy\u017curnego gestapowca, fot. T. Stani\"\n                    src=\"http:\/\/archiwum.muzeum-niepodleglosci.pl\/mauzoleum_szucha\/wp-content\/gallery\/wystawa-multimedialna\/thumbs\/thumbs_Photo2.jpg\"\n                    width=\"100\"\n                    height=\"75\"\n                    style=\"max-width:100%;\"\n                \/>\n            <\/a>\n        <\/div>\n\t\t\t\t\t\t\t<\/div> \n\t\t\t\n\t\t\t\t<div id=\"ngg-image-3\" class=\"ngg-gallery-thumbnail-box \" >\n\t\t\t\t        <div class=\"ngg-gallery-thumbnail\">\n            <a href=\"http:\/\/archiwum.muzeum-niepodleglosci.pl\/mauzoleum_szucha\/wp-content\/gallery\/wystawa-multimedialna\/Photo3.jpg\"\n               title=\"jedna z cel izolatek. fot. Z. Govenlock\"\n               data-src=\"http:\/\/archiwum.muzeum-niepodleglosci.pl\/mauzoleum_szucha\/wp-content\/gallery\/wystawa-multimedialna\/Photo3.jpg\"\n               data-thumbnail=\"http:\/\/archiwum.muzeum-niepodleglosci.pl\/mauzoleum_szucha\/wp-content\/gallery\/wystawa-multimedialna\/thumbs\/thumbs_Photo3.jpg\"\n               data-image-id=\"48\"\n               data-title=\"jedna z cel izolatek. fot. Z. Govenlock\"\n               data-description=\"jedna z cel izolatek. fot. Z. Govenlock\"\n               data-image-slug=\"jedna-z-cel-izolatek-fot-z-govenlock\"\n               class=\"shutterset_13febabdfea99f25c21b7b3c41e70268\">\n                <img\n                    title=\"jedna z cel izolatek. fot. Z. Govenlock\"\n                    alt=\"jedna z cel izolatek. fot. Z. Govenlock\"\n                    src=\"http:\/\/archiwum.muzeum-niepodleglosci.pl\/mauzoleum_szucha\/wp-content\/gallery\/wystawa-multimedialna\/thumbs\/thumbs_Photo3.jpg\"\n                    width=\"100\"\n                    height=\"75\"\n                    style=\"max-width:100%;\"\n                \/>\n            <\/a>\n        <\/div>\n\t\t\t\t\t\t\t<\/div> \n\t\t\t\n\t\t\t\t<div id=\"ngg-image-4\" class=\"ngg-gallery-thumbnail-box \" >\n\t\t\t\t        <div class=\"ngg-gallery-thumbnail\">\n            <a href=\"http:\/\/archiwum.muzeum-niepodleglosci.pl\/mauzoleum_szucha\/wp-content\/gallery\/wystawa-multimedialna\/Photo4.jpg\"\n               title=\"Fragment ekspozycji multimedialnej DROGA Z PAWIAKA NA SZUCHA. Oprac. Jan Rusi\u0144ski\"\n               data-src=\"http:\/\/archiwum.muzeum-niepodleglosci.pl\/mauzoleum_szucha\/wp-content\/gallery\/wystawa-multimedialna\/Photo4.jpg\"\n               data-thumbnail=\"http:\/\/archiwum.muzeum-niepodleglosci.pl\/mauzoleum_szucha\/wp-content\/gallery\/wystawa-multimedialna\/thumbs\/thumbs_Photo4.jpg\"\n               data-image-id=\"49\"\n               data-title=\"Fragment ekspozycji multimedialnej DROGA Z PAWIAKA NA SZUCHA. Oprac. Jan Rusi\u0144ski\"\n               data-description=\"Fragment ekspozycji multimedialnej DROGA Z PAWIAKA NA SZUCHA. Oprac. Jan Rusi\u0144ski\"\n               data-image-slug=\"fragment-ekspozycji-multimedialnej-droga-z-pawiaka-na-szucha-oprac-jan-rusinski\"\n               class=\"shutterset_13febabdfea99f25c21b7b3c41e70268\">\n                <img\n                    title=\"Fragment ekspozycji multimedialnej DROGA Z PAWIAKA NA SZUCHA. Oprac. Jan Rusi\u0144ski\"\n                    alt=\"Fragment ekspozycji multimedialnej DROGA Z PAWIAKA NA SZUCHA. Oprac. Jan Rusi\u0144ski\"\n                    src=\"http:\/\/archiwum.muzeum-niepodleglosci.pl\/mauzoleum_szucha\/wp-content\/gallery\/wystawa-multimedialna\/thumbs\/thumbs_Photo4.jpg\"\n                    width=\"100\"\n                    height=\"75\"\n                    style=\"max-width:100%;\"\n                \/>\n            <\/a>\n        <\/div>\n\t\t\t\t\t\t\t<\/div> \n\t\t\t\n\t\t\t\t<div id=\"ngg-image-5\" class=\"ngg-gallery-thumbnail-box \" >\n\t\t\t\t        <div class=\"ngg-gallery-thumbnail\">\n            <a href=\"http:\/\/archiwum.muzeum-niepodleglosci.pl\/mauzoleum_szucha\/wp-content\/gallery\/wystawa-multimedialna\/Photo5.jpg\"\n               title=\"\"\n               data-src=\"http:\/\/archiwum.muzeum-niepodleglosci.pl\/mauzoleum_szucha\/wp-content\/gallery\/wystawa-multimedialna\/Photo5.jpg\"\n               data-thumbnail=\"http:\/\/archiwum.muzeum-niepodleglosci.pl\/mauzoleum_szucha\/wp-content\/gallery\/wystawa-multimedialna\/thumbs\/thumbs_Photo5.jpg\"\n               data-image-id=\"50\"\n               data-title=\"Photo5\"\n               data-description=\"\"\n               data-image-slug=\"image-5\"\n               class=\"shutterset_13febabdfea99f25c21b7b3c41e70268\">\n                <img\n                    title=\"Photo5\"\n                    alt=\"Photo5\"\n                    src=\"http:\/\/archiwum.muzeum-niepodleglosci.pl\/mauzoleum_szucha\/wp-content\/gallery\/wystawa-multimedialna\/thumbs\/thumbs_Photo5.jpg\"\n                    width=\"100\"\n                    height=\"75\"\n                    style=\"max-width:100%;\"\n                \/>\n            <\/a>\n        <\/div>\n\t\t\t\t\t\t\t<\/div> \n\t\t\t\n\t\t\t\t<div id=\"ngg-image-6\" class=\"ngg-gallery-thumbnail-box \" >\n\t\t\t\t        <div class=\"ngg-gallery-thumbnail\">\n            <a href=\"http:\/\/archiwum.muzeum-niepodleglosci.pl\/mauzoleum_szucha\/wp-content\/gallery\/wystawa-multimedialna\/Photo6.jpg\"\n               title=\"Fragment ekspozycji multimedialnej, MIEJSCA STRACE\u0143 1 SIERPNIA - 30 WRZE\u015aNIA. 1944 POWSTANIE WARSZAWSKIE. Oprac. Jan Rusi\u0144ski\"\n               data-src=\"http:\/\/archiwum.muzeum-niepodleglosci.pl\/mauzoleum_szucha\/wp-content\/gallery\/wystawa-multimedialna\/Photo6.jpg\"\n               data-thumbnail=\"http:\/\/archiwum.muzeum-niepodleglosci.pl\/mauzoleum_szucha\/wp-content\/gallery\/wystawa-multimedialna\/thumbs\/thumbs_Photo6.jpg\"\n               data-image-id=\"51\"\n               data-title=\"Fragment ekspozycji multimedialnej, MIEJSCA STRACE\u0143 1 SIERPNIA - 30 WRZE\u015aNIA. 1944 POWSTANIE WARSZAWSKIE. Oprac. Jan Rusi\u0144ski\"\n               data-description=\"Fragment ekspozycji multimedialnej, MIEJSCA STRACE\u0143 1 SIERPNIA - 30 WRZE\u015aNIA. 1944 POWSTANIE WARSZAWSKIE. Oprac. Jan Rusi\u0144ski\"\n               data-image-slug=\"fragment-ekspozycji-multimedialnej-miejsca-stracen-1-sierpnia-30-wrzesnia-1944-powstanie-warszawskie-oprac-jan-rusinski\"\n               class=\"shutterset_13febabdfea99f25c21b7b3c41e70268\">\n                <img\n                    title=\"Fragment ekspozycji multimedialnej, MIEJSCA STRACE\u0143 1 SIERPNIA - 30 WRZE\u015aNIA. 1944 POWSTANIE WARSZAWSKIE. Oprac. Jan Rusi\u0144ski\"\n                    alt=\"Fragment ekspozycji multimedialnej, MIEJSCA STRACE\u0143 1 SIERPNIA - 30 WRZE\u015aNIA. 1944 POWSTANIE WARSZAWSKIE. Oprac. Jan Rusi\u0144ski\"\n                    src=\"http:\/\/archiwum.muzeum-niepodleglosci.pl\/mauzoleum_szucha\/wp-content\/gallery\/wystawa-multimedialna\/thumbs\/thumbs_Photo6.jpg\"\n                    width=\"100\"\n                    height=\"75\"\n                    style=\"max-width:100%;\"\n                \/>\n            <\/a>\n        <\/div>\n\t\t\t\t\t\t\t<\/div> \n\t\t\t\n\t\t\t\t<div id=\"ngg-image-7\" class=\"ngg-gallery-thumbnail-box \" >\n\t\t\t\t        <div class=\"ngg-gallery-thumbnail\">\n            <a href=\"http:\/\/archiwum.muzeum-niepodleglosci.pl\/mauzoleum_szucha\/wp-content\/gallery\/wystawa-multimedialna\/Photo7.jpg\"\n               title=\"Fragment ekspozycji multimedialnej, MIEJSCA STRACE\u0143 1 SIERPNIA - 30 WRZE\u015aNIA. 1944 POWSTANIE WARSZAWSKIE. Oprac. Jan Rusi\u0144ski\"\n               data-src=\"http:\/\/archiwum.muzeum-niepodleglosci.pl\/mauzoleum_szucha\/wp-content\/gallery\/wystawa-multimedialna\/Photo7.jpg\"\n               data-thumbnail=\"http:\/\/archiwum.muzeum-niepodleglosci.pl\/mauzoleum_szucha\/wp-content\/gallery\/wystawa-multimedialna\/thumbs\/thumbs_Photo7.jpg\"\n               data-image-id=\"52\"\n               data-title=\"Fragment ekspozycji multimedialnej, MIEJSCA STRACE\u0143 1 SIERPNIA - 30 WRZE\u015aNIA. 1944 POWSTANIE WARSZAWSKIE. Oprac. Jan Rusi\u0144ski\"\n               data-description=\"Fragment ekspozycji multimedialnej, MIEJSCA STRACE\u0143 1 SIERPNIA - 30 WRZE\u015aNIA. 1944 POWSTANIE WARSZAWSKIE. Oprac. Jan Rusi\u0144ski\"\n               data-image-slug=\"fragment-ekspozycji-multimedialnej-miejsca-stracen-1-sierpnia-30-wrzesnia-1944-powstanie-warszawskie-oprac-jan-rusinski-2\"\n               class=\"shutterset_13febabdfea99f25c21b7b3c41e70268\">\n                <img\n                    title=\"Fragment ekspozycji multimedialnej, MIEJSCA STRACE\u0143 1 SIERPNIA - 30 WRZE\u015aNIA. 1944 POWSTANIE WARSZAWSKIE. Oprac. Jan Rusi\u0144ski\"\n                    alt=\"Fragment ekspozycji multimedialnej, MIEJSCA STRACE\u0143 1 SIERPNIA - 30 WRZE\u015aNIA. 1944 POWSTANIE WARSZAWSKIE. Oprac. Jan Rusi\u0144ski\"\n                    src=\"http:\/\/archiwum.muzeum-niepodleglosci.pl\/mauzoleum_szucha\/wp-content\/gallery\/wystawa-multimedialna\/thumbs\/thumbs_Photo7.jpg\"\n                    width=\"100\"\n                    height=\"75\"\n                    style=\"max-width:100%;\"\n                \/>\n            <\/a>\n        <\/div>\n\t\t\t\t\t\t\t<\/div> \n\t\t\t\n\t\t\t\t<div id=\"ngg-image-8\" class=\"ngg-gallery-thumbnail-box \" >\n\t\t\t\t        <div class=\"ngg-gallery-thumbnail\">\n            <a href=\"http:\/\/archiwum.muzeum-niepodleglosci.pl\/mauzoleum_szucha\/wp-content\/gallery\/wystawa-multimedialna\/Photo8.jpg\"\n               title=\"wystawa multimedialna aleja szucha - areszt \u015bledczy gestapo. fot. Z. Govenlock\"\n               data-src=\"http:\/\/archiwum.muzeum-niepodleglosci.pl\/mauzoleum_szucha\/wp-content\/gallery\/wystawa-multimedialna\/Photo8.jpg\"\n               data-thumbnail=\"http:\/\/archiwum.muzeum-niepodleglosci.pl\/mauzoleum_szucha\/wp-content\/gallery\/wystawa-multimedialna\/thumbs\/thumbs_Photo8.jpg\"\n               data-image-id=\"53\"\n               data-title=\"wystawa multimedialna aleja szucha - areszt \u015bledczy gestapo. fot. Z. Govenlock\"\n               data-description=\"wystawa multimedialna aleja szucha - areszt \u015bledczy gestapo. fot. Z. Govenlock\"\n               data-image-slug=\"wystawa-multimedialna-aleja-szucha-areszt-sledczy-gestapo-fot-z-govenlock-3\"\n               class=\"shutterset_13febabdfea99f25c21b7b3c41e70268\">\n                <img\n                    title=\"wystawa multimedialna aleja szucha - areszt \u015bledczy gestapo. fot. Z. Govenlock\"\n                    alt=\"wystawa multimedialna aleja szucha - areszt \u015bledczy gestapo. fot. Z. Govenlock\"\n                    src=\"http:\/\/archiwum.muzeum-niepodleglosci.pl\/mauzoleum_szucha\/wp-content\/gallery\/wystawa-multimedialna\/thumbs\/thumbs_Photo8.jpg\"\n                    width=\"100\"\n                    height=\"75\"\n                    style=\"max-width:100%;\"\n                \/>\n            <\/a>\n        <\/div>\n\t\t\t\t\t\t\t<\/div> \n\t\t\t\n\t\t\t\t<div id=\"ngg-image-9\" class=\"ngg-gallery-thumbnail-box \" >\n\t\t\t\t        <div class=\"ngg-gallery-thumbnail\">\n            <a href=\"http:\/\/archiwum.muzeum-niepodleglosci.pl\/mauzoleum_szucha\/wp-content\/gallery\/wystawa-multimedialna\/Photo9.jpg\"\n               title=\"wystawa multimedialna aleja szucha - areszt \u015bledczy gestapo. fot. Z. Govenlock\"\n               data-src=\"http:\/\/archiwum.muzeum-niepodleglosci.pl\/mauzoleum_szucha\/wp-content\/gallery\/wystawa-multimedialna\/Photo9.jpg\"\n               data-thumbnail=\"http:\/\/archiwum.muzeum-niepodleglosci.pl\/mauzoleum_szucha\/wp-content\/gallery\/wystawa-multimedialna\/thumbs\/thumbs_Photo9.jpg\"\n               data-image-id=\"54\"\n               data-title=\"wystawa multimedialna aleja szucha - areszt \u015bledczy gestapo. fot. Z. Govenlock\"\n               data-description=\"wystawa multimedialna aleja szucha - areszt \u015bledczy gestapo. fot. Z. Govenlock\"\n               data-image-slug=\"wystawa-multimedialna-aleja-szucha-areszt-sledczy-gestapo-fot-z-govenlock-4\"\n               class=\"shutterset_13febabdfea99f25c21b7b3c41e70268\">\n                <img\n                    title=\"wystawa multimedialna aleja szucha - areszt \u015bledczy gestapo. fot. Z. Govenlock\"\n                    alt=\"wystawa multimedialna aleja szucha - areszt \u015bledczy gestapo. fot. Z. Govenlock\"\n                    src=\"http:\/\/archiwum.muzeum-niepodleglosci.pl\/mauzoleum_szucha\/wp-content\/gallery\/wystawa-multimedialna\/thumbs\/thumbs_Photo9.jpg\"\n                    width=\"100\"\n                    height=\"75\"\n                    style=\"max-width:100%;\"\n                \/>\n            <\/a>\n        <\/div>\n\t\t\t\t\t\t\t<\/div> \n\t\t\t\n\t\n\t<br style=\"clear: both\" \/>\n\n\t\t<div class=\"slideshowlink\">\n        <a href='http:\/\/archiwum.muzeum-niepodleglosci.pl\/mauzoleum_szucha\/ekspozycja\/ekspozycja-multimedialna\/nggallery\/slideshow'>[Pokaz slajd\u00f3w]<\/a>\n\t\t\n\t<\/div>\n\t\n\t\t<!-- Pagination -->\n\t<div class='ngg-clear'><\/div>\t<\/div>\n<\/strong><\/p>\n","protected":false},"excerpt":{"rendered":"<p>WYSTAWA MULTIMEDIALNA \u201eALEJA SZUCHA \u2013 ARESZT \u015aLEDCZY GESTAPO\u201d \u00a017 II 2008 udost\u0119pniono now\u0105 ekspozycj\u0119, wed\u0142ug scenariusza Magdaleny Wolanowskiej, Joanny Gierczy\u0144skiej i Witolda \u017barnowskiego w oprawie graficznej projektu \u017banety Govenlock i Violetty Dami\u0119ckiej. Wizualizacj\u0119 i ud\u017awi\u0119kowienie etiudy wprowadzaj\u0105cej Twarze zam\u0119czonych w &hellip; <a href=\"http:\/\/archiwum.muzeum-niepodleglosci.pl\/mauzoleum_szucha\/ekspozycja\/ekspozycja-multimedialna\/\">Czytaj dalej <span class=\"meta-nav\">&rarr;<\/span><\/a><\/p>\n","protected":false},"author":1,"featured_media":0,"parent":20,"menu_order":0,"comment_status":"open","ping_status":"open","template":"","meta":{"ngg_post_thumbnail":0},"aioseo_notices":[],"_links":{"self":[{"href":"http:\/\/archiwum.muzeum-niepodleglosci.pl\/mauzoleum_szucha\/wp-json\/wp\/v2\/pages\/35"}],"collection":[{"href":"http:\/\/archiwum.muzeum-niepodleglosci.pl\/mauzoleum_szucha\/wp-json\/wp\/v2\/pages"}],"about":[{"href":"http:\/\/archiwum.muzeum-niepodleglosci.pl\/mauzoleum_szucha\/wp-json\/wp\/v2\/types\/page"}],"author":[{"embeddable":true,"href":"http:\/\/archiwum.muzeum-niepodleglosci.pl\/mauzoleum_szucha\/wp-json\/wp\/v2\/users\/1"}],"replies":[{"embeddable":true,"href":"http:\/\/archiwum.muzeum-niepodleglosci.pl\/mauzoleum_szucha\/wp-json\/wp\/v2\/comments?post=35"}],"version-history":[{"count":5,"href":"http:\/\/archiwum.muzeum-niepodleglosci.pl\/mauzoleum_szucha\/wp-json\/wp\/v2\/pages\/35\/revisions"}],"predecessor-version":[{"id":134,"href":"http:\/\/archiwum.muzeum-niepodleglosci.pl\/mauzoleum_szucha\/wp-json\/wp\/v2\/pages\/35\/revisions\/134"}],"up":[{"embeddable":true,"href":"http:\/\/archiwum.muzeum-niepodleglosci.pl\/mauzoleum_szucha\/wp-json\/wp\/v2\/pages\/20"}],"wp:attachment":[{"href":"http:\/\/archiwum.muzeum-niepodleglosci.pl\/mauzoleum_szucha\/wp-json\/wp\/v2\/media?parent=35"}],"curies":[{"name":"wp","href":"https:\/\/api.w.org\/{rel}","templated":true}]}}