{"id":295,"date":"2012-11-23T15:45:28","date_gmt":"2012-11-23T14:45:28","guid":{"rendered":"http:\/\/muzeum-niepodleglosci.home.pl\/mauzoleum_szucha\/?page_id=295"},"modified":"2012-11-23T15:51:53","modified_gmt":"2012-11-23T14:51:53","slug":"w-okresie-powstania-warszawskiego","status":"publish","type":"page","link":"http:\/\/archiwum.muzeum-niepodleglosci.pl\/mauzoleum_szucha\/w-okresie-powstania-warszawskiego\/","title":{"rendered":"W okresie Powstania Warszawskiego"},"content":{"rendered":"<p style=\"text-align: center;\"><strong>W OKRESIE POWSTANIA WARSZAWSKIEGO<\/strong><\/p>\n<p style=\"text-align: justify;\">W czasie powstania warszawskiego budynek przy Szucha 25 pe\u0142ni\u0142 rol\u0119 punktu rozdzielczego dla ludno\u015bci z po\u0142udniowych, zaj\u0119tych przez Niemc\u00f3w dzielnic Warszawy. Ludzi st\u0142oczono w celach, przyleg\u0142ych korytarzach i na podw\u00f3rzu gmachu. Przebywaj\u0105cy tu nie byli nigdzie rejestrowani i w du\u017cej cz\u0119\u015bci zostali zamordowani na podw\u00f3rzu budynku, tak\u017ce w zburzonym w 1939 roku gmachu Generalnego Inspektoratu Si\u0142 Zbrojnych (obecnie Kancelaria Prezesa Rady Ministr\u00f3w) i na przyleg\u0142ych posesjach. Z cz\u0119\u015bci sformowano \u017cywe tarcze dla szturmuj\u0105cych powsta\u0144cze barykady oddzia\u0142\u00f3w hitlerowskich. Pozosta\u0142ych wywieziono do obozu przej\u015bciowego w Pruszkowie, sk\u0105d skierowani zostali do oboz\u00f3w koncentracyjnych, cz\u0119\u015b\u0107 na roboty przymusowe w g\u0142\u0105b Niemiec, innych, zw\u0142aszcza osoby starsze, kobiety i dzieci, rozmieszczono w r\u00f3\u017cnych miejscowo\u015bciach Generalnego Gubernatorstwa. O rozmiarze dokonanych tu zbrodni \u015bwiadczy informacja zawarta w Protokole Okr\u0119gowej Komisji Badania Zbrodni Niemieckich w Warszawie z czerwca 1946 roku, \u017ce odnalezione po wyparciu Niemc\u00f3w w piwnicach Generalnego Inspektoratu Si\u0142 Zbrojnych, gdzie Niemcy urz\u0105dzili prowizoryczne krematorium, prochy ludzkie wa\u017cy\u0142y 5578,5 kg.<\/p>\n<p style=\"text-align: justify;\">W pocz\u0105tkach wrze\u015bnia 1944 roku komendant i wi\u0119kszo\u015b\u0107 funkcjonariuszy ewakuowa\u0142a si\u0119 do Sochaczewa, pozostawiaj\u0105c w Warszawie tylko niewielki oddzia\u0142 do zada\u0144 wywiadowczych. Niewyja\u015bniony w pe\u0142ni jest los archiwum Urz\u0119du Komendanta Policji Bezpiecze\u0144stwa i S\u0142u\u017cby Bezpiecze\u0144stwa Dystryktu Warszawskiego, kt\u00f3rego po wojnie nie odnaleziono.<\/p>\n","protected":false},"excerpt":{"rendered":"<p>W OKRESIE POWSTANIA WARSZAWSKIEGO W czasie powstania warszawskiego budynek przy Szucha 25 pe\u0142ni\u0142 rol\u0119 punktu rozdzielczego dla ludno\u015bci z po\u0142udniowych, zaj\u0119tych przez Niemc\u00f3w dzielnic Warszawy. Ludzi st\u0142oczono w celach, przyleg\u0142ych korytarzach i na podw\u00f3rzu gmachu. Przebywaj\u0105cy tu nie byli nigdzie &hellip; <a href=\"http:\/\/archiwum.muzeum-niepodleglosci.pl\/mauzoleum_szucha\/w-okresie-powstania-warszawskiego\/\">Czytaj dalej <span class=\"meta-nav\">&rarr;<\/span><\/a><\/p>\n","protected":false},"author":1,"featured_media":0,"parent":0,"menu_order":0,"comment_status":"open","ping_status":"open","template":"","meta":{"ngg_post_thumbnail":0},"aioseo_notices":[],"_links":{"self":[{"href":"http:\/\/archiwum.muzeum-niepodleglosci.pl\/mauzoleum_szucha\/wp-json\/wp\/v2\/pages\/295"}],"collection":[{"href":"http:\/\/archiwum.muzeum-niepodleglosci.pl\/mauzoleum_szucha\/wp-json\/wp\/v2\/pages"}],"about":[{"href":"http:\/\/archiwum.muzeum-niepodleglosci.pl\/mauzoleum_szucha\/wp-json\/wp\/v2\/types\/page"}],"author":[{"embeddable":true,"href":"http:\/\/archiwum.muzeum-niepodleglosci.pl\/mauzoleum_szucha\/wp-json\/wp\/v2\/users\/1"}],"replies":[{"embeddable":true,"href":"http:\/\/archiwum.muzeum-niepodleglosci.pl\/mauzoleum_szucha\/wp-json\/wp\/v2\/comments?post=295"}],"version-history":[{"count":5,"href":"http:\/\/archiwum.muzeum-niepodleglosci.pl\/mauzoleum_szucha\/wp-json\/wp\/v2\/pages\/295\/revisions"}],"predecessor-version":[{"id":297,"href":"http:\/\/archiwum.muzeum-niepodleglosci.pl\/mauzoleum_szucha\/wp-json\/wp\/v2\/pages\/295\/revisions\/297"}],"wp:attachment":[{"href":"http:\/\/archiwum.muzeum-niepodleglosci.pl\/mauzoleum_szucha\/wp-json\/wp\/v2\/media?parent=295"}],"curies":[{"name":"wp","href":"https:\/\/api.w.org\/{rel}","templated":true}]}}