{"id":14,"date":"2012-11-10T19:30:32","date_gmt":"2012-11-10T18:30:32","guid":{"rendered":"http:\/\/muzeum-niepodleglosci.home.pl\/mauzoleum_szucha\/?page_id=14"},"modified":"2012-11-21T14:46:10","modified_gmt":"2012-11-21T13:46:10","slug":"dzielnica-policyjna","status":"publish","type":"page","link":"http:\/\/archiwum.muzeum-niepodleglosci.pl\/mauzoleum_szucha\/al-szucha-w-okresie-ii-wojny-swiatowej\/dzielnica-policyjna\/","title":{"rendered":"Dzielnica policyjna w okresie okupacji"},"content":{"rendered":"<p align=\"CENTER\"><span style=\"font-size: large;\"><strong>DZIELNICA POLICYJNA W OKRESIE OKUPACJI<\/strong><\/span><\/p>\n<p align=\"JUSTIFY\"><span style=\"font-size: medium;\">W pierwszych tygodniach okupacji w al. Szucha zainstalowa\u0142y si\u0119 urz\u0119dy niemieckiej policji politycznej, kryminalnej i porz\u0105dkowej na obszar dystryktu warszawskiego, a okoliczne budynki zaj\u0119to na potrzeby policji i SS oraz na mieszkania dla funkcjonariuszy niemieckich. Budynek Ministerstwa Wyzna\u0144 Religijnych i O\u015bwiecenia Publicznego przy al. Szucha 25 oddano policji bezpiecze\u0144stwa, a w s\u0105siednim gmachu Najwy\u017cszej Izby Kontroli Pa\u0144stwa przy Szucha 23 zorganizowano Komend\u0119 Policji Porz\u0105dkowej (Orpo) i Komend\u0119 \u017bandarmerii. Przy al. Szucha mie\u015bci\u0142 si\u0119 te\u017c komisariat policji, niemieckie ambulatorium lekarskie, a w pobli\u017cu pl. Na Rozdro\u017cu kasyno (dawne kasyno garnizonowe). Okoliczne budynki zaj\u0119to na potrzeby policji i SS oraz na mieszkania dla funkcjonariuszy niemieckich. Na ca\u0142ym obszarze utworzono dzielnic\u0119 policyjn\u0105, kt\u00f3r\u0105 na pocz\u0105tku 1940 zamkni\u0119to dla ludno\u015bci polskiej, a w 1943 ca\u0142kowicie odgrodzono od reszty miasta zasiekami, tzw. koz\u0142ami hiszpa\u0144skimi. W 1941 przemianowano al. Szucha na Strasse der Polizei (ulica Policyjna).<\/span><\/p>\n\n\n\t<div class='ngg-imagebrowser default-view'\n         id='ngg-imagebrowser-3d54c7169ba1c8d9da01fbb747f24366-14'\n         data-nextgen-gallery-id=\"3d54c7169ba1c8d9da01fbb747f24366\">\n\n        <h3>aleja  szucha zost\u0142a przemianowana przez w\u0142adze niemieckie w 1941 roku na strasse der polize - ulica policyjna<\/h3>\n\n\t\t<div id=\"ngg-image-0\" class=\"pic\" >\n        \n        <a href='http:\/\/archiwum.muzeum-niepodleglosci.pl\/mauzoleum_szucha\/wp-content\/gallery\/dzielnica-policyjna-w-okresie-okupacji\/zd1.jpg'\n           title=' '\n           data-src=\"http:\/\/archiwum.muzeum-niepodleglosci.pl\/mauzoleum_szucha\/wp-content\/gallery\/dzielnica-policyjna-w-okresie-okupacji\/zd1.jpg\"\n           data-thumbnail=\"http:\/\/archiwum.muzeum-niepodleglosci.pl\/mauzoleum_szucha\/wp-content\/gallery\/dzielnica-policyjna-w-okresie-okupacji\/thumbs\/thumbs_zd1.jpg\"\n           data-image-id=\"71\"\n           data-title=\"aleja  szucha zost\u0142a przemianowana przez w\u0142adze niemieckie w 1941 roku na strasse der polize - ulica policyjna\"\n           data-description=\" \"\n           class=\"shutterset_3d54c7169ba1c8d9da01fbb747f24366\">\n            <img title='aleja  szucha zost\u0142a przemianowana przez w\u0142adze niemieckie w 1941 roku na strasse der polize - ulica policyjna'\n                 alt='aleja  szucha zost\u0142a przemianowana przez w\u0142adze niemieckie w 1941 roku na strasse der polize - ulica policyjna'\n                 src='http:\/\/archiwum.muzeum-niepodleglosci.pl\/mauzoleum_szucha\/wp-content\/gallery\/dzielnica-policyjna-w-okresie-okupacji\/zd1.jpg'\/>\n        <\/a>\n\t    \n        <\/div> \n\n        <div class='ngg-imagebrowser-nav'>\n\n            <div class='back'>\n                <a class='ngg-browser-prev'\n                   id='ngg-prev-74'\n                   href='http:\/\/archiwum.muzeum-niepodleglosci.pl\/mauzoleum_szucha\/al-szucha-w-okresie-ii-wojny-swiatowej\/dzielnica-policyjna\/nggallery\/image\/zasiek-w-al-szucha-przy-pl-unii-lubelskiej-muzeum-niepodleglosci-fot-s-baluk-1944\/'>\n                    <i class=\"fa fa-chevron-left\" aria-hidden=\"true\"><\/i>\n                <\/a>\n            <\/div>\n\n            <div class='next'>\n                <a class='ngg-browser-next'\n                   id='ngg-next-72'\n                   href='http:\/\/archiwum.muzeum-niepodleglosci.pl\/mauzoleum_szucha\/al-szucha-w-okresie-ii-wojny-swiatowej\/dzielnica-policyjna\/nggallery\/image\/gmach-ministerstwa-wyznan-religijnych-i-oswiecenia-publicznego-w-l-30warszawa-stolica-polski-w-1949\/'>\n                    <i class=\"fa fa-chevron-right\" aria-hidden=\"true\"><\/i>\n                <\/a>\n            <\/div>\n\n            <div class='counter'>\n                Zdj\u0119cie                1                z                3            <\/div>\n\n            <div class='ngg-imagebrowser-desc'>\n                <p> <\/p>\n            <\/div>\n\n        <\/div>\n    <\/div>\n\n\n","protected":false},"excerpt":{"rendered":"<p>DZIELNICA POLICYJNA W OKRESIE OKUPACJI W pierwszych tygodniach okupacji w al. Szucha zainstalowa\u0142y si\u0119 urz\u0119dy niemieckiej policji politycznej, kryminalnej i porz\u0105dkowej na obszar dystryktu warszawskiego, a okoliczne budynki zaj\u0119to na potrzeby policji i SS oraz na mieszkania dla funkcjonariuszy niemieckich. &hellip; <a href=\"http:\/\/archiwum.muzeum-niepodleglosci.pl\/mauzoleum_szucha\/al-szucha-w-okresie-ii-wojny-swiatowej\/dzielnica-policyjna\/\">Czytaj dalej <span class=\"meta-nav\">&rarr;<\/span><\/a><\/p>\n","protected":false},"author":1,"featured_media":0,"parent":12,"menu_order":0,"comment_status":"open","ping_status":"open","template":"","meta":{"ngg_post_thumbnail":0},"aioseo_notices":[],"_links":{"self":[{"href":"http:\/\/archiwum.muzeum-niepodleglosci.pl\/mauzoleum_szucha\/wp-json\/wp\/v2\/pages\/14"}],"collection":[{"href":"http:\/\/archiwum.muzeum-niepodleglosci.pl\/mauzoleum_szucha\/wp-json\/wp\/v2\/pages"}],"about":[{"href":"http:\/\/archiwum.muzeum-niepodleglosci.pl\/mauzoleum_szucha\/wp-json\/wp\/v2\/types\/page"}],"author":[{"embeddable":true,"href":"http:\/\/archiwum.muzeum-niepodleglosci.pl\/mauzoleum_szucha\/wp-json\/wp\/v2\/users\/1"}],"replies":[{"embeddable":true,"href":"http:\/\/archiwum.muzeum-niepodleglosci.pl\/mauzoleum_szucha\/wp-json\/wp\/v2\/comments?post=14"}],"version-history":[{"count":8,"href":"http:\/\/archiwum.muzeum-niepodleglosci.pl\/mauzoleum_szucha\/wp-json\/wp\/v2\/pages\/14\/revisions"}],"predecessor-version":[{"id":237,"href":"http:\/\/archiwum.muzeum-niepodleglosci.pl\/mauzoleum_szucha\/wp-json\/wp\/v2\/pages\/14\/revisions\/237"}],"up":[{"embeddable":true,"href":"http:\/\/archiwum.muzeum-niepodleglosci.pl\/mauzoleum_szucha\/wp-json\/wp\/v2\/pages\/12"}],"wp:attachment":[{"href":"http:\/\/archiwum.muzeum-niepodleglosci.pl\/mauzoleum_szucha\/wp-json\/wp\/v2\/media?parent=14"}],"curies":[{"name":"wp","href":"https:\/\/api.w.org\/{rel}","templated":true}]}}