{"id":10,"date":"2012-11-10T19:28:55","date_gmt":"2012-11-10T18:28:55","guid":{"rendered":"http:\/\/muzeum-niepodleglosci.home.pl\/mauzoleum_szucha\/?page_id=10"},"modified":"2012-12-27T14:29:39","modified_gmt":"2012-12-27T13:29:39","slug":"wystawa-z-1964-roku","status":"publish","type":"page","link":"http:\/\/archiwum.muzeum-niepodleglosci.pl\/mauzoleum_szucha\/historia-mauzoleum\/wystawa-z-1964-roku\/","title":{"rendered":"Wystawa z 1964 roku"},"content":{"rendered":"<p style=\"text-align: center;\"><strong>WYSTAWA Z 1964 ROKU<\/strong><\/p>\n<p style=\"text-align: justify;\">1 lipca 1964 otwarto now\u0105 ekspozycj\u0119 wg scenariusza\u00a0 Marii Rutkiewicz i Zofii Tkacz oraz projektu plastycznego Barbary Cybulskiej, a w pa\u017adzierniku tego roku, jako cz\u0119\u015b\u0107 Oddzia\u0142u Pawiak i Aleja Szucha, Mauzoleum zosta\u0142o w\u0142\u0105czone do Muzeum Historii Polskiego Ruchu Rewolucyjnego. Na podstawie wspomnie\u0144 by\u0142ych wi\u0119\u017ani\u00f3w odtworzono cele i pok\u00f3j dy\u017curnego gestapowca, a w korytarzu obok ustawiono st\u00f3\u0142 z radiem (gestapowcy w podczas przes\u0142ucha\u0144 na wy\u017cszych kondygnacjach w\u0142\u0105czali na ca\u0142y regulator odbiornik, aby zag\u0142usza\u0142 krzyki torturowanych). W korytarzu r\u00f3wnoleg\u0142ym do korytarza przy celach izolacyjnych urz\u0105dzono wystaw\u0119, na kt\u00f3rej pokazano struktur\u0119\u00a0 hitlerowskiej policji politycznej w Warszawie, niemieckie obwieszczenia o egzekucjach, nieliczne dokumenty osobowe wi\u0119\u017ani\u00f3w. Westybul r\u00f3wnie\u017c ca\u0142kowicie zmieniono, na wprost wej\u015bcia umieszczono napis z izolatki nr 6, kt\u00f3ry sta\u0142 si\u0119 mottem Mauzoleum:<\/p>\n<p style=\"text-align: center;\"><strong>\u0141atwo jest m\u00f3wi\u0107 o Polsce<\/strong><\/p>\n<p style=\"text-align: center;\"><strong>Trudniej dla niej pracowa\u0107<\/strong><\/p>\n<p style=\"text-align: center;\"><strong>Jeszcze trudniej umrze\u0107<\/strong><\/p>\n<p style=\"text-align: center;\"><strong>A najtrudniej cierpie\u0107.<\/strong><\/p>\n<p style=\"text-align: justify;\">Napis otacza\u0142a konstrukcja z rur gazowych z wiecznie pal\u0105cymi si\u0119 p\u0142omieniami (w 1988 ze wzgl\u0119d\u00f3w bezpiecze\u0144stwa zamieniono je na lampy elektryczne). Po kilku latach umieszczono na pod\u0142odze poni\u017cej p\u0142yt\u0119 z czarnego marmuru z urnami zawieraj\u0105cymi prochy pomordowanych z oboz\u00f3w koncentracyjnych Auschwitz-Birkenau, Majdanka, Mauthausen-Gusen i Gross-Rosen. Ekspozycja w takim kszta\u0142cie dotrwa\u0142a do 2007 roku, jedynie w 1990 roku dodano fotografie ofiar gestapo reprezentuj\u0105cych inne ni\u017c komunistyczny nurty polityczne. W 1988 roku i w latach 2006-2007 przeprowadzono konserwacj\u0119 znajduj\u0105cych si\u0119 w nich inskrypcji pozostawionych przez wi\u0119\u017ani\u00f3w. Od roku 1990 Mauzoleum Walki i M\u0119cze\u0144stwa jest plac\u00f3wk\u0105 Muzeum Niepodleg\u0142o\u015bci.<\/p>\n\n\n\t<div class='ngg-imagebrowser default-view'\n         id='ngg-imagebrowser-24b11f5c12ad079b7de024ba14f0982b-10'\n         data-nextgen-gallery-id=\"24b11f5c12ad079b7de024ba14f0982b\">\n\n        <h3>Fragment ekspozycji z 1964 roku_Muzeum Niepodleg\u0142o\u015bci<\/h3>\n\n\t\t<div id=\"ngg-image-0\" class=\"pic\" >\n        \n        <a href='http:\/\/archiwum.muzeum-niepodleglosci.pl\/mauzoleum_szucha\/wp-content\/gallery\/wystawa-z-1964-roku\/zd1.jpg'\n           title=' '\n           data-src=\"http:\/\/archiwum.muzeum-niepodleglosci.pl\/mauzoleum_szucha\/wp-content\/gallery\/wystawa-z-1964-roku\/zd1.jpg\"\n           data-thumbnail=\"http:\/\/archiwum.muzeum-niepodleglosci.pl\/mauzoleum_szucha\/wp-content\/gallery\/wystawa-z-1964-roku\/thumbs\/thumbs_zd1.jpg\"\n           data-image-id=\"64\"\n           data-title=\"Fragment ekspozycji z 1964 roku_Muzeum Niepodleg\u0142o\u015bci\"\n           data-description=\" \"\n           class=\"shutterset_24b11f5c12ad079b7de024ba14f0982b\">\n            <img title='Fragment ekspozycji z 1964 roku_Muzeum Niepodleg\u0142o\u015bci'\n                 alt='Fragment ekspozycji z 1964 roku_Muzeum Niepodleg\u0142o\u015bci'\n                 src='http:\/\/archiwum.muzeum-niepodleglosci.pl\/mauzoleum_szucha\/wp-content\/gallery\/wystawa-z-1964-roku\/zd1.jpg'\/>\n        <\/a>\n\t    \n        <\/div> \n\n        <div class='ngg-imagebrowser-nav'>\n\n            <div class='back'>\n                <a class='ngg-browser-prev'\n                   id='ngg-prev-67'\n                   href='http:\/\/archiwum.muzeum-niepodleglosci.pl\/mauzoleum_szucha\/historia-mauzoleum\/wystawa-z-1964-roku\/nggallery\/image\/fragment-ekspozycji-z-1964-roku_muzeum-niepodleglosci-3\/'>\n                    <i class=\"fa fa-chevron-left\" aria-hidden=\"true\"><\/i>\n                <\/a>\n            <\/div>\n\n            <div class='next'>\n                <a class='ngg-browser-next'\n                   id='ngg-next-65'\n                   href='http:\/\/archiwum.muzeum-niepodleglosci.pl\/mauzoleum_szucha\/historia-mauzoleum\/wystawa-z-1964-roku\/nggallery\/image\/fragment-ekspozycji-z-1964-roku_muzeum-niepodleglosci-2\/'>\n                    <i class=\"fa fa-chevron-right\" aria-hidden=\"true\"><\/i>\n                <\/a>\n            <\/div>\n\n            <div class='counter'>\n                Zdj\u0119cie                1                z                4            <\/div>\n\n            <div class='ngg-imagebrowser-desc'>\n                <p> <\/p>\n            <\/div>\n\n        <\/div>\n    <\/div>\n\n\n","protected":false},"excerpt":{"rendered":"<p>WYSTAWA Z 1964 ROKU 1 lipca 1964 otwarto now\u0105 ekspozycj\u0119 wg scenariusza\u00a0 Marii Rutkiewicz i Zofii Tkacz oraz projektu plastycznego Barbary Cybulskiej, a w pa\u017adzierniku tego roku, jako cz\u0119\u015b\u0107 Oddzia\u0142u Pawiak i Aleja Szucha, Mauzoleum zosta\u0142o w\u0142\u0105czone do Muzeum Historii &hellip; <a href=\"http:\/\/archiwum.muzeum-niepodleglosci.pl\/mauzoleum_szucha\/historia-mauzoleum\/wystawa-z-1964-roku\/\">Czytaj dalej <span class=\"meta-nav\">&rarr;<\/span><\/a><\/p>\n","protected":false},"author":1,"featured_media":0,"parent":4,"menu_order":0,"comment_status":"open","ping_status":"open","template":"","meta":{"ngg_post_thumbnail":0},"aioseo_notices":[],"_links":{"self":[{"href":"http:\/\/archiwum.muzeum-niepodleglosci.pl\/mauzoleum_szucha\/wp-json\/wp\/v2\/pages\/10"}],"collection":[{"href":"http:\/\/archiwum.muzeum-niepodleglosci.pl\/mauzoleum_szucha\/wp-json\/wp\/v2\/pages"}],"about":[{"href":"http:\/\/archiwum.muzeum-niepodleglosci.pl\/mauzoleum_szucha\/wp-json\/wp\/v2\/types\/page"}],"author":[{"embeddable":true,"href":"http:\/\/archiwum.muzeum-niepodleglosci.pl\/mauzoleum_szucha\/wp-json\/wp\/v2\/users\/1"}],"replies":[{"embeddable":true,"href":"http:\/\/archiwum.muzeum-niepodleglosci.pl\/mauzoleum_szucha\/wp-json\/wp\/v2\/comments?post=10"}],"version-history":[{"count":4,"href":"http:\/\/archiwum.muzeum-niepodleglosci.pl\/mauzoleum_szucha\/wp-json\/wp\/v2\/pages\/10\/revisions"}],"predecessor-version":[{"id":392,"href":"http:\/\/archiwum.muzeum-niepodleglosci.pl\/mauzoleum_szucha\/wp-json\/wp\/v2\/pages\/10\/revisions\/392"}],"up":[{"embeddable":true,"href":"http:\/\/archiwum.muzeum-niepodleglosci.pl\/mauzoleum_szucha\/wp-json\/wp\/v2\/pages\/4"}],"wp:attachment":[{"href":"http:\/\/archiwum.muzeum-niepodleglosci.pl\/mauzoleum_szucha\/wp-json\/wp\/v2\/media?parent=10"}],"curies":[{"name":"wp","href":"https:\/\/api.w.org\/{rel}","templated":true}]}}